{"id":28514,"date":"2025-02-20T23:30:07","date_gmt":"2025-02-20T22:30:07","guid":{"rendered":"http:\/\/olemosaic.com\/producto\/bol-de-coco-de-corazones-flamenco\/"},"modified":"2025-07-25T19:08:09","modified_gmt":"2025-07-25T17:08:09","slug":"bol-noix-de-coco-coeurs-flamenco","status":"publish","type":"product","link":"https:\/\/olemosaic.com\/fr\/produit\/bol-noix-de-coco-coeurs-flamenco\/","title":{"rendered":"Bol en noix de coco c\u0153urs. Flamenco."},"content":{"rendered":"<p>Ce bol en noix de coco d\u00e9cor\u00e9 de c\u0153urs est un exemple exquis de l&rsquo;artisanat andalou, offrant un design vibrant et unique qui capture l&rsquo;essence du folklore espagnol. De conception artisanale, ce bol \u00e9l\u00e9gant pr\u00e9sente une mosa\u00efque de couleurs formant des c\u0153urs dans des tons bleus et orang\u00e9s, qui contrastent magnifiquement sur un fond clair soulignant la luminosit\u00e9 de la pi\u00e8ce. Au centre se trouve une illustration complexe de deux flamants roses dans une posture romantique, symbolisant l&rsquo;\u00e9l\u00e9gance et l&rsquo;esprit de la culture andalouse, \u00e9voquant les traditions de danse et d&rsquo;art de la r\u00e9gion.<\/p>\n<p>La finition brillante du bol rehausse sa beaut\u00e9, permettant \u00e0 chaque d\u00e9tail d\u00e9coratif de briller de sa propre lumi\u00e8re, ce qui en fait un \u00e9l\u00e9ment attrayant, tant d\u00e9coratif que fonctionnel, dans n&rsquo;importe quelle maison. Ce bol n&rsquo;est pas seulement une preuve de savoir-faire artisanal, mais aussi un souvenir repr\u00e9sentatif qui permet aux touristes d&#8217;emporter avec eux un morceau d&rsquo;Andalousie.<\/p>\n<p>Parfait pour les boutiques de cadeaux touristiques, ce bol en noix de coco se positionne comme un souvenir authentique et significatif qui captera l&rsquo;attention de ceux qui recherchent une connexion culturelle avec l&rsquo;Espagne. Chez Ol\u00e9 Mosaic, nous nous sp\u00e9cialisons dans la distribution de souvenirs en gros, garantissant que chaque produit, comme ce bol de c\u0153urs, refl\u00e8te la qualit\u00e9, l&rsquo;authenticit\u00e9 et le riche patrimoine de nos traditions.<\/p>\n","protected":false},"excerpt":{"rendered":"<p>Bol en noix de coco d\u00e9cor\u00e9 de c\u0153urs, inspir\u00e9 du folklore andalou. Ce bol \u00e9l\u00e9gant pr\u00e9sente un design tr\u00e8s sp\u00e9cial avec des mosa\u00efques de c\u0153urs dans des tons bleus et orang\u00e9s, contrastant avec le fond clair. Au centre, deux flamants roses dans une posture \u00e9l\u00e9gante repr\u00e9sentent l&rsquo;essence de la culture espagnole. Fabriqu\u00e9 \u00e0 la main, il se distingue par sa finition brillante qui souligne la beaut\u00e9 de ses d\u00e9tails d\u00e9coratifs. Id\u00e9al comme \u00e9l\u00e9ment d\u00e9coratif ou fonctionnel dans n&rsquo;importe quelle maison.<\/p>\n","protected":false},"featured_media":13488,"template":"","meta":{"_acf_changed":false},"product_brand":[],"product_cat":[521],"product_tag":[530],"class_list":{"0":"post-28514","1":"product","2":"type-product","3":"status-publish","4":"has-post-thumbnail","6":"product_cat-bols","7":"product_tag-animaux","8":"pa_motivo-flamants-roses","10":"first","11":"instock","12":"shipping-taxable","13":"product-type-simple"},"acf":[],"_links":{"self":[{"href":"https:\/\/olemosaic.com\/fr\/wp-json\/wp\/v2\/product\/28514","targetHints":{"allow":["GET"]}}],"collection":[{"href":"https:\/\/olemosaic.com\/fr\/wp-json\/wp\/v2\/product"}],"about":[{"href":"https:\/\/olemosaic.com\/fr\/wp-json\/wp\/v2\/types\/product"}],"wp:featuredmedia":[{"embeddable":true,"href":"https:\/\/olemosaic.com\/fr\/wp-json\/wp\/v2\/media\/13488"}],"wp:attachment":[{"href":"https:\/\/olemosaic.com\/fr\/wp-json\/wp\/v2\/media?parent=28514"}],"wp:term":[{"taxonomy":"product_brand","embeddable":true,"href":"https:\/\/olemosaic.com\/fr\/wp-json\/wp\/v2\/product_brand?post=28514"},{"taxonomy":"product_cat","embeddable":true,"href":"https:\/\/olemosaic.com\/fr\/wp-json\/wp\/v2\/product_cat?post=28514"},{"taxonomy":"product_tag","embeddable":true,"href":"https:\/\/olemosaic.com\/fr\/wp-json\/wp\/v2\/product_tag?post=28514"}],"curies":[{"name":"wp","href":"https:\/\/api.w.org\/{rel}","templated":true}]}}