{"id":28508,"date":"2025-02-20T22:30:07","date_gmt":"2025-02-20T22:30:07","guid":{"rendered":"http:\/\/olemosaic.com\/producto\/bol-de-coco-de-corazones-tortuga-barcelona\/"},"modified":"2025-07-25T20:30:09","modified_gmt":"2025-07-25T18:30:09","slug":"bol-noix-de-coco-coeurs-tortue-barcelone","status":"publish","type":"product","link":"https:\/\/olemosaic.com\/fr\/produit\/bol-noix-de-coco-coeurs-tortue-barcelone\/","title":{"rendered":"Bol en noix de coco avec c\u0153urs. Tortue. Barcelone."},"content":{"rendered":"<p>Ce bol en noix de coco d\u00e9cor\u00e9 de c\u0153urs est un article artisanal exquis qui capture l&rsquo;essence vibrante de Barcelone. Avec un design complexe et color\u00e9, ce bol pr\u00e9sente une combinaison de tons chauds et frais qui lui conf\u00e8rent un attrait singulier. Au centre, se d\u00e9tache la figure d&rsquo;une tortue, esp\u00e8ce symbolique de la vie marine, entour\u00e9e de c\u0153urs de diff\u00e9rentes couleurs qui apportent une touche de joie et d&rsquo;amour. L&rsquo;inscription \u00ab\u00a0Barcelona\u00a0\u00bb compl\u00e8te l&rsquo;esth\u00e9tique, ancrant l&rsquo;objet dans son contexte culturel et en faisant un souvenir repr\u00e9sentatif de la ville.<\/p>\n<p>Le bol est fabriqu\u00e9 \u00e0 partir de coque de noix de coco, un mat\u00e9riau \u00e9cologique qui souligne son authenticit\u00e9 et son lien avec la nature. Chaque pi\u00e8ce est unique, refl\u00e9tant l&rsquo;artisanat local et le soin apport\u00e9 \u00e0 sa fabrication. Ce souvenir n&rsquo;est pas seulement fonctionnel, id\u00e9al pour servir des ap\u00e9ritifs ou comme \u00e9l\u00e9ment d\u00e9coratif, mais il sert \u00e9galement de magnifique rappel des merveilles de Barcelone.<\/p>\n<p>Chez Ol\u00e9 Mosaic, en tant que sp\u00e9cialistes de la distribution de souvenirs en gros, nous proposons une collection qui c\u00e9l\u00e8bre la culture et la cr\u00e9ativit\u00e9 de l&rsquo;Espagne. Ce bol en noix de coco est un excellent choix pour les boutiques de cadeaux touristiques \u00e0 la recherche de produits authentiques et de qualit\u00e9, parfaits pour ceux qui souhaitent emporter un morceau du charme de Barcelone.<\/p>\n","protected":false},"excerpt":{"rendered":"<p>Bol en noix de coco d\u00e9cor\u00e9 de c\u0153urs, mettant en valeur la figure d&rsquo;une tortue au centre, inspir\u00e9 par la beaut\u00e9 de Barcelone. Ce produit artisanal, fabriqu\u00e9 \u00e0 partir de coque de noix de coco, pr\u00e9sente un design color\u00e9 avec des d\u00e9tails dans des tons chauds et frais qui rehaussent la forme organique du bol. Le motif de la tortue, ainsi que l&rsquo;inscription \u00ab\u00a0Barcelona\u00a0\u00bb, ajoute une touche distinctive et culturelle, en faisant un souvenir parfait.<\/p>\n","protected":false},"featured_media":10377,"template":"","meta":{"_acf_changed":false},"product_brand":[],"product_cat":[521],"product_tag":[530],"class_list":{"0":"post-28508","1":"product","2":"type-product","3":"status-publish","4":"has-post-thumbnail","6":"product_cat-bols","7":"product_tag-animaux","8":"pa_ciudad-barcelona","9":"pa_motivo-tortues","10":"pa_pais-espana","12":"first","13":"instock","14":"shipping-taxable","15":"product-type-simple"},"acf":[],"_links":{"self":[{"href":"https:\/\/olemosaic.com\/fr\/wp-json\/wp\/v2\/product\/28508","targetHints":{"allow":["GET"]}}],"collection":[{"href":"https:\/\/olemosaic.com\/fr\/wp-json\/wp\/v2\/product"}],"about":[{"href":"https:\/\/olemosaic.com\/fr\/wp-json\/wp\/v2\/types\/product"}],"wp:featuredmedia":[{"embeddable":true,"href":"https:\/\/olemosaic.com\/fr\/wp-json\/wp\/v2\/media\/10377"}],"wp:attachment":[{"href":"https:\/\/olemosaic.com\/fr\/wp-json\/wp\/v2\/media?parent=28508"}],"wp:term":[{"taxonomy":"product_brand","embeddable":true,"href":"https:\/\/olemosaic.com\/fr\/wp-json\/wp\/v2\/product_brand?post=28508"},{"taxonomy":"product_cat","embeddable":true,"href":"https:\/\/olemosaic.com\/fr\/wp-json\/wp\/v2\/product_cat?post=28508"},{"taxonomy":"product_tag","embeddable":true,"href":"https:\/\/olemosaic.com\/fr\/wp-json\/wp\/v2\/product_tag?post=28508"}],"curies":[{"name":"wp","href":"https:\/\/api.w.org\/{rel}","templated":true}]}}