{"id":28506,"date":"2025-02-20T23:30:07","date_gmt":"2025-02-20T22:30:07","guid":{"rendered":"http:\/\/olemosaic.com\/producto\/bol-de-coco-de-corazones-caballito-de-mar-barcelona\/"},"modified":"2025-07-25T19:44:02","modified_gmt":"2025-07-25T17:44:02","slug":"bol-noix-de-coco-coeurs-hippocampe-barcelone","status":"publish","type":"product","link":"https:\/\/olemosaic.com\/fr\/produit\/bol-noix-de-coco-coeurs-hippocampe-barcelone\/","title":{"rendered":"Bol en noix de coco avec c\u0153urs. Hippocampe. Barcelone."},"content":{"rendered":"<p>Ce bol en noix de coco, d\u00e9cor\u00e9 de c\u0153urs color\u00e9s et d&rsquo;un hippocampe, est un souvenir attrayant de Barcelone qui encapsule l&rsquo;essence vibrante de la ville. Fabriqu\u00e9 \u00e0 partir de noix de coco naturelle, ce bol pr\u00e9sente un design peint \u00e0 la main qui se distingue par son originalit\u00e9 et ses charmants tons doux de bleu, d&rsquo;orange et de marron. Au centre, un \u00e9l\u00e9gant hippocampe, symbole caract\u00e9ristique de la c\u00f4te catalane, apporte une touche distinctive, ainsi que l&rsquo;inscription \u00ab\u00a0Barcelona\u00a0\u00bb, qui en fait un souvenir parfait de cette ville embl\u00e9matique.<\/p>\n<p>La surface du bol est orn\u00e9e d&rsquo;une mosa\u00efque de c\u0153urs de diff\u00e9rentes couleurs, cr\u00e9ant un effet visuel captivant qui refl\u00e8te la joie et la chaleur de la culture espagnole. Ce bol n&rsquo;est pas seulement fonctionnel, il agit \u00e9galement comme une pi\u00e8ce d\u00e9corative, id\u00e9ale pour tout environnement, que ce soit \u00e0 la maison ou dans le cadre d&rsquo;une boutique de cadeaux touristiques.<\/p>\n<p>Ce bol en noix de coco est un souvenir authentique et repr\u00e9sentatif de Barcelone, qui \u00e9voque la richesse culturelle de la r\u00e9gion et son lien avec la mer et la vie marine. Chez Ol\u00e9 Mosaic, nous sommes des distributeurs de souvenirs en gros et proposons des produits qui c\u00e9l\u00e8brent la tradition et l&rsquo;art local. Ce bol de c\u0153urs est une excellente option pour les touristes \u00e0 la recherche de souvenirs de haute qualit\u00e9 et d&rsquo;une pertinence culturelle repr\u00e9sentant leur visite \u00e0 Barcelone.<\/p>\n","protected":false},"excerpt":{"rendered":"<p>Bol en noix de coco d\u00e9cor\u00e9 de c\u0153urs color\u00e9s et d&rsquo;un hippocampe, un symbole de Barcelone. Ce bol attrayant, fabriqu\u00e9 en mat\u00e9riau naturel de noix de coco, pr\u00e9sente un design artisanal, peint \u00e0 la main, avec des \u00e9l\u00e9ments distinctifs dans des tons doux de bleu, d&rsquo;orange et de marron. Au centre se d\u00e9tache un \u00e9l\u00e9gant hippocampe, \u00e0 c\u00f4t\u00e9 de l&rsquo;inscription \u00ab\u00a0Barcelona\u00a0\u00bb. Son esth\u00e9tique singuli\u00e8re et vibrante en fait un souvenir id\u00e9al ou une pi\u00e8ce d\u00e9corative charmante.<\/p>\n","protected":false},"featured_media":10353,"template":"","meta":{"_acf_changed":false},"product_brand":[],"product_cat":[521],"product_tag":[530],"class_list":{"0":"post-28506","1":"product","2":"type-product","3":"status-publish","4":"has-post-thumbnail","6":"product_cat-bols","7":"product_tag-animaux","8":"pa_ciudad-barcelona","9":"pa_motivo-hippocampes","10":"pa_pais-espana","12":"first","13":"instock","14":"shipping-taxable","15":"product-type-simple"},"acf":[],"_links":{"self":[{"href":"https:\/\/olemosaic.com\/fr\/wp-json\/wp\/v2\/product\/28506","targetHints":{"allow":["GET"]}}],"collection":[{"href":"https:\/\/olemosaic.com\/fr\/wp-json\/wp\/v2\/product"}],"about":[{"href":"https:\/\/olemosaic.com\/fr\/wp-json\/wp\/v2\/types\/product"}],"wp:featuredmedia":[{"embeddable":true,"href":"https:\/\/olemosaic.com\/fr\/wp-json\/wp\/v2\/media\/10353"}],"wp:attachment":[{"href":"https:\/\/olemosaic.com\/fr\/wp-json\/wp\/v2\/media?parent=28506"}],"wp:term":[{"taxonomy":"product_brand","embeddable":true,"href":"https:\/\/olemosaic.com\/fr\/wp-json\/wp\/v2\/product_brand?post=28506"},{"taxonomy":"product_cat","embeddable":true,"href":"https:\/\/olemosaic.com\/fr\/wp-json\/wp\/v2\/product_cat?post=28506"},{"taxonomy":"product_tag","embeddable":true,"href":"https:\/\/olemosaic.com\/fr\/wp-json\/wp\/v2\/product_tag?post=28506"}],"curies":[{"name":"wp","href":"https:\/\/api.w.org\/{rel}","templated":true}]}}