{"id":28504,"date":"2025-02-20T22:30:06","date_gmt":"2025-02-20T22:30:06","guid":{"rendered":"http:\/\/olemosaic.com\/producto\/bol-de-coco-con-flores-salamandra-gran-canaria\/"},"modified":"2025-07-25T18:58:19","modified_gmt":"2025-07-25T16:58:19","slug":"bol-noix-de-coco-fleurs-salamandre-gran-canaria","status":"publish","type":"product","link":"https:\/\/olemosaic.com\/fr\/produit\/bol-noix-de-coco-fleurs-salamandre-gran-canaria\/","title":{"rendered":"Bol en noix de coco avec fleurs. Salamandre. Gran Canaria."},"content":{"rendered":"<p>Ce bol en noix de coco, d\u00e9cor\u00e9 de fleurs color\u00e9es et de salamandres, est un v\u00e9ritable symbole de Gran Canaria, id\u00e9al pour ceux qui cherchent \u00e0 se souvenir de l&rsquo;essence de cette belle \u00eele. \u00c9labor\u00e9 avec soin en noix de coco, ce bol se distingue par sa technique de d\u00e9coration qui combine peinture \u00e0 la main et \u00e9l\u00e9ments en relief, ce qui en fait une pi\u00e8ce unique et repr\u00e9sentative de l&rsquo;artisanat canarien. \u00c0 l&rsquo;int\u00e9rieur, un d\u00e9ploiement vibrant de fleurs aux tons rouges, bleus et dor\u00e9s encadre l&rsquo;inscription \u00ab\u00a0Gran Canaria\u00a0\u00bb, renfor\u00e7ant son lien culturel avec la r\u00e9gion. Les salamandres, qui se distinguent dans la d\u00e9coration, sont un hommage \u00e0 la faune locale, \u00e9voquant la biodiversit\u00e9 qui caract\u00e9rise les \u00eeles Canaries.<\/p>\n<p>Ce bol n&rsquo;offre pas seulement un attrait visuel, mais constitue une excellente option pour apporter une touche canarienne \u00e0 n&rsquo;importe quel foyer, fusionnant art et tradition en un seul objet. En tant que souvenir de Gran Canaria, il devient un cadeau id\u00e9al pour les touristes qui appr\u00e9cient l&rsquo;authenticit\u00e9 et le patrimoine culturel des lieux qu&rsquo;ils visitent. Chez Ol\u00e9 Mosaic, nous sommes fiers d&rsquo;\u00eatre des distributeurs de souvenirs authentiques, offrant \u00e0 nos clients des produits de gros comme celui-ci, qui capturent l&rsquo;essence de l&rsquo;Espagne et sa riche diversit\u00e9 culturelle. Ce bol en noix de coco est un joyau artisanal qui enrichira n&rsquo;importe quelle boutique de cadeaux touristiques.<\/p>\n","protected":false},"excerpt":{"rendered":"<p>Bol en noix de coco d\u00e9cor\u00e9 de fleurs et de salamandres, repr\u00e9sentatif de Gran Canaria. Cet \u00e9l\u00e9gant bol, fabriqu\u00e9 en noix de coco, est d\u00e9cor\u00e9 d&rsquo;une technique combinant peinture \u00e0 la main et \u00e9l\u00e9ments en relief. Les fleurs aux tons rouges, bleus et dor\u00e9s encadrent le centre, o\u00f9 l&rsquo;on peut lire \u00ab\u00a0Gran Canaria\u00a0\u00bb, aux c\u00f4t\u00e9s de deux salamandres \u00e9voquant la faune locale. Id\u00e9al pour apporter une touche canarienne \u00e0 votre int\u00e9rieur, fusionnant art et tradition.<\/p>\n","protected":false},"featured_media":10332,"template":"","meta":{"_acf_changed":false},"product_brand":[],"product_cat":[521],"product_tag":[530],"class_list":{"0":"post-28504","1":"product","2":"type-product","3":"status-publish","4":"has-post-thumbnail","6":"product_cat-bols","7":"product_tag-animaux","8":"pa_ciudad-gran-canaria","9":"pa_motivo-salamandres","10":"pa_pais-espana","12":"first","13":"instock","14":"shipping-taxable","15":"product-type-simple"},"acf":[],"_links":{"self":[{"href":"https:\/\/olemosaic.com\/fr\/wp-json\/wp\/v2\/product\/28504","targetHints":{"allow":["GET"]}}],"collection":[{"href":"https:\/\/olemosaic.com\/fr\/wp-json\/wp\/v2\/product"}],"about":[{"href":"https:\/\/olemosaic.com\/fr\/wp-json\/wp\/v2\/types\/product"}],"wp:featuredmedia":[{"embeddable":true,"href":"https:\/\/olemosaic.com\/fr\/wp-json\/wp\/v2\/media\/10332"}],"wp:attachment":[{"href":"https:\/\/olemosaic.com\/fr\/wp-json\/wp\/v2\/media?parent=28504"}],"wp:term":[{"taxonomy":"product_brand","embeddable":true,"href":"https:\/\/olemosaic.com\/fr\/wp-json\/wp\/v2\/product_brand?post=28504"},{"taxonomy":"product_cat","embeddable":true,"href":"https:\/\/olemosaic.com\/fr\/wp-json\/wp\/v2\/product_cat?post=28504"},{"taxonomy":"product_tag","embeddable":true,"href":"https:\/\/olemosaic.com\/fr\/wp-json\/wp\/v2\/product_tag?post=28504"}],"curies":[{"name":"wp","href":"https:\/\/api.w.org\/{rel}","templated":true}]}}