{"id":28483,"date":"2025-02-20T22:30:06","date_gmt":"2025-02-20T22:30:06","guid":{"rendered":"http:\/\/olemosaic.com\/producto\/bol-de-coco-con-flores-isla-mallorca\/"},"modified":"2025-07-25T20:36:36","modified_gmt":"2025-07-25T18:36:36","slug":"bol-noix-de-coco-fleurs-ile-majorque","status":"publish","type":"product","link":"https:\/\/olemosaic.com\/fr\/produit\/bol-noix-de-coco-fleurs-ile-majorque\/","title":{"rendered":"Bol en noix de coco avec fleurs. \u00cele. Majorque."},"content":{"rendered":"<p>Ce bol en noix de coco, d\u00e9cor\u00e9 de fleurs color\u00e9es, est une pi\u00e8ce authentique qui capture l&rsquo;essence vibrante de Majorque. Fabriqu\u00e9 artisanalement avec des mat\u00e9riaux naturels, ce bol pr\u00e9sente un design impressionnant orn\u00e9 de mosa\u00efques dans une vari\u00e9t\u00e9 de tons bleus, jaunes, rouges et blancs, \u00e9voquant la beaut\u00e9 du paysage m\u00e9diterran\u00e9en de l&rsquo;\u00eele. Les fleurs d\u00e9coratives, dispos\u00e9es avec un go\u00fbt exquis, lui donnent un air frais et estival, id\u00e9al pour n&rsquo;importe quelle ambiance.<\/p>\n<p>Au centre du bol est inscrit \u00ab\u00a0MALLORCA\u00a0\u00bb sur un fond nacr\u00e9, ajoutant une touche distinctive qui souligne le lien culturel du souvenir avec la r\u00e9gion. Ce d\u00e9tail en fait non seulement un article d\u00e9coratif, mais aussi un rappel significatif de la richesse culturelle de Majorque, parfait pour ceux qui recherchent des souvenirs refl\u00e9tant leur exp\u00e9rience sur l&rsquo;\u00eele.<\/p>\n<p>Le bol en noix de coco est polyvalent et peut \u00eatre utilis\u00e9 aussi bien comme pi\u00e8ce d\u00e9corative que pour le quotidien, devenant une excellente option pour les boutiques de cadeaux touristiques. Chez Ol\u00e9 Mosaic, en tant que grossiste de souvenirs de Majorque, nous proposons des produits alliant authenticit\u00e9 et design, id\u00e9aux pour captiver les touristes souhaitant ramener un morceau de la culture locale chez eux. La beaut\u00e9 et la singularit\u00e9 de ce bol \u00e0 fleurs en font un cadeau parfait et un souvenir inoubliable.<\/p>\n","protected":false},"excerpt":{"rendered":"<p>Bol en noix de coco d\u00e9cor\u00e9 de fleurs color\u00e9es, \u00e9voquant la beaut\u00e9 de Majorque. Cet article exclusif, fabriqu\u00e9 \u00e0 partir de mat\u00e9riaux naturels, pr\u00e9sente une combinaison vibrante de mosa\u00efques dans des tons bleu, jaune, rouge et blanc, avec des d\u00e9tails rappelant le paysage m\u00e9diterran\u00e9en. Au centre, l&rsquo;inscription \u00ab\u00a0MALLORCA\u00a0\u00bb se d\u00e9tache sur un fond nacr\u00e9, ajoutant une touche distinctive. Id\u00e9al comme \u00e9l\u00e9ment d\u00e9coratif ou pour un usage quotidien, il devient un authentique souvenir refl\u00e9tant l&rsquo;essence de l&rsquo;\u00eele.<\/p>\n","protected":false},"featured_media":10308,"template":"","meta":{"_acf_changed":false},"product_brand":[],"product_cat":[521],"product_tag":[],"class_list":{"0":"post-28483","1":"product","2":"type-product","3":"status-publish","4":"has-post-thumbnail","6":"product_cat-bols","7":"pa_ciudad-mallorca","8":"pa_motivo-iles","9":"pa_pais-espana","11":"first","12":"instock","13":"shipping-taxable","14":"product-type-simple"},"acf":[],"_links":{"self":[{"href":"https:\/\/olemosaic.com\/fr\/wp-json\/wp\/v2\/product\/28483","targetHints":{"allow":["GET"]}}],"collection":[{"href":"https:\/\/olemosaic.com\/fr\/wp-json\/wp\/v2\/product"}],"about":[{"href":"https:\/\/olemosaic.com\/fr\/wp-json\/wp\/v2\/types\/product"}],"wp:featuredmedia":[{"embeddable":true,"href":"https:\/\/olemosaic.com\/fr\/wp-json\/wp\/v2\/media\/10308"}],"wp:attachment":[{"href":"https:\/\/olemosaic.com\/fr\/wp-json\/wp\/v2\/media?parent=28483"}],"wp:term":[{"taxonomy":"product_brand","embeddable":true,"href":"https:\/\/olemosaic.com\/fr\/wp-json\/wp\/v2\/product_brand?post=28483"},{"taxonomy":"product_cat","embeddable":true,"href":"https:\/\/olemosaic.com\/fr\/wp-json\/wp\/v2\/product_cat?post=28483"},{"taxonomy":"product_tag","embeddable":true,"href":"https:\/\/olemosaic.com\/fr\/wp-json\/wp\/v2\/product_tag?post=28483"}],"curies":[{"name":"wp","href":"https:\/\/api.w.org\/{rel}","templated":true}]}}