{"id":28482,"date":"2025-02-20T23:30:06","date_gmt":"2025-02-20T22:30:06","guid":{"rendered":"http:\/\/olemosaic.com\/producto\/bol-de-coco-mano\/"},"modified":"2025-07-25T18:44:37","modified_gmt":"2025-07-25T16:44:37","slug":"bol-noix-de-coco-main","status":"publish","type":"product","link":"https:\/\/olemosaic.com\/fr\/produit\/bol-noix-de-coco-main\/","title":{"rendered":"Bol en noix de coco. Main."},"content":{"rendered":"<p>Ce bol en noix de coco d\u00e9cor\u00e9 \u00e0 la main est un v\u00e9ritable hommage \u00e0 l&rsquo;artisanat et \u00e0 la culture locale, id\u00e9al pour ceux qui recherchent une touche boh\u00e8me dans leur foyer. Son design vibrant pr\u00e9sente une mosa\u00efque \u00e9labor\u00e9e avec de petites tesselles de couleurs telles que le bleu, le rose et le jaune, qui contrastent parfaitement avec le fond clair du bol, cr\u00e9ant une pi\u00e8ce visuellement attrayante. Au centre, un symbole de la main de Fatima, connu pour sa signification de protection et de bonne fortune, brille avec \u00e9l\u00e9gance et ajoute une touche profonde et significative \u00e0 cet objet d\u00e9coratif.<\/p>\n<p>Fabriqu\u00e9 avec des mat\u00e9riaux durables, ce bol ne met pas seulement en valeur la riche tradition artisanale, mais s&rsquo;adapte \u00e9galement \u00e0 un style contemporain qui s&rsquo;int\u00e8gre parfaitement dans n&rsquo;importe quel environnement. Sa forme organique et sa texture unique en font un excellent \u00e9l\u00e9ment d\u00e9coratif, id\u00e9al pour servir des ap\u00e9ritifs, comme centre de table ou m\u00eame comme objet de d\u00e9coration sur des \u00e9tag\u00e8res.<\/p>\n<p>Ol\u00e9 Mosaic est fier de proposer des souvenirs authentiques qui capturent l&rsquo;essence de la culture locale, et ce bol en noix de coco en est une repr\u00e9sentation parfaite. C&rsquo;est un souvenir id\u00e9al pour les touristes souhaitant emporter un morceau de culture et un choix exceptionnel pour les boutiques de cadeaux touristiques \u00e0 la recherche de produits authentiques et de qualit\u00e9. En tant que grossistes d&rsquo;articles de d\u00e9coration, nous garantissons que chaque bol refl\u00e8te la richesse et la diversit\u00e9 de la tradition artisanale, faisant de ce produit un cadeau sp\u00e9cial et significatif.<\/p>\n","protected":false},"excerpt":{"rendered":"<p>Bol en noix de coco d\u00e9cor\u00e9 dans un style artisanal, id\u00e9al pour ajouter une touche boh\u00e8me \u00e0 n&rsquo;importe quel espace. Son design pr\u00e9sente une mosa\u00efque vibrante de petits morceaux de couleurs telles que le bleu, le rose et le jaune, qui contrastent avec le fond clair du bol. Au centre, on peut voir un symbole de la main de Fatima, connu pour sa signification de protection. Ce bol attrayant combine l&rsquo;artisanat traditionnel avec un style contemporain, ce qui en fait un souvenir parfait de la culture locale.<\/p>\n","protected":false},"featured_media":13520,"template":"","meta":{"_acf_changed":false},"product_brand":[],"product_cat":[521],"product_tag":[],"class_list":{"0":"post-28482","1":"product","2":"type-product","3":"status-publish","4":"has-post-thumbnail","6":"product_cat-bols","7":"pa_motivo-mains","9":"first","10":"instock","11":"shipping-taxable","12":"product-type-simple"},"acf":[],"_links":{"self":[{"href":"https:\/\/olemosaic.com\/fr\/wp-json\/wp\/v2\/product\/28482","targetHints":{"allow":["GET"]}}],"collection":[{"href":"https:\/\/olemosaic.com\/fr\/wp-json\/wp\/v2\/product"}],"about":[{"href":"https:\/\/olemosaic.com\/fr\/wp-json\/wp\/v2\/types\/product"}],"wp:featuredmedia":[{"embeddable":true,"href":"https:\/\/olemosaic.com\/fr\/wp-json\/wp\/v2\/media\/13520"}],"wp:attachment":[{"href":"https:\/\/olemosaic.com\/fr\/wp-json\/wp\/v2\/media?parent=28482"}],"wp:term":[{"taxonomy":"product_brand","embeddable":true,"href":"https:\/\/olemosaic.com\/fr\/wp-json\/wp\/v2\/product_brand?post=28482"},{"taxonomy":"product_cat","embeddable":true,"href":"https:\/\/olemosaic.com\/fr\/wp-json\/wp\/v2\/product_cat?post=28482"},{"taxonomy":"product_tag","embeddable":true,"href":"https:\/\/olemosaic.com\/fr\/wp-json\/wp\/v2\/product_tag?post=28482"}],"curies":[{"name":"wp","href":"https:\/\/api.w.org\/{rel}","templated":true}]}}