{"id":28480,"date":"2025-02-20T23:30:06","date_gmt":"2025-02-20T22:30:06","guid":{"rendered":"http:\/\/olemosaic.com\/producto\/bol-de-coco-naranja-tortuga-barcelona\/"},"modified":"2025-07-25T20:39:40","modified_gmt":"2025-07-25T18:39:40","slug":"bol-noix-de-coco-orange-tortue-barcelone","status":"publish","type":"product","link":"https:\/\/olemosaic.com\/fr\/produit\/bol-noix-de-coco-orange-tortue-barcelone\/","title":{"rendered":"Bol en noix de coco orange. Tortue. Barcelone."},"content":{"rendered":"<p>Ce bol en noix de coco d&rsquo;une couleur orange vibrante est une pi\u00e8ce artisanale qui capture l&rsquo;essence de l&rsquo;oc\u00e9an et de la vie marine de Barcelone. Avec une magnifique tortue d\u00e9corative \u00e0 l&rsquo;int\u00e9rieur, ce bol est peint \u00e0 la main et entour\u00e9 d&rsquo;\u00e9l\u00e9ments marins qui \u00e9voquent la riche biodiversit\u00e9 des eaux bordant la c\u00f4te catalane. La tortue, symbole de long\u00e9vit\u00e9 et de paix, est pr\u00e9sent\u00e9e avec un design d\u00e9taill\u00e9 qui souligne sa silhouette, tandis que la finition textur\u00e9e de l&rsquo;ext\u00e9rieur met en valeur la beaut\u00e9 naturelle du mat\u00e9riau, apportant une touche rustique et authentique.<\/p>\n<p>Le mot \u00ab\u00a0Barcelone\u00a0\u00bb appara\u00eet dans un style simple, ajoutant un d\u00e9tail personnel qui renforce son lien avec la ville. Ce bol n&rsquo;est pas seulement fonctionnel pour servir ou pr\u00e9senter des aliments, mais il devient \u00e9galement un souvenir visuel des merveilles marines que l&rsquo;on peut trouver sur la c\u00f4te de Barcelone, ce qui en fait un souvenir parfait pour ceux qui souhaitent ramener chez eux un morceau de cette vibrante culture m\u00e9diterran\u00e9enne.<\/p>\n<p>Chez Ol\u00e9 Mosaic, nous nous sp\u00e9cialisons dans la distribution de souvenirs en gros, offrant des produits authentiques comme ce bol en noix de coco qui c\u00e9l\u00e8bre la vie marine de Barcelone. Cet article est une excellente option pour les boutiques de cadeaux touristiques qui cherchent \u00e0 offrir \u00e0 leurs clients une repr\u00e9sentation significative de la culture locale et un souvenir alliant esth\u00e9tique et tradition.<\/p>\n","protected":false},"excerpt":{"rendered":"<p>Bol en noix de coco d&rsquo;un orange vibrant, inspir\u00e9 de la vie marine de Barcelone. Ce bol \u00e9l\u00e9gant pr\u00e9sente une tortue d\u00e9corative \u00e0 l&rsquo;int\u00e9rieur, entour\u00e9e d&rsquo;\u00e9l\u00e9ments marins, peints \u00e0 la main avec des d\u00e9tails qui soulignent son design. Le mot \u00ab\u00a0Barcelone\u00a0\u00bb appara\u00eet dans un style simple, ajoutant une touche personnelle. La finition textur\u00e9e de l&rsquo;ext\u00e9rieur rehausse la beaut\u00e9 naturelle du mat\u00e9riau, ce qui en fait un souvenir parfait pour ramener un morceau de la c\u00f4te catalane chez soi.<\/p>\n","protected":false},"featured_media":11765,"template":"","meta":{"_acf_changed":false},"product_brand":[],"product_cat":[521],"product_tag":[530],"class_list":{"0":"post-28480","1":"product","2":"type-product","3":"status-publish","4":"has-post-thumbnail","6":"product_cat-bols","7":"product_tag-animaux","8":"pa_ciudad-barcelona","9":"pa_motivo-tortues","10":"pa_pais-espana","12":"first","13":"instock","14":"shipping-taxable","15":"product-type-simple"},"acf":[],"_links":{"self":[{"href":"https:\/\/olemosaic.com\/fr\/wp-json\/wp\/v2\/product\/28480","targetHints":{"allow":["GET"]}}],"collection":[{"href":"https:\/\/olemosaic.com\/fr\/wp-json\/wp\/v2\/product"}],"about":[{"href":"https:\/\/olemosaic.com\/fr\/wp-json\/wp\/v2\/types\/product"}],"wp:featuredmedia":[{"embeddable":true,"href":"https:\/\/olemosaic.com\/fr\/wp-json\/wp\/v2\/media\/11765"}],"wp:attachment":[{"href":"https:\/\/olemosaic.com\/fr\/wp-json\/wp\/v2\/media?parent=28480"}],"wp:term":[{"taxonomy":"product_brand","embeddable":true,"href":"https:\/\/olemosaic.com\/fr\/wp-json\/wp\/v2\/product_brand?post=28480"},{"taxonomy":"product_cat","embeddable":true,"href":"https:\/\/olemosaic.com\/fr\/wp-json\/wp\/v2\/product_cat?post=28480"},{"taxonomy":"product_tag","embeddable":true,"href":"https:\/\/olemosaic.com\/fr\/wp-json\/wp\/v2\/product_tag?post=28480"}],"curies":[{"name":"wp","href":"https:\/\/api.w.org\/{rel}","templated":true}]}}