{"id":28473,"date":"2025-02-20T23:30:05","date_gmt":"2025-02-20T22:30:05","guid":{"rendered":"http:\/\/olemosaic.com\/producto\/bol-de-coco-naranja-tortuga-mallorca\/"},"modified":"2025-07-25T18:46:35","modified_gmt":"2025-07-25T16:46:35","slug":"bol-noix-de-coco-orange-tortue-majorque","status":"publish","type":"product","link":"https:\/\/olemosaic.com\/fr\/produit\/bol-noix-de-coco-orange-tortue-majorque\/","title":{"rendered":"Bol en noix de coco orange. Tortue. Majorque."},"content":{"rendered":"<p>Ce bol en noix de coco de couleur orange est une pi\u00e8ce artisanale unique qui capture l&rsquo;essence de la beaut\u00e9 marine de Majorque. D\u00e9cor\u00e9 d&rsquo;une charmante illustration de tortue, cet \u00e9l\u00e9gant bol pr\u00e9sente un design tr\u00e8s sp\u00e9cial qui met en valeur sa forme organique et la texture naturelle de la noix de coco. La tortue, symbole embl\u00e9matique de la vie marine, est m\u00e9ticuleusement grav\u00e9e sur la surface, entour\u00e9e d&rsquo;\u00e9l\u00e9ments d\u00e9coratifs \u00e9voquant le riche \u00e9cosyst\u00e8me des eaux de l&rsquo;\u00eele. L&rsquo;inscription \u00ab\u00a0MALLORCA\u00a0\u00bb sur la partie inf\u00e9rieure ajoute une touche personnelle, faisant de ce bol un souvenir authentique et repr\u00e9sentatif de l&rsquo;\u00eele bal\u00e9are.<\/p>\n<p>Ce bol n&rsquo;est pas seulement fonctionnel, il devient \u00e9galement une pi\u00e8ce d\u00e9corative exceptionnelle qui peut orner n&rsquo;importe quelle maison. Sa couleur orange vibrante et ses d\u00e9tails d\u00e9licats le font ressortir dans n&rsquo;importe quel environnement, rappelant \u00e0 ses propri\u00e9taires les moments pr\u00e9cieux pass\u00e9s sur l&rsquo;\u00eele. En tant que souvenir de Majorque, il est id\u00e9al pour ceux qui cherchent \u00e0 emporter un morceau de la culture et de la nature locale.<\/p>\n<p>Chez Ol\u00e9 Mosaic, votre grossiste de souvenirs de qualit\u00e9 authentique, nous proposons des produits qui c\u00e9l\u00e8brent le patrimoine culturel et naturel, garantissant que chaque pi\u00e8ce soit un souvenir significatif qui connecte les touristes \u00e0 la merveille de Majorque.<\/p>\n","protected":false},"excerpt":{"rendered":"<p>Bol en noix de coco de couleur orange, d\u00e9cor\u00e9 d&rsquo;une illustration attachante de tortue, inspir\u00e9 par la beaut\u00e9 marine de Majorque. Cet \u00e9l\u00e9gant bol pr\u00e9sente un design artisanal avec des d\u00e9tails grav\u00e9s qui rehaussent sa forme organique et sa texture naturelle. L&rsquo;inscription \u00ab\u00a0MALLORCA\u00a0\u00bb sur la partie inf\u00e9rieure lui donne une touche distinctive, tandis que les \u00e9l\u00e9ments d\u00e9coratifs \u00e9voquent la vie marine locale, en faisant un souvenir id\u00e9al pour ceux qui souhaitent se rem\u00e9morer leur passage sur l&rsquo;\u00eele.<\/p>\n","protected":false},"featured_media":11785,"template":"","meta":{"_acf_changed":false},"product_brand":[],"product_cat":[521],"product_tag":[530],"class_list":{"0":"post-28473","1":"product","2":"type-product","3":"status-publish","4":"has-post-thumbnail","6":"product_cat-bols","7":"product_tag-animaux","8":"pa_ciudad-mallorca","9":"pa_motivo-tortues","10":"pa_pais-espana","12":"first","13":"instock","14":"shipping-taxable","15":"product-type-simple"},"acf":[],"_links":{"self":[{"href":"https:\/\/olemosaic.com\/fr\/wp-json\/wp\/v2\/product\/28473","targetHints":{"allow":["GET"]}}],"collection":[{"href":"https:\/\/olemosaic.com\/fr\/wp-json\/wp\/v2\/product"}],"about":[{"href":"https:\/\/olemosaic.com\/fr\/wp-json\/wp\/v2\/types\/product"}],"wp:featuredmedia":[{"embeddable":true,"href":"https:\/\/olemosaic.com\/fr\/wp-json\/wp\/v2\/media\/11785"}],"wp:attachment":[{"href":"https:\/\/olemosaic.com\/fr\/wp-json\/wp\/v2\/media?parent=28473"}],"wp:term":[{"taxonomy":"product_brand","embeddable":true,"href":"https:\/\/olemosaic.com\/fr\/wp-json\/wp\/v2\/product_brand?post=28473"},{"taxonomy":"product_cat","embeddable":true,"href":"https:\/\/olemosaic.com\/fr\/wp-json\/wp\/v2\/product_cat?post=28473"},{"taxonomy":"product_tag","embeddable":true,"href":"https:\/\/olemosaic.com\/fr\/wp-json\/wp\/v2\/product_tag?post=28473"}],"curies":[{"name":"wp","href":"https:\/\/api.w.org\/{rel}","templated":true}]}}