{"id":28472,"date":"2025-02-20T23:30:05","date_gmt":"2025-02-20T22:30:05","guid":{"rendered":"http:\/\/olemosaic.com\/producto\/bol-de-coco-naranja-caballito-de-mar\/"},"modified":"2025-07-25T19:31:06","modified_gmt":"2025-07-25T17:31:06","slug":"bol-noix-de-coco-orange-hippocampe","status":"publish","type":"product","link":"https:\/\/olemosaic.com\/fr\/produit\/bol-noix-de-coco-orange-hippocampe\/","title":{"rendered":"Bol en noix de coco orange. Hippocampe."},"content":{"rendered":"<p>Ce bol en noix de coco orange est une impressionnante pi\u00e8ce artisanale qui capture l&rsquo;essence de l&rsquo;environnement c\u00f4tier espagnol. Avec un design arrondi, le bol se distingue par sa teinte orange vibrante, qui \u00e9voque la chaleur du soleil sur les plages espagnoles. D\u00e9cor\u00e9 d&rsquo;un \u00e9l\u00e9gant hippocampe peint \u00e0 la main, ce motif marin offre non seulement une repr\u00e9sentation visuelle fascinante, mais symbolise \u00e9galement la richesse de la vie marine qui entoure la p\u00e9ninsule ib\u00e9rique. L&rsquo;hippocampe, connu pour sa beaut\u00e9 et sa gr\u00e2ce singuli\u00e8res, est devenu un embl\u00e8me de la faune marine, ce qui le rend parfait pour ceux qui recherchent un petit morceau de mer dans leur foyer.<\/p>\n<p>Les d\u00e9tails du bol, y compris les motifs d\u00e9coratifs sur le bord, ajoutent une dimension artistique qui rehausse son caract\u00e8re d\u00e9coratif. Id\u00e9al tant pour un usage fonctionnel qu&rsquo;d\u00e9coratif, ce bol est parfait pour pr\u00e9senter des ap\u00e9ritifs, des fruits ou comme magnifique centre de table. Chez Ol\u00e9 Mosaic, nous misons sur des souvenirs authentiques qui refl\u00e8tent la culture espagnole, et ce bol en noix de coco orange est une option brillante pour les boutiques de cadeaux touristiques cherchant \u00e0 proposer des produits de qualit\u00e9 et de pertinence culturelle. En tant que distributeurs de souvenirs, nous garantissons l&rsquo;authenticit\u00e9 et une touche artistique dans chaque pi\u00e8ce.<\/p>\n","protected":false},"excerpt":{"rendered":"<p>Bol en noix de coco orange, d\u00e9cor\u00e9 d&rsquo;un \u00e9l\u00e9gant hippocampe. Ce produit artisanal, au design fait main et peint \u00e0 la main, se distingue par sa couleur vibrante et les d\u00e9tails marins de sa surface. Avec une forme arrondie, le bol pr\u00e9sente un design tr\u00e8s sp\u00e9cial sur le bord et un fond qui met en valeur le motif de l&rsquo;hippocampe, \u00e9voquant la beaut\u00e9 de l&rsquo;environnement c\u00f4tier espagnol. Id\u00e9al tant pour un usage d\u00e9coratif que fonctionnel.<\/p>\n","protected":false},"featured_media":10059,"template":"","meta":{"_acf_changed":false},"product_brand":[],"product_cat":[521],"product_tag":[530],"class_list":{"0":"post-28472","1":"product","2":"type-product","3":"status-publish","4":"has-post-thumbnail","6":"product_cat-bols","7":"product_tag-animaux","8":"pa_motivo-hippocampes","10":"first","11":"instock","12":"shipping-taxable","13":"product-type-simple"},"acf":[],"_links":{"self":[{"href":"https:\/\/olemosaic.com\/fr\/wp-json\/wp\/v2\/product\/28472","targetHints":{"allow":["GET"]}}],"collection":[{"href":"https:\/\/olemosaic.com\/fr\/wp-json\/wp\/v2\/product"}],"about":[{"href":"https:\/\/olemosaic.com\/fr\/wp-json\/wp\/v2\/types\/product"}],"wp:featuredmedia":[{"embeddable":true,"href":"https:\/\/olemosaic.com\/fr\/wp-json\/wp\/v2\/media\/10059"}],"wp:attachment":[{"href":"https:\/\/olemosaic.com\/fr\/wp-json\/wp\/v2\/media?parent=28472"}],"wp:term":[{"taxonomy":"product_brand","embeddable":true,"href":"https:\/\/olemosaic.com\/fr\/wp-json\/wp\/v2\/product_brand?post=28472"},{"taxonomy":"product_cat","embeddable":true,"href":"https:\/\/olemosaic.com\/fr\/wp-json\/wp\/v2\/product_cat?post=28472"},{"taxonomy":"product_tag","embeddable":true,"href":"https:\/\/olemosaic.com\/fr\/wp-json\/wp\/v2\/product_tag?post=28472"}],"curies":[{"name":"wp","href":"https:\/\/api.w.org\/{rel}","templated":true}]}}