{"id":28471,"date":"2025-02-20T23:30:05","date_gmt":"2025-02-20T22:30:05","guid":{"rendered":"http:\/\/olemosaic.com\/producto\/bol-de-coco-naranja-caballito-de-mar-mallorca\/"},"modified":"2025-07-25T20:26:09","modified_gmt":"2025-07-25T18:26:09","slug":"bol-noix-de-coco-orange-hippocampe-majorque","status":"publish","type":"product","link":"https:\/\/olemosaic.com\/fr\/produit\/bol-noix-de-coco-orange-hippocampe-majorque\/","title":{"rendered":"Bol en noix de coco orange. Hippocampe. Majorque."},"content":{"rendered":"<p>Ce bol en noix de coco orange est une magnifique pi\u00e8ce artisanale qui capture l&rsquo;essence de la M\u00e9diterran\u00e9e, fabriqu\u00e9 de mani\u00e8re artisanale sur l&rsquo;\u00eele magique de Majorque. La surface du bol pr\u00e9sente un design complexe d&rsquo;hippocampe, symbolisant la richesse marine de la r\u00e9gion, entour\u00e9 de d\u00e9licats motifs dor\u00e9s et orang\u00e9s qui s&rsquo;entrelacent harmonieusement. Cette esth\u00e9tique lumineuse et accueillante en fait un objet d\u00e9coratif id\u00e9al pour n&rsquo;importe quelle maison, ajoutant une touche d&rsquo;\u00e9l\u00e9gance et de chaleur.<\/p>\n<p>Au centre du bol se trouve l&rsquo;inscription \u00ab\u00a0MALLORCA\u00a0\u00bb, qui indique non seulement son origine, mais en fait \u00e9galement un souvenir authentique des traditions insulaires. Ce bol se pr\u00e9sente comme un souvenir fonctionnel et, en m\u00eame temps, comme une \u0153uvre d&rsquo;art qui \u00e9voque la culture bal\u00e9are et sa connexion avec la nature et la mer.<\/p>\n<p>Pour toutes ces raisons, ce bol en noix de coco est une excellente option pour les touristes \u00e0 la recherche de souvenirs originaux et significatifs de leur visite \u00e0 Majorque. Chez Ol\u00e9 Mosaic, nous sommes des distributeurs en gros d&rsquo;articles uniques comme celui-ci, parfaits pour les boutiques de cadeaux touristiques qui souhaitent proposer des produits authentiques mettant en valeur la beaut\u00e9 et l&rsquo;h\u00e9ritage culturel de l&rsquo;Espagne.<\/p>\n","protected":false},"excerpt":{"rendered":"<p>Bol en noix de coco orange, fabriqu\u00e9 \u00e0 Majorque et d\u00e9cor\u00e9 d&rsquo;un d\u00e9licat hippocampe. Sa surface arbore des motifs complexes dor\u00e9s et orang\u00e9s entrelac\u00e9s, cr\u00e9ant une esth\u00e9tique lumineuse et accueillante. Ce souvenir attrayant \u00e9voque l&rsquo;essence de la M\u00e9diterran\u00e9e, avec l&rsquo;inscription \u00ab\u00a0MALLORCA\u00a0\u00bb grav\u00e9e au centre, ce qui en fait un souvenir parfait des traditions insulaires. Id\u00e9al comme \u00e9l\u00e9ment d\u00e9coratif ou comme pi\u00e8ce fonctionnelle dans n&rsquo;importe quelle maison.<\/p>\n","protected":false},"featured_media":10133,"template":"","meta":{"_acf_changed":false},"product_brand":[],"product_cat":[521],"product_tag":[530],"class_list":{"0":"post-28471","1":"product","2":"type-product","3":"status-publish","4":"has-post-thumbnail","6":"product_cat-bols","7":"product_tag-animaux","8":"pa_ciudad-mallorca","9":"pa_motivo-hippocampes","10":"pa_pais-espana","12":"first","13":"instock","14":"shipping-taxable","15":"product-type-simple"},"acf":[],"_links":{"self":[{"href":"https:\/\/olemosaic.com\/fr\/wp-json\/wp\/v2\/product\/28471","targetHints":{"allow":["GET"]}}],"collection":[{"href":"https:\/\/olemosaic.com\/fr\/wp-json\/wp\/v2\/product"}],"about":[{"href":"https:\/\/olemosaic.com\/fr\/wp-json\/wp\/v2\/types\/product"}],"wp:featuredmedia":[{"embeddable":true,"href":"https:\/\/olemosaic.com\/fr\/wp-json\/wp\/v2\/media\/10133"}],"wp:attachment":[{"href":"https:\/\/olemosaic.com\/fr\/wp-json\/wp\/v2\/media?parent=28471"}],"wp:term":[{"taxonomy":"product_brand","embeddable":true,"href":"https:\/\/olemosaic.com\/fr\/wp-json\/wp\/v2\/product_brand?post=28471"},{"taxonomy":"product_cat","embeddable":true,"href":"https:\/\/olemosaic.com\/fr\/wp-json\/wp\/v2\/product_cat?post=28471"},{"taxonomy":"product_tag","embeddable":true,"href":"https:\/\/olemosaic.com\/fr\/wp-json\/wp\/v2\/product_tag?post=28471"}],"curies":[{"name":"wp","href":"https:\/\/api.w.org\/{rel}","templated":true}]}}