{"id":28469,"date":"2025-02-20T23:30:05","date_gmt":"2025-02-20T22:30:05","guid":{"rendered":"http:\/\/olemosaic.com\/producto\/bol-de-coco-naranja-delfin\/"},"modified":"2025-07-25T19:43:14","modified_gmt":"2025-07-25T17:43:14","slug":"bol-noix-de-coco-orange-dauphin","status":"publish","type":"product","link":"https:\/\/olemosaic.com\/fr\/produit\/bol-noix-de-coco-orange-dauphin\/","title":{"rendered":"Bol en noix de coco orange. Dauphin."},"content":{"rendered":"<p>Ce bol en noix de coco orange, d\u00e9cor\u00e9 de dauphins, est une pi\u00e8ce unique qui apporte une touche exotique et vibrante \u00e0 n&rsquo;importe quel espace. Fabriqu\u00e9 \u00e0 la main, sa finition brillante ressort dans de magnifiques tons orang\u00e9s, cr\u00e9ant un effet visuel \u00e9blouissant qui attire l&rsquo;attention. \u00c0 l&rsquo;int\u00e9rieur, on appr\u00e9cie des d\u00e9tails d\u00e9licats en blanc repr\u00e9sentant des dauphins qui nagent, \u00e9voquant l&rsquo;essence de la mer et des c\u00f4tes m\u00e9diterran\u00e9ennes, o\u00f9 ce type d&rsquo;art est une tradition tr\u00e8s appr\u00e9ci\u00e9e.<\/p>\n<p>Le design ovale et organique de ce bol ne met pas seulement en valeur la beaut\u00e9 naturelle de la noix de coco, mais en fait \u00e9galement un \u00e9l\u00e9ment d\u00e9coratif polyvalent, parfait tant pour un usage fonctionnel qu&rsquo;esth\u00e9tique. Id\u00e9al pour servir des fruits, comme centre de table ou simple ornement, ce bol devient un souvenir confortable des vacances et de la culture maritime m\u00e9diterran\u00e9enne.<\/p>\n<p>Cet objet est un authentique souvenir qui refl\u00e8te la connexion culturelle avec les eaux chaudes et la faune de la M\u00e9diterran\u00e9e, ce qui en fait un choix m\u00e9morable pour ceux qui cherchent \u00e0 emporter un morceau de cet environnement enchanteur. Chez Ol\u00e9 Mosaic, nous sommes sp\u00e9cialis\u00e9s dans la distribution de souvenirs artisanaux en gros, et ce bol en noix de coco est une excellente option pour les boutiques de cadeaux touristiques souhaitant proposer des produits c\u00e9l\u00e9brant l&rsquo;artisanat et la culture locale. Sans aucun doute, une pi\u00e8ce qui allie esth\u00e9tique, authenticit\u00e9 et fonctionnalit\u00e9 pour tous les amateurs de d\u00e9coration.<\/p>\n","protected":false},"excerpt":{"rendered":"<p>Bol en noix de coco orange d\u00e9cor\u00e9 de dauphins, id\u00e9al pour donner une touche exotique \u00e0 n&rsquo;importe quelle ambiance. Cet article, fabriqu\u00e9 \u00e0 la main, pr\u00e9sente une finition brillante avec des tons orang\u00e9s et des d\u00e9tails blancs de dauphins nageant \u00e0 l&rsquo;int\u00e9rieur. Son design ovale et organique rehausse la beaut\u00e9 naturelle de la noix de coco, en faisant un \u00e9l\u00e9ment d\u00e9coratif ou fonctionnel attrayant pour la maison. Parfait comme souvenir, il \u00e9voque le charme des c\u00f4tes m\u00e9diterran\u00e9ennes.<\/p>\n","protected":false},"featured_media":10090,"template":"","meta":{"_acf_changed":false},"product_brand":[],"product_cat":[521],"product_tag":[530],"class_list":{"0":"post-28469","1":"product","2":"type-product","3":"status-publish","4":"has-post-thumbnail","6":"product_cat-bols","7":"product_tag-animaux","8":"pa_motivo-dauphins","10":"first","11":"instock","12":"shipping-taxable","13":"product-type-simple"},"acf":[],"_links":{"self":[{"href":"https:\/\/olemosaic.com\/fr\/wp-json\/wp\/v2\/product\/28469","targetHints":{"allow":["GET"]}}],"collection":[{"href":"https:\/\/olemosaic.com\/fr\/wp-json\/wp\/v2\/product"}],"about":[{"href":"https:\/\/olemosaic.com\/fr\/wp-json\/wp\/v2\/types\/product"}],"wp:featuredmedia":[{"embeddable":true,"href":"https:\/\/olemosaic.com\/fr\/wp-json\/wp\/v2\/media\/10090"}],"wp:attachment":[{"href":"https:\/\/olemosaic.com\/fr\/wp-json\/wp\/v2\/media?parent=28469"}],"wp:term":[{"taxonomy":"product_brand","embeddable":true,"href":"https:\/\/olemosaic.com\/fr\/wp-json\/wp\/v2\/product_brand?post=28469"},{"taxonomy":"product_cat","embeddable":true,"href":"https:\/\/olemosaic.com\/fr\/wp-json\/wp\/v2\/product_cat?post=28469"},{"taxonomy":"product_tag","embeddable":true,"href":"https:\/\/olemosaic.com\/fr\/wp-json\/wp\/v2\/product_tag?post=28469"}],"curies":[{"name":"wp","href":"https:\/\/api.w.org\/{rel}","templated":true}]}}