{"id":28458,"date":"2025-02-20T22:30:05","date_gmt":"2025-02-20T22:30:05","guid":{"rendered":"http:\/\/olemosaic.com\/producto\/bol-de-coco-beige-delfin-mallorca\/"},"modified":"2025-07-25T19:02:47","modified_gmt":"2025-07-25T17:02:47","slug":"bol-noix-de-coco-beige-dauphin-majorque","status":"publish","type":"product","link":"https:\/\/olemosaic.com\/fr\/produit\/bol-noix-de-coco-beige-dauphin-majorque\/","title":{"rendered":"Bol en noix de coco beige. Dauphin. Majorque."},"content":{"rendered":"<p>Ce bol en noix de coco beige, d\u00e9licatement d\u00e9cor\u00e9 d&rsquo;un \u00e9l\u00e9gant dauphin, est un v\u00e9ritable bijou artisanal inspir\u00e9 par la beaut\u00e9 naturelle de Majorque. Son design unique met en valeur la richesse de la M\u00e9diterran\u00e9e, avec une finition brillante qui refl\u00e8te les tons doux de la noix de coco, \u00e9voquant la lumi\u00e8re et les couleurs de cette \u00eele paradisiaque. L&rsquo;illustration d&rsquo;un dauphin, symbole de la gr\u00e2ce et de la libert\u00e9 de la mer, est accompagn\u00e9e du texte \u00ab Mallorca \u00bb, apportant une touche distinctive qui fait de ce bol une pi\u00e8ce parfaite pour n&rsquo;importe quel int\u00e9rieur.<\/p>\n<p>L&rsquo;artisanat derri\u00e8re ce produit souligne la tradition majorquine, o\u00f9 l&rsquo;utilisation de mat\u00e9riaux naturels comme la noix de coco fait partie d&rsquo;une approche durable c\u00e9l\u00e9brant la culture locale. Cette pi\u00e8ce n&rsquo;est pas seulement fonctionnelle, id\u00e9ale pour servir des ap\u00e9ritifs ou comme \u00e9l\u00e9ment d\u00e9coratif, elle devient \u00e9galement un souvenir repr\u00e9sentatif des plages et de la vie marine de Majorque. Son esth\u00e9tique et sa connexion culturelle font de ce bol en noix de coco un souvenir id\u00e9al pour les touristes \u00e0 la recherche d&rsquo;un morceau authentique de cette magnifique r\u00e9gion.<\/p>\n<p>Chez Ol\u00e9 Mosaic, en tant que distributeurs de souvenirs en gros, nous proposons des produits qui capturent l&rsquo;essence des destinations touristiques les plus pris\u00e9es. Ce bol en noix de coco est une excellente option pour les boutiques de cadeaux touristiques souhaitant proposer des souvenirs authentiques de Majorque, garantissant qualit\u00e9 et un design qui met en valeur la beaut\u00e9 du lieu.<\/p>\n","protected":false},"excerpt":{"rendered":"<p>Bol en noix de coco beige d\u00e9cor\u00e9 d&rsquo;un \u00e9l\u00e9gant dauphin, inspir\u00e9 par la beaut\u00e9 naturelle de Majorque. Ce produit artisanal pr\u00e9sente un design unique, avec une finition brillante et des motifs \u00e9voquant la M\u00e9diterran\u00e9e. La technique de cr\u00e9ation met en valeur les tons doux de la noix de coco, tandis que le dauphin et le mot \u00ab Mallorca \u00bb apportent une touche distinctive. Parfait pour donner une touche d&rsquo;authenticit\u00e9 \u00e0 n&rsquo;importe quel espace.<\/p>\n","protected":false},"featured_media":11891,"template":"","meta":{"_acf_changed":false},"product_brand":[],"product_cat":[521],"product_tag":[530],"class_list":{"0":"post-28458","1":"product","2":"type-product","3":"status-publish","4":"has-post-thumbnail","6":"product_cat-bols","7":"product_tag-animaux","8":"pa_ciudad-mallorca","9":"pa_motivo-dauphins","10":"pa_pais-espana","12":"first","13":"instock","14":"shipping-taxable","15":"product-type-simple"},"acf":[],"_links":{"self":[{"href":"https:\/\/olemosaic.com\/fr\/wp-json\/wp\/v2\/product\/28458","targetHints":{"allow":["GET"]}}],"collection":[{"href":"https:\/\/olemosaic.com\/fr\/wp-json\/wp\/v2\/product"}],"about":[{"href":"https:\/\/olemosaic.com\/fr\/wp-json\/wp\/v2\/types\/product"}],"wp:featuredmedia":[{"embeddable":true,"href":"https:\/\/olemosaic.com\/fr\/wp-json\/wp\/v2\/media\/11891"}],"wp:attachment":[{"href":"https:\/\/olemosaic.com\/fr\/wp-json\/wp\/v2\/media?parent=28458"}],"wp:term":[{"taxonomy":"product_brand","embeddable":true,"href":"https:\/\/olemosaic.com\/fr\/wp-json\/wp\/v2\/product_brand?post=28458"},{"taxonomy":"product_cat","embeddable":true,"href":"https:\/\/olemosaic.com\/fr\/wp-json\/wp\/v2\/product_cat?post=28458"},{"taxonomy":"product_tag","embeddable":true,"href":"https:\/\/olemosaic.com\/fr\/wp-json\/wp\/v2\/product_tag?post=28458"}],"curies":[{"name":"wp","href":"https:\/\/api.w.org\/{rel}","templated":true}]}}