{"id":28456,"date":"2025-02-20T22:30:04","date_gmt":"2025-02-20T22:30:04","guid":{"rendered":"http:\/\/olemosaic.com\/producto\/bol-de-coco-beige-camello-fuerteventura\/"},"modified":"2025-07-25T19:22:32","modified_gmt":"2025-07-25T17:22:32","slug":"bol-noix-de-coco-beige-chameau-fuerteventura","status":"publish","type":"product","link":"https:\/\/olemosaic.com\/fr\/produit\/bol-noix-de-coco-beige-chameau-fuerteventura\/","title":{"rendered":"Bol en noix de coco beige. Chameau. Fuerteventura."},"content":{"rendered":"<p>Ce bol en noix de coco beige, d\u00e9cor\u00e9 d&rsquo;un \u00e9l\u00e9gant motif de chameaux, capture l&rsquo;essence de Fuerteventura, l&rsquo;un des joyaux des \u00eeles Canaries. Fabriqu\u00e9 artisanalement \u00e0 partir de noix de coco naturelle, ce bol pr\u00e9sente une finition dans les tons beige qui \u00e9voque les paysages doux et chauds de l&rsquo;\u00eele. Les d\u00e9tails subtils dans des tons plus clairs apportent une dimension unique \u00e0 la pi\u00e8ce, faisant de chaque bol une \u0153uvre d&rsquo;art singuli\u00e8re.<\/p>\n<p>Le motif du chameau, embl\u00e9matique et repr\u00e9sentatif de la culture locale, est d\u00e9licatement mis en valeur \u00e0 l&rsquo;int\u00e9rieur, rappelant aux visiteurs le lien profond de Fuerteventura avec ce symbole des terres arides et son histoire commerciale. Ce bol ne sert pas seulement d&rsquo;\u00e9l\u00e9ment d\u00e9coratif, il est \u00e9galement fonctionnel, offrant aux touristes un excellent moyen de ramener un morceau de la culture canarienne chez eux.<\/p>\n<p>Id\u00e9al pour ceux qui recherchent des souvenirs authentiques et de qualit\u00e9, ce bol en noix de coco est un choix parfait pour les boutiques de cadeaux touristiques. Chez Ol\u00e9 Mosaic, en tant que grossistes de produits artisanaux, nous nous engageons \u00e0 distribuer des articles qui refl\u00e8tent la richesse culturelle de diff\u00e9rentes r\u00e9gions, offrant \u00e0 nos clients des souvenirs qui transcendent le conventionnel.<\/p>\n","protected":false},"excerpt":{"rendered":"<p>Bol en noix de coco beige d\u00e9cor\u00e9 d&rsquo;un motif de chameaux qui \u00e9voque l&rsquo;essence de Fuerteventura. Cet \u00e9l\u00e9gant bol, \u00e9labor\u00e9 \u00e0 partir de noix de coco naturelle, pr\u00e9sente une finition dans les tons beige et des d\u00e9tails dans des tons plus clairs, rappelant les paysages de cette \u00eele canarienne. L&rsquo;illustration du chameau, symbole de la culture locale, se d\u00e9tache subtilement, faisant de ce bol un \u00e9l\u00e9ment d\u00e9coratif et fonctionnel id\u00e9al pour tout int\u00e9rieur.<\/p>\n","protected":false},"featured_media":11994,"template":"","meta":{"_acf_changed":false},"product_brand":[],"product_cat":[521],"product_tag":[530],"class_list":{"0":"post-28456","1":"product","2":"type-product","3":"status-publish","4":"has-post-thumbnail","6":"product_cat-bols","7":"product_tag-animaux","8":"pa_ciudad-fuerteventura","9":"pa_motivo-chameaux","10":"pa_pais-espana","12":"first","13":"instock","14":"shipping-taxable","15":"product-type-simple"},"acf":[],"_links":{"self":[{"href":"https:\/\/olemosaic.com\/fr\/wp-json\/wp\/v2\/product\/28456","targetHints":{"allow":["GET"]}}],"collection":[{"href":"https:\/\/olemosaic.com\/fr\/wp-json\/wp\/v2\/product"}],"about":[{"href":"https:\/\/olemosaic.com\/fr\/wp-json\/wp\/v2\/types\/product"}],"wp:featuredmedia":[{"embeddable":true,"href":"https:\/\/olemosaic.com\/fr\/wp-json\/wp\/v2\/media\/11994"}],"wp:attachment":[{"href":"https:\/\/olemosaic.com\/fr\/wp-json\/wp\/v2\/media?parent=28456"}],"wp:term":[{"taxonomy":"product_brand","embeddable":true,"href":"https:\/\/olemosaic.com\/fr\/wp-json\/wp\/v2\/product_brand?post=28456"},{"taxonomy":"product_cat","embeddable":true,"href":"https:\/\/olemosaic.com\/fr\/wp-json\/wp\/v2\/product_cat?post=28456"},{"taxonomy":"product_tag","embeddable":true,"href":"https:\/\/olemosaic.com\/fr\/wp-json\/wp\/v2\/product_tag?post=28456"}],"curies":[{"name":"wp","href":"https:\/\/api.w.org\/{rel}","templated":true}]}}