{"id":28455,"date":"2025-02-20T22:30:04","date_gmt":"2025-02-20T22:30:04","guid":{"rendered":"http:\/\/olemosaic.com\/producto\/bol-de-coco-beige-delfin-tenerife\/"},"modified":"2025-07-25T18:50:13","modified_gmt":"2025-07-25T16:50:13","slug":"bol-noix-de-coco-beige-dauphin-tenerife","status":"publish","type":"product","link":"https:\/\/olemosaic.com\/fr\/produit\/bol-noix-de-coco-beige-dauphin-tenerife\/","title":{"rendered":"Bol en noix de coco beige. Dauphin. Tenerife."},"content":{"rendered":"<p>Ce bol en noix de coco beige, d\u00e9cor\u00e9 d&rsquo;un dauphin stylis\u00e9, est une charmante repr\u00e9sentation de la beaut\u00e9 marine de Tenerife. Fabriqu\u00e9 \u00e0 partir de la coque de noix de coco elle-m\u00eame, cet article unique se distingue par ses tons naturels, qui \u00e9voquent la chaleur et l&rsquo;authenticit\u00e9 des \u00eeles Canaries. Avec un design organique qui met en valeur les textures naturelles de la noix de coco, la pi\u00e8ce int\u00e8gre une \u00e9l\u00e9gante illustration de dauphin de couleur terre cuite, symbolisant la riche vie marine qui entoure Tenerife et sa connexion avec l&rsquo;oc\u00e9an Atlantique.<\/p>\n<p>Parfait aussi bien pour la d\u00e9coration que pour le rangement, ce bol ajoute non seulement une touche de style \u00e0 n&rsquo;importe quel espace, mais sert \u00e9galement de rappel de la merveilleuse exp\u00e9rience de la visite des Canaries. Avec son caract\u00e8re artisanal, ce bol est un excellent souvenir qui encapsule l&rsquo;essence de la culture canarienne, id\u00e9al pour les touristes \u00e0 la recherche d&rsquo;un souvenir authentique de leur voyage.<\/p>\n<p>Chez Ol\u00e9 Mosaic, nous sommes fiers de proposer des souvenirs qui capturent l&rsquo;h\u00e9ritage culturel de l&rsquo;Espagne et du Portugal. Ce bol en noix de coco est une option exceptionnelle pour les boutiques de cadeaux touristiques qui souhaitent proposer des produits alliant beaut\u00e9 et fonctionnalit\u00e9. En tant que grossistes de souvenirs, nous garantissons l&rsquo;authenticit\u00e9 et la qualit\u00e9 de chacune de nos pi\u00e8ces.<\/p>\n","protected":false},"excerpt":{"rendered":"<p>Bol en noix de coco beige d\u00e9cor\u00e9 d&rsquo;un dauphin, repr\u00e9sentant la beaut\u00e9 marine de Tenerife. Cet article exclusif, \u00e9labor\u00e9 \u00e0 partir de la coque de noix de coco, se distingue par son design naturel et ses tons beige, combin\u00e9s \u00e0 l&rsquo;illustration d&rsquo;un dauphin stylis\u00e9 de couleur terre cuite. Id\u00e9al pour la d\u00e9coration ou le rangement, ce bol refl\u00e8te le charme des \u00eeles Canaries, fusionnant artisanat et motifs marins dans une pi\u00e8ce unique.<\/p>\n","protected":false},"featured_media":11931,"template":"","meta":{"_acf_changed":false},"product_brand":[],"product_cat":[521],"product_tag":[530],"class_list":{"0":"post-28455","1":"product","2":"type-product","3":"status-publish","4":"has-post-thumbnail","6":"product_cat-bols","7":"product_tag-animaux","8":"pa_ciudad-tenerife","9":"pa_motivo-dauphins","10":"pa_pais-espana","12":"first","13":"instock","14":"shipping-taxable","15":"product-type-simple"},"acf":[],"_links":{"self":[{"href":"https:\/\/olemosaic.com\/fr\/wp-json\/wp\/v2\/product\/28455","targetHints":{"allow":["GET"]}}],"collection":[{"href":"https:\/\/olemosaic.com\/fr\/wp-json\/wp\/v2\/product"}],"about":[{"href":"https:\/\/olemosaic.com\/fr\/wp-json\/wp\/v2\/types\/product"}],"wp:featuredmedia":[{"embeddable":true,"href":"https:\/\/olemosaic.com\/fr\/wp-json\/wp\/v2\/media\/11931"}],"wp:attachment":[{"href":"https:\/\/olemosaic.com\/fr\/wp-json\/wp\/v2\/media?parent=28455"}],"wp:term":[{"taxonomy":"product_brand","embeddable":true,"href":"https:\/\/olemosaic.com\/fr\/wp-json\/wp\/v2\/product_brand?post=28455"},{"taxonomy":"product_cat","embeddable":true,"href":"https:\/\/olemosaic.com\/fr\/wp-json\/wp\/v2\/product_cat?post=28455"},{"taxonomy":"product_tag","embeddable":true,"href":"https:\/\/olemosaic.com\/fr\/wp-json\/wp\/v2\/product_tag?post=28455"}],"curies":[{"name":"wp","href":"https:\/\/api.w.org\/{rel}","templated":true}]}}