{"id":28454,"date":"2025-02-20T23:30:04","date_gmt":"2025-02-20T22:30:04","guid":{"rendered":"http:\/\/olemosaic.com\/producto\/bol-de-coco-beige-mano\/"},"modified":"2025-07-25T18:45:37","modified_gmt":"2025-07-25T16:45:37","slug":"bol-noix-de-coco-beige-main","status":"publish","type":"product","link":"https:\/\/olemosaic.com\/fr\/produit\/bol-noix-de-coco-beige-main\/","title":{"rendered":"Bol en noix de coco beige. Main."},"content":{"rendered":"<p>Ce bol en noix de coco beige, d\u00e9cor\u00e9 \u00e0 la main, est une magnifique repr\u00e9sentation de la riche culture m\u00e9diterran\u00e9enne, id\u00e9al pour ceux qui recherchent un souvenir authentique et significatif. Son design organique se caract\u00e9rise par des formes irr\u00e9guli\u00e8res qui \u00e9voquent le naturel et le dynamisme de l&rsquo;artisanat m\u00e9diterran\u00e9en. Le bol pr\u00e9sente une finition brillante d\u00e9licate qui attire la lumi\u00e8re, tandis que les tons beige et dor\u00e9 se marient harmonieusement, apportant une esth\u00e9tique sophistiqu\u00e9e et \u00e9l\u00e9gante qui compl\u00e8te tout style de d\u00e9coration.<\/p>\n<p>Au centre, un symbole distinctif de main ajoute une profonde signification culturelle, \u00e9voquant des traditions folkloriques qui ont perdur\u00e9 \u00e0 travers les si\u00e8cles. Ce symbole, connu sous le nom de \u00ab Khamsa \u00bb ou \u00ab Main de Fatima \u00bb, est une amulette de protection et de bonne fortune, repr\u00e9sentant le d\u00e9sir de bien-\u00eatre. Parfait aussi bien pour orner les tables que pour servir d&rsquo;\u00e9l\u00e9ment d\u00e9coratif, ce bol n&rsquo;est pas seulement fonctionnel, mais aussi un t\u00e9moignage du riche h\u00e9ritage artistique de la M\u00e9diterran\u00e9e.<\/p>\n<p>Chez Ol\u00e9 Mosaic, nous nous sp\u00e9cialisons dans la distribution de souvenirs en gros, offrant des produits uniques comme ce bol en noix de coco beige, qui c\u00e9l\u00e8bre l&rsquo;authenticit\u00e9 de nos traditions. C&rsquo;est un choix in\u00e9gal\u00e9 pour les boutiques de cadeaux touristiques qui souhaitent proposer des articles distinctifs et culturellement pertinents. Un souvenir qui incarne l&rsquo;essence de la M\u00e9diterran\u00e9e, id\u00e9al pour ceux qui cherchent plus qu&rsquo;un simple souvenir.<\/p>\n","protected":false},"excerpt":{"rendered":"<p>Bol en noix de coco beige d\u00e9cor\u00e9 dans un style artisanal, inspir\u00e9 de la riche culture m\u00e9diterran\u00e9enne. Cet \u00e9l\u00e9gant bol pr\u00e9sente un design aux formes irr\u00e9guli\u00e8res dans les tons beige et dor\u00e9, avec un symbole de main distinctif au centre, \u00e9voquant les traditions folkloriques. Sa finition brillante et lisse apporte une touche sophistiqu\u00e9e, id\u00e9ale pour orner les tables ou \u00eatre utilis\u00e9e comme \u00e9l\u00e9ment d\u00e9coratif dans la maison. Parfait pour ceux qui appr\u00e9cient l&rsquo;artisanat et les d\u00e9tails uniques.<\/p>\n","protected":false},"featured_media":13512,"template":"","meta":{"_acf_changed":false},"product_brand":[],"product_cat":[521],"product_tag":[],"class_list":{"0":"post-28454","1":"product","2":"type-product","3":"status-publish","4":"has-post-thumbnail","6":"product_cat-bols","7":"pa_motivo-mains","9":"first","10":"instock","11":"shipping-taxable","12":"product-type-simple"},"acf":[],"_links":{"self":[{"href":"https:\/\/olemosaic.com\/fr\/wp-json\/wp\/v2\/product\/28454","targetHints":{"allow":["GET"]}}],"collection":[{"href":"https:\/\/olemosaic.com\/fr\/wp-json\/wp\/v2\/product"}],"about":[{"href":"https:\/\/olemosaic.com\/fr\/wp-json\/wp\/v2\/types\/product"}],"wp:featuredmedia":[{"embeddable":true,"href":"https:\/\/olemosaic.com\/fr\/wp-json\/wp\/v2\/media\/13512"}],"wp:attachment":[{"href":"https:\/\/olemosaic.com\/fr\/wp-json\/wp\/v2\/media?parent=28454"}],"wp:term":[{"taxonomy":"product_brand","embeddable":true,"href":"https:\/\/olemosaic.com\/fr\/wp-json\/wp\/v2\/product_brand?post=28454"},{"taxonomy":"product_cat","embeddable":true,"href":"https:\/\/olemosaic.com\/fr\/wp-json\/wp\/v2\/product_cat?post=28454"},{"taxonomy":"product_tag","embeddable":true,"href":"https:\/\/olemosaic.com\/fr\/wp-json\/wp\/v2\/product_tag?post=28454"}],"curies":[{"name":"wp","href":"https:\/\/api.w.org\/{rel}","templated":true}]}}