{"id":28438,"date":"2025-02-20T22:30:04","date_gmt":"2025-02-20T22:30:04","guid":{"rendered":"http:\/\/olemosaic.com\/producto\/bol-de-coco-beige-flecha-camino-de-santiago\/"},"modified":"2025-07-25T19:25:01","modified_gmt":"2025-07-25T17:25:01","slug":"bol-noix-de-coco-beige-fleche-chemin-de-compostelle","status":"publish","type":"product","link":"https:\/\/olemosaic.com\/fr\/produit\/bol-noix-de-coco-beige-fleche-chemin-de-compostelle\/","title":{"rendered":"Bol en noix de coco beige. Fl\u00e8che. Chemin de Compostelle."},"content":{"rendered":"<p>Ce bol en noix de coco beige, soigneusement \u00e9labor\u00e9, est un magnifique souvenir qui repr\u00e9sente la route embl\u00e9matique du Chemin de Compostelle. Fabriqu\u00e9 \u00e0 partir de coque de noix de coco, son design \u00e9l\u00e9gant se distingue par une surface polie qui combine des tons beige avec des touches plus claires, \u00e9voquant la beaut\u00e9 naturelle des paysages qui ornent le parcours jacquaire. Au centre du bol, une fl\u00e8che distinctive symbolise la direction du p\u00e8lerinage, faisant de cette pi\u00e8ce un objet d\u00e9coratif et fonctionnel, id\u00e9al pour n&rsquo;importe quel foyer.<\/p>\n<p>La d\u00e9coration de la fl\u00e8che, qui se connecte \u00e0 la riche tradition du Chemin, souligne la signification culturelle que ce bol en noix de coco v\u00e9hicule. Le Chemin de Compostelle, d\u00e9clar\u00e9 Patrimoine de l&rsquo;Humanit\u00e9, est un voyage de foi et d&rsquo;aventure qui attire des milliers de p\u00e8lerins du monde entier, et ce souvenir devient un rappel tangible de cette exp\u00e9rience enrichissante.<\/p>\n<p>Chez Ol\u00e9 Mosaic, nous nous sp\u00e9cialisons dans la distribution de souvenirs en gros, et ce bol est une excellente option pour les boutiques de cadeaux touristiques cherchant \u00e0 offrir des produits authentiques et repr\u00e9sentatifs de la culture espagnole. En tant que grossistes de souvenirs, nous garantissons qualit\u00e9 et originalit\u00e9 dans chaque pi\u00e8ce, faisant de ce bol en noix de coco un cadeau parfait pour ceux qui souhaitent emporter un petit morceau du Chemin de Compostelle chez eux.<\/p>\n","protected":false},"excerpt":{"rendered":"<p>Bol en noix de coco beige, d\u00e9cor\u00e9 d&rsquo;un design de fl\u00e8che repr\u00e9sentant le c\u00e9l\u00e8bre Chemin de Compostelle. Ce bol \u00e9l\u00e9gant, \u00e9labor\u00e9 avec de la coque de noix de coco, pr\u00e9sente une surface polie avec un motif de tons beige et clairs qui \u00e9voque la beaut\u00e9 naturelle de la route jacquaire. Au centre, la fl\u00e8che symbolise la direction du p\u00e8lerinage, ajoutant une touche distinctive et fonctionnelle \u00e0 n&rsquo;importe quel foyer. Id\u00e9al pour les souvenirs ou la d\u00e9coration.<\/p>\n","protected":false},"featured_media":11939,"template":"","meta":{"_acf_changed":false},"product_brand":[],"product_cat":[521],"product_tag":[],"class_list":{"0":"post-28438","1":"product","2":"type-product","3":"status-publish","4":"has-post-thumbnail","6":"product_cat-bols","7":"pa_ciudad-santiago-de-compostela","8":"pa_motivo-fleches","9":"pa_pais-espana","11":"first","12":"instock","13":"shipping-taxable","14":"product-type-simple"},"acf":[],"_links":{"self":[{"href":"https:\/\/olemosaic.com\/fr\/wp-json\/wp\/v2\/product\/28438","targetHints":{"allow":["GET"]}}],"collection":[{"href":"https:\/\/olemosaic.com\/fr\/wp-json\/wp\/v2\/product"}],"about":[{"href":"https:\/\/olemosaic.com\/fr\/wp-json\/wp\/v2\/types\/product"}],"wp:featuredmedia":[{"embeddable":true,"href":"https:\/\/olemosaic.com\/fr\/wp-json\/wp\/v2\/media\/11939"}],"wp:attachment":[{"href":"https:\/\/olemosaic.com\/fr\/wp-json\/wp\/v2\/media?parent=28438"}],"wp:term":[{"taxonomy":"product_brand","embeddable":true,"href":"https:\/\/olemosaic.com\/fr\/wp-json\/wp\/v2\/product_brand?post=28438"},{"taxonomy":"product_cat","embeddable":true,"href":"https:\/\/olemosaic.com\/fr\/wp-json\/wp\/v2\/product_cat?post=28438"},{"taxonomy":"product_tag","embeddable":true,"href":"https:\/\/olemosaic.com\/fr\/wp-json\/wp\/v2\/product_tag?post=28438"}],"curies":[{"name":"wp","href":"https:\/\/api.w.org\/{rel}","templated":true}]}}