{"id":28436,"date":"2025-02-20T22:30:03","date_gmt":"2025-02-20T22:30:03","guid":{"rendered":"http:\/\/olemosaic.com\/producto\/bol-de-coco-beige-concha-camino-de-santiago\/"},"modified":"2025-07-25T19:32:04","modified_gmt":"2025-07-25T17:32:04","slug":"bol-noix-de-coco-beige-coquille-chemin-de-compostelle","status":"publish","type":"product","link":"https:\/\/olemosaic.com\/fr\/produit\/bol-noix-de-coco-beige-coquille-chemin-de-compostelle\/","title":{"rendered":"Bol en noix de coco beige. Coquille. Chemin de Compostelle."},"content":{"rendered":"<p>Ce bol en noix de coco beige, inspir\u00e9 par la tradition du Chemin de Compostelle, est une pi\u00e8ce unique qui allie l&rsquo;\u00e9l\u00e9gance naturelle \u00e0 une profonde signification culturelle. Fabriqu\u00e9 avec des mat\u00e9riaux durables, sa finition polie rehausse la texture de la coque, apportant une touche de chaleur et de rusticit\u00e9. Le design du bol est arrondi, avec un motif captivant de tons beige qui \u00e9voque la palette chromatique du paysage que les p\u00e8lerins d\u00e9couvrent tout au long de ce chemin embl\u00e9matique espagnol.<\/p>\n<p>Le bol est d\u00e9cor\u00e9 de l&#8217;embl\u00e8me du Chemin de Compostelle dans une finition m\u00e9tallique attrayante qui non seulement embellit l&rsquo;objet, mais symbolise \u00e9galement la spiritualit\u00e9 et le voyage v\u00e9cu par ceux qui ont parcouru cette route historique. L&rsquo;\u00e9cusson, reconnu mondialement, est reproduit avec pr\u00e9cision, faisant de ce bol un authentique souvenir du p\u00e8lerinage.<\/p>\n<p>Id\u00e9al pour un usage d\u00e9coratif ou comme r\u00e9cipient dans la maison, ce bol n&rsquo;\u00e9voque pas seulement la mystique du Chemin de Compostelle, mais constitue \u00e9galement un excellent souvenir pour ceux qui souhaitent emporter un morceau de la culture espagnole. Chez Ol\u00e9 Mosaic, nous nous sp\u00e9cialisons dans la distribution de souvenirs repr\u00e9sentant le riche h\u00e9ritage culturel de l&rsquo;Espagne, et ce bol en noix de coco beige est une magnifique option pour les boutiques de cadeaux touristiques cherchant \u00e0 offrir des produits authentiques et porteurs de sens. Avec une forte connotation historique et esth\u00e9tique, il devient un article parfait pour les touristes et les p\u00e8lerins \u00e0 la recherche de souvenirs du Chemin de Compostelle.<\/p>\n","protected":false},"excerpt":{"rendered":"<p>Bol en noix de coco beige inspir\u00e9 par la tradition du Chemin de Compostelle. Ce bol \u00e9l\u00e9gant pr\u00e9sente une finition polie qui rehausse la beaut\u00e9 naturelle de la coque. D\u00e9cor\u00e9 de l&#8217;embl\u00e8me du Chemin de Compostelle dans une finition m\u00e9tallique, il ajoute une touche distinctive. Sa forme arrondie et ses tons beige en font un article polyvalent et d\u00e9coratif, id\u00e9al pour tout espace et pour \u00e9voquer la mystique du p\u00e8lerinage.<\/p>\n","protected":false},"featured_media":11943,"template":"","meta":{"_acf_changed":false},"product_brand":[],"product_cat":[521],"product_tag":[],"class_list":{"0":"post-28436","1":"product","2":"type-product","3":"status-publish","4":"has-post-thumbnail","6":"product_cat-bols","7":"pa_ciudad-santiago-de-compostela","8":"pa_motivo-coquillages","9":"pa_pais-espana","11":"first","12":"instock","13":"shipping-taxable","14":"product-type-simple"},"acf":[],"_links":{"self":[{"href":"https:\/\/olemosaic.com\/fr\/wp-json\/wp\/v2\/product\/28436","targetHints":{"allow":["GET"]}}],"collection":[{"href":"https:\/\/olemosaic.com\/fr\/wp-json\/wp\/v2\/product"}],"about":[{"href":"https:\/\/olemosaic.com\/fr\/wp-json\/wp\/v2\/types\/product"}],"wp:featuredmedia":[{"embeddable":true,"href":"https:\/\/olemosaic.com\/fr\/wp-json\/wp\/v2\/media\/11943"}],"wp:attachment":[{"href":"https:\/\/olemosaic.com\/fr\/wp-json\/wp\/v2\/media?parent=28436"}],"wp:term":[{"taxonomy":"product_brand","embeddable":true,"href":"https:\/\/olemosaic.com\/fr\/wp-json\/wp\/v2\/product_brand?post=28436"},{"taxonomy":"product_cat","embeddable":true,"href":"https:\/\/olemosaic.com\/fr\/wp-json\/wp\/v2\/product_cat?post=28436"},{"taxonomy":"product_tag","embeddable":true,"href":"https:\/\/olemosaic.com\/fr\/wp-json\/wp\/v2\/product_tag?post=28436"}],"curies":[{"name":"wp","href":"https:\/\/api.w.org\/{rel}","templated":true}]}}