{"id":28435,"date":"2025-02-20T23:30:03","date_gmt":"2025-02-20T22:30:03","guid":{"rendered":"http:\/\/olemosaic.com\/producto\/bol-de-coco-de-beige-tortuga-menorca\/"},"modified":"2025-07-25T20:31:06","modified_gmt":"2025-07-25T18:31:06","slug":"bol-noix-de-coco-beige-tortue-minorque","status":"publish","type":"product","link":"https:\/\/olemosaic.com\/fr\/produit\/bol-noix-de-coco-beige-tortue-minorque\/","title":{"rendered":"Bol en noix de coco beige. Tortue. Minorque."},"content":{"rendered":"<p>Ce bol en noix de coco beige, inspir\u00e9 par la nature de Minorque, est le souvenir touristique id\u00e9al qui capture l&rsquo;essence de cette magnifique \u00eele de la M\u00e9diterran\u00e9e. Avec un design tr\u00e8s sp\u00e9cial int\u00e9grant des repr\u00e9sentations de tortues, ce bol est parfait pour ceux qui souhaitent emporter un petit morceau de Minorque chez eux. Sa finition douce et brillante souligne la texture naturelle de la noix de coco, offrant une esth\u00e9tique \u00e9l\u00e9gante et contemporaine qui compl\u00e8te toute d\u00e9coration.<\/p>\n<p>L&rsquo;int\u00e9rieur du bol pr\u00e9sente un motif d\u00e9licat dans des tons beige et jaune, \u00e9voquant les sables dor\u00e9s des plages de Minorque et rappelant la chaleur du soleil m\u00e9diterran\u00e9en. Ce contraste de couleurs, associ\u00e9 \u00e0 l&#8217;embl\u00e9matique tortue, symbolise la riche biodiversit\u00e9 de l&rsquo;\u00eele et son environnement marin, faisant de ce produit un authentique souvenir repr\u00e9sentatif de Minorque.<\/p>\n<p>Chez Ol\u00e9 Mosaic, nous nous consacrons \u00e0 la distribution de souvenirs en gros, et ce bol en noix de coco n&rsquo;est pas seulement id\u00e9al pour d\u00e9corer votre maison, mais il est aussi parfait pour pr\u00e9senter des ap\u00e9ritifs lors de r\u00e9unions et de c\u00e9l\u00e9brations. En acqu\u00e9rant ce bol, vous emportez non seulement une pi\u00e8ce d&rsquo;artisanat de qualit\u00e9, mais aussi un souvenir culturel significatif de Minorque. C&rsquo;est un article excellent pour les boutiques de cadeaux touristiques qui cherchent \u00e0 proposer des produits authentiques avec une profonde valeur culturelle. Gr\u00e2ce \u00e0 notre engagement envers la qualit\u00e9, nous garantissons que chaque bol en noix de coco est une repr\u00e9sentation fid\u00e8le de la beaut\u00e9 de l&rsquo;\u00eele.<\/p>\n","protected":false},"excerpt":{"rendered":"<p>Bol en noix de coco de couleur beige, inspir\u00e9 par la nature de Minorque. Ce bol \u00e9l\u00e9gant pr\u00e9sente un design tr\u00e8s sp\u00e9cial avec des tortues et une finition douce et brillante qui rehausse sa texture naturelle. L&rsquo;int\u00e9rieur affiche un magnifique motif dans des tons beige et jaune, \u00e9voquant le sable des plages de l&rsquo;\u00eele. Un souvenir unique qui capture l&rsquo;essence de Minorque, id\u00e9al pour d\u00e9corer votre maison ou pour pr\u00e9senter des ap\u00e9ritifs.<\/p>\n","protected":false},"featured_media":11915,"template":"","meta":{"_acf_changed":false},"product_brand":[],"product_cat":[521],"product_tag":[530],"class_list":{"0":"post-28435","1":"product","2":"type-product","3":"status-publish","4":"has-post-thumbnail","6":"product_cat-bols","7":"product_tag-animaux","8":"pa_ciudad-menorca","9":"pa_motivo-tortues","10":"pa_pais-espana","12":"first","13":"instock","14":"shipping-taxable","15":"product-type-simple"},"acf":[],"_links":{"self":[{"href":"https:\/\/olemosaic.com\/fr\/wp-json\/wp\/v2\/product\/28435","targetHints":{"allow":["GET"]}}],"collection":[{"href":"https:\/\/olemosaic.com\/fr\/wp-json\/wp\/v2\/product"}],"about":[{"href":"https:\/\/olemosaic.com\/fr\/wp-json\/wp\/v2\/types\/product"}],"wp:featuredmedia":[{"embeddable":true,"href":"https:\/\/olemosaic.com\/fr\/wp-json\/wp\/v2\/media\/11915"}],"wp:attachment":[{"href":"https:\/\/olemosaic.com\/fr\/wp-json\/wp\/v2\/media?parent=28435"}],"wp:term":[{"taxonomy":"product_brand","embeddable":true,"href":"https:\/\/olemosaic.com\/fr\/wp-json\/wp\/v2\/product_brand?post=28435"},{"taxonomy":"product_cat","embeddable":true,"href":"https:\/\/olemosaic.com\/fr\/wp-json\/wp\/v2\/product_cat?post=28435"},{"taxonomy":"product_tag","embeddable":true,"href":"https:\/\/olemosaic.com\/fr\/wp-json\/wp\/v2\/product_tag?post=28435"}],"curies":[{"name":"wp","href":"https:\/\/api.w.org\/{rel}","templated":true}]}}