{"id":28434,"date":"2025-02-20T23:30:03","date_gmt":"2025-02-20T22:30:03","guid":{"rendered":"http:\/\/olemosaic.com\/producto\/bol-de-coco-beige-isla-mallorca\/"},"modified":"2025-07-25T18:52:31","modified_gmt":"2025-07-25T16:52:31","slug":"bol-noix-de-coco-beige-ile-majorque","status":"publish","type":"product","link":"https:\/\/olemosaic.com\/fr\/produit\/bol-noix-de-coco-beige-ile-majorque\/","title":{"rendered":"Bol en noix de coco beige. \u00cele. Majorque."},"content":{"rendered":"<p>Ce bol en noix de coco beige est une v\u00e9ritable repr\u00e9sentation de la beaut\u00e9 de Majorque, con\u00e7u pour apporter une touche d&rsquo;\u00e9l\u00e9gance et de chaleur \u00e0 n&rsquo;importe quel espace. Avec un design exquis en mosa\u00efque dans des tons beige doux \u00e9voquant les paysages naturels et ensoleill\u00e9s de l&rsquo;\u00eele, ce bol se distingue par sa surface brillante qui souligne la texture unique de la noix de coco, cr\u00e9ant un attrait visuel captivant. Au centre, une carte de Majorque est pr\u00e9sent\u00e9e de mani\u00e8re distinctive, ajoutant un \u00e9l\u00e9ment personnel et exclusif qui connecte les utilisateurs \u00e0 l&rsquo;esprit de la M\u00e9diterran\u00e9e. Id\u00e9al aussi bien pour la d\u00e9coration d&rsquo;int\u00e9rieur que pour servir des ap\u00e9ritifs lors d&rsquo;occasions sp\u00e9ciales, ce bol allie parfaitement art et fonctionnalit\u00e9. Chaque pi\u00e8ce est un hommage \u00e0 l&rsquo;artisanat local, refl\u00e9tant la riche culture de l&rsquo;\u00eele et sa tradition artisanale. Chez Ol\u00e9 Mosaic, nous sommes sp\u00e9cialis\u00e9s dans la distribution de souvenirs en gros, et ce bol est une excellente option pour les boutiques de cadeaux touristiques cherchant \u00e0 offrir des produits authentiques et significatifs. Un souvenir de Majorque qui apporte non seulement une beaut\u00e9 esth\u00e9tique, mais aussi une connexion \u00e9motionnelle avec l&rsquo;\u00eele.<\/p>\n","protected":false},"excerpt":{"rendered":"<p>Bol en noix de coco beige fait \u00e0 la main, inspir\u00e9 par la beaut\u00e9 de Majorque. Ce charmant bol pr\u00e9sente un design exquis en mosa\u00efque dans des tons beige, avec des d\u00e9tails lumineux qui \u00e9voquent chaleur et \u00e9l\u00e9gance. La surface brillante souligne la texture naturelle de la noix de coco, tandis qu&rsquo;au centre se dessine une carte de l&rsquo;\u00eele, ajoutant une touche distinctive. Id\u00e9al pour la d\u00e9coration ou pour servir des ap\u00e9ritifs, ce bol allie art et fonctionnalit\u00e9, capturant l&rsquo;esprit m\u00e9diterran\u00e9en.<\/p>\n","protected":false},"featured_media":11879,"template":"","meta":{"_acf_changed":false},"product_brand":[],"product_cat":[521],"product_tag":[],"class_list":{"0":"post-28434","1":"product","2":"type-product","3":"status-publish","4":"has-post-thumbnail","6":"product_cat-bols","7":"pa_ciudad-mallorca","8":"pa_motivo-iles","9":"pa_pais-espana","11":"first","12":"instock","13":"shipping-taxable","14":"product-type-simple"},"acf":[],"_links":{"self":[{"href":"https:\/\/olemosaic.com\/fr\/wp-json\/wp\/v2\/product\/28434","targetHints":{"allow":["GET"]}}],"collection":[{"href":"https:\/\/olemosaic.com\/fr\/wp-json\/wp\/v2\/product"}],"about":[{"href":"https:\/\/olemosaic.com\/fr\/wp-json\/wp\/v2\/types\/product"}],"wp:featuredmedia":[{"embeddable":true,"href":"https:\/\/olemosaic.com\/fr\/wp-json\/wp\/v2\/media\/11879"}],"wp:attachment":[{"href":"https:\/\/olemosaic.com\/fr\/wp-json\/wp\/v2\/media?parent=28434"}],"wp:term":[{"taxonomy":"product_brand","embeddable":true,"href":"https:\/\/olemosaic.com\/fr\/wp-json\/wp\/v2\/product_brand?post=28434"},{"taxonomy":"product_cat","embeddable":true,"href":"https:\/\/olemosaic.com\/fr\/wp-json\/wp\/v2\/product_cat?post=28434"},{"taxonomy":"product_tag","embeddable":true,"href":"https:\/\/olemosaic.com\/fr\/wp-json\/wp\/v2\/product_tag?post=28434"}],"curies":[{"name":"wp","href":"https:\/\/api.w.org\/{rel}","templated":true}]}}