{"id":28427,"date":"2025-02-20T22:30:03","date_gmt":"2025-02-20T22:30:03","guid":{"rendered":"http:\/\/olemosaic.com\/producto\/bol-de-coco-beige-flor\/"},"modified":"2025-07-25T19:03:34","modified_gmt":"2025-07-25T17:03:34","slug":"bol-noix-de-coco-beige-fleur","status":"publish","type":"product","link":"https:\/\/olemosaic.com\/fr\/produit\/bol-noix-de-coco-beige-fleur\/","title":{"rendered":"Bol en noix de coco beige. Fleur."},"content":{"rendered":"<p>Ce bol en noix de coco beige est une pi\u00e8ce d\u00e9corative exceptionnelle, parfaite pour ceux qui recherchent un souvenir encapsulant la chaleur et la richesse des traditions artisanales. \u00c9labor\u00e9 avec soin, ce r\u00e9cipient pr\u00e9sente une finition brillante qui souligne les douces tonalit\u00e9s beiges et marron de la noix de coco, \u00e9voquant l&rsquo;essence des produits naturels. Le design attrayant inclut un d\u00e9licat motif floral au centre, rehauss\u00e9 de tons m\u00e9talliques qui apportent un air moderne et sophistiqu\u00e9, id\u00e9al pour tout foyer contemporain.<\/p>\n<p>La forme organique du bol s&rsquo;adapte \u00e0 diverses d\u00e9corations, en faisant un \u00e9l\u00e9ment polyvalent qui peut \u00eatre utilis\u00e9 aussi bien sur la table que sur le mobilier, se distinguant comme un point focal attrayant. Son design ne le rend pas seulement fonctionnel, mais en fait aussi un magnifique rappel des techniques artisanales transmises de g\u00e9n\u00e9ration en g\u00e9n\u00e9ration dans diverses r\u00e9gions d&rsquo;Espagne et du Portugal, o\u00f9 l&rsquo;utilisation du cocotier est traditionnelle.<\/p>\n<p>Chez Ol\u00e9 Mosaic, en tant que grossiste de souvenirs et d&rsquo;accessoires d\u00e9coratifs, nous proposons ce bol en noix de coco beige non seulement pour sa beaut\u00e9, mais aussi pour sa valeur culturelle, id\u00e9al pour les boutiques de cadeaux touristiques souhaitant surprendre leurs clients avec des produits authentiques et repr\u00e9sentatifs. Acqu\u00e9rir ce bol, ce n&rsquo;est pas seulement emporter chez soi un objet d\u00e9coratif, mais aussi un morceau de tradition et de chaleur qui rappelle l&rsquo;h\u00e9ritage artisanal.<\/p>\n","protected":false},"excerpt":{"rendered":"<p>Bol en noix de coco beige d\u00e9cor\u00e9 d&rsquo;un d\u00e9licat motif floral au centre. Cet \u00e9l\u00e9gant r\u00e9cipient, \u00e9labor\u00e9 en noix de coco, pr\u00e9sente une finition brillante et une s\u00e9rie de tonalit\u00e9s beiges et marron \u00e9voquant la chaleur des traditions artisanales. Les formes douces et organiques du bol se combinent avec un motif floral dans des tons m\u00e9talliques qui lui donnent une touche moderne, en faisant un \u00e9l\u00e9ment d\u00e9coratif attrayant pour n&rsquo;importe quel foyer.<\/p>\n","protected":false},"featured_media":11855,"template":"","meta":{"_acf_changed":false},"product_brand":[],"product_cat":[521],"product_tag":[],"class_list":{"0":"post-28427","1":"product","2":"type-product","3":"status-publish","4":"has-post-thumbnail","6":"product_cat-bols","7":"pa_motivo-fleurs","9":"first","10":"instock","11":"shipping-taxable","12":"product-type-simple"},"acf":[],"_links":{"self":[{"href":"https:\/\/olemosaic.com\/fr\/wp-json\/wp\/v2\/product\/28427","targetHints":{"allow":["GET"]}}],"collection":[{"href":"https:\/\/olemosaic.com\/fr\/wp-json\/wp\/v2\/product"}],"about":[{"href":"https:\/\/olemosaic.com\/fr\/wp-json\/wp\/v2\/types\/product"}],"wp:featuredmedia":[{"embeddable":true,"href":"https:\/\/olemosaic.com\/fr\/wp-json\/wp\/v2\/media\/11855"}],"wp:attachment":[{"href":"https:\/\/olemosaic.com\/fr\/wp-json\/wp\/v2\/media?parent=28427"}],"wp:term":[{"taxonomy":"product_brand","embeddable":true,"href":"https:\/\/olemosaic.com\/fr\/wp-json\/wp\/v2\/product_brand?post=28427"},{"taxonomy":"product_cat","embeddable":true,"href":"https:\/\/olemosaic.com\/fr\/wp-json\/wp\/v2\/product_cat?post=28427"},{"taxonomy":"product_tag","embeddable":true,"href":"https:\/\/olemosaic.com\/fr\/wp-json\/wp\/v2\/product_tag?post=28427"}],"curies":[{"name":"wp","href":"https:\/\/api.w.org\/{rel}","templated":true}]}}