{"id":28426,"date":"2025-02-20T23:30:03","date_gmt":"2025-02-20T22:30:03","guid":{"rendered":"http:\/\/olemosaic.com\/producto\/bol-de-coco-beige-isla-lanzarote\/"},"modified":"2025-07-25T18:46:18","modified_gmt":"2025-07-25T16:46:18","slug":"bol-noix-de-coco-beige-ile-lanzarote","status":"publish","type":"product","link":"https:\/\/olemosaic.com\/fr\/produit\/bol-noix-de-coco-beige-ile-lanzarote\/","title":{"rendered":"Bol en noix de coco beige. \u00cele. Lanzarote."},"content":{"rendered":"<p>Ce bol en noix de coco beige est une pi\u00e8ce artisanale exquise qui capture l&rsquo;essence de Lanzarote. Fabriqu\u00e9 \u00e0 partir de coques de noix de coco recycl\u00e9es, son design \u00e9voque la chaleur de l&rsquo;\u00eele, avec une finition naturelle qui se distingue par ses tons beiges et clairs doux. L&rsquo;int\u00e9rieur du bol est d\u00e9cor\u00e9 d&rsquo;une \u00e9l\u00e9gante carte de Lanzarote, cr\u00e9ant un contraste attrayant qui fusionne culture et fonctionnalit\u00e9. Ce bol n&rsquo;est pas seulement id\u00e9al pour servir des ap\u00e9ritifs, il fonctionne \u00e9galement comme un charmant \u00e9l\u00e9ment d\u00e9coratif, apportant une touche artisanale et exotique \u00e0 n&rsquo;importe quel foyer ou \u00e9v\u00e9nement.<\/p>\n<p>Avec sa forme ronde et ses bords doucement incurv\u00e9s, chaque bol est unique, refl\u00e9tant le d\u00e9vouement et le soin apport\u00e9s \u00e0 l&rsquo;artisanat local. Le lien culturel avec Lanzarote se manifeste dans son design, qui rappelle les paysages volcaniques et les plages dor\u00e9es qui d\u00e9finissent l&rsquo;\u00eele. Ce souvenir ne repr\u00e9sente pas seulement un rappel tangible d&rsquo;un voyage, mais favorise \u00e9galement le respect des techniques traditionnelles et l&rsquo;utilisation de mat\u00e9riaux durables.<\/p>\n<p>Chez Ol\u00e9 Mosaic, nous distribuons des souvenirs authentiques de Lanzarote en gros, et ce bol en noix de coco est une proposition parfaite pour les boutiques de cadeaux touristiques cherchant \u00e0 offrir des produits de qualit\u00e9 avec une valeur culturelle significative. C&rsquo;est une excellente option pour ceux qui recherchent des souvenirs encapsulant la singularit\u00e9 et le caract\u00e8re de l&rsquo;\u00eele.<\/p>\n","protected":false},"excerpt":{"rendered":"<p>Bol en noix de coco beige d\u00e9cor\u00e9 d&rsquo;une carte de Lanzarote, id\u00e9al pour afficher une touche artisanale et exotique dans n&rsquo;importe quel foyer. Fabriqu\u00e9 \u00e0 partir de coque de noix de coco, il pr\u00e9sente une finition naturelle et lisse, avec des motifs en beige et tons clairs \u00e9voquant la chaleur de l&rsquo;\u00eele. Cet \u00e9l\u00e9gant bol, parfait pour servir des ap\u00e9ritifs ou comme \u00e9l\u00e9ment d\u00e9coratif, capture l&rsquo;essence de Lanzarote avec son design tr\u00e8s sp\u00e9cial et attrayant.<\/p>\n","protected":false},"featured_media":11998,"template":"","meta":{"_acf_changed":false},"product_brand":[],"product_cat":[521],"product_tag":[],"class_list":{"0":"post-28426","1":"product","2":"type-product","3":"status-publish","4":"has-post-thumbnail","6":"product_cat-bols","7":"pa_ciudad-lanzarote","8":"pa_motivo-iles","9":"pa_pais-espana","11":"first","12":"instock","13":"shipping-taxable","14":"product-type-simple"},"acf":[],"_links":{"self":[{"href":"https:\/\/olemosaic.com\/fr\/wp-json\/wp\/v2\/product\/28426","targetHints":{"allow":["GET"]}}],"collection":[{"href":"https:\/\/olemosaic.com\/fr\/wp-json\/wp\/v2\/product"}],"about":[{"href":"https:\/\/olemosaic.com\/fr\/wp-json\/wp\/v2\/types\/product"}],"wp:featuredmedia":[{"embeddable":true,"href":"https:\/\/olemosaic.com\/fr\/wp-json\/wp\/v2\/media\/11998"}],"wp:attachment":[{"href":"https:\/\/olemosaic.com\/fr\/wp-json\/wp\/v2\/media?parent=28426"}],"wp:term":[{"taxonomy":"product_brand","embeddable":true,"href":"https:\/\/olemosaic.com\/fr\/wp-json\/wp\/v2\/product_brand?post=28426"},{"taxonomy":"product_cat","embeddable":true,"href":"https:\/\/olemosaic.com\/fr\/wp-json\/wp\/v2\/product_cat?post=28426"},{"taxonomy":"product_tag","embeddable":true,"href":"https:\/\/olemosaic.com\/fr\/wp-json\/wp\/v2\/product_tag?post=28426"}],"curies":[{"name":"wp","href":"https:\/\/api.w.org\/{rel}","templated":true}]}}