{"id":28425,"date":"2025-02-20T22:30:02","date_gmt":"2025-02-20T22:30:02","guid":{"rendered":"http:\/\/olemosaic.com\/producto\/bol-de-coco-beige-caballito-de-mar\/"},"modified":"2025-07-25T18:56:21","modified_gmt":"2025-07-25T16:56:21","slug":"bol-noix-de-coco-beige-hippocampe","status":"publish","type":"product","link":"https:\/\/olemosaic.com\/fr\/produit\/bol-noix-de-coco-beige-hippocampe\/","title":{"rendered":"Bol en noix de coco beige. Hippocampe."},"content":{"rendered":"<p>Ce bol en noix de coco beige est une magnifique repr\u00e9sentation de la beaut\u00e9 naturelle de l&rsquo;environnement marin, id\u00e9al pour ceux qui recherchent un souvenir authentique et d\u00e9coratif. Avec un design artisanal, ce bol se distingue par sa base en noix de coco d&rsquo;un ton beige doux, parsem\u00e9e de taches claires qui lui donnent un charme particulier. Au centre, un \u00e9l\u00e9gant hippocampe peint dans des tons chauds contraste d\u00e9licatement avec le fond, symbolisant le lien avec la mer et la vie marine.<\/p>\n<p>Ce bol n&rsquo;est pas seulement fonctionnel, il peut aussi \u00eatre utilis\u00e9 pour d\u00e9corer des espaces ou comme r\u00e9cipient pour de petits objets, apportant une touche de fra\u00eecheur et de style \u00e0 toute d\u00e9coration. Son design unique \u00e9voque l&rsquo;essence du littoral, en faisant un excellent souvenir repr\u00e9sentatif des traditions c\u00f4ti\u00e8res. Il est parfait pour les touristes qui recherchent des souvenirs capturant la culture et l&rsquo;environnement local, et s&rsquo;adapte \u00e0 toutes les ambiances, que ce soit \u00e0 la maison ou dans une boutique.<\/p>\n<p>Chez Ol\u00e9 Mosaic, nous sommes distributeurs de souvenirs authentiques et ce bol en noix de coco est une excellente option pour les boutiques de cadeaux touristiques souhaitant proposer des produits de qualit\u00e9. En tant que grossiste d&rsquo;articles d\u00e9coratifs, nous garantissons que chaque pi\u00e8ce, comme ce bol, respecte les normes d&rsquo;authenticit\u00e9 et d&rsquo;artisanat, permettant \u00e0 chaque client d&#8217;emporter un morceau de mer chez lui.<\/p>\n","protected":false},"excerpt":{"rendered":"<p>Bol en noix de coco beige d\u00e9cor\u00e9 d&rsquo;un d\u00e9licat hippocampe. Ce bol attrayant pr\u00e9sente un design naturel, avec une base en noix de coco qui souligne sa couleur beige et s&rsquo;orne de taches claires. Au centre, un hippocampe stylis\u00e9, peint dans des tons chauds, contraste subtilement avec le fond. Id\u00e9al pour la d\u00e9coration ou comme r\u00e9cipient pour de petits objets, il \u00e9voque l&rsquo;essence de la mer.<\/p>\n","protected":false},"featured_media":11839,"template":"","meta":{"_acf_changed":false},"product_brand":[],"product_cat":[521],"product_tag":[530],"class_list":{"0":"post-28425","1":"product","2":"type-product","3":"status-publish","4":"has-post-thumbnail","6":"product_cat-bols","7":"product_tag-animaux","8":"pa_motivo-hippocampes","10":"first","11":"instock","12":"shipping-taxable","13":"product-type-simple"},"acf":[],"_links":{"self":[{"href":"https:\/\/olemosaic.com\/fr\/wp-json\/wp\/v2\/product\/28425","targetHints":{"allow":["GET"]}}],"collection":[{"href":"https:\/\/olemosaic.com\/fr\/wp-json\/wp\/v2\/product"}],"about":[{"href":"https:\/\/olemosaic.com\/fr\/wp-json\/wp\/v2\/types\/product"}],"wp:featuredmedia":[{"embeddable":true,"href":"https:\/\/olemosaic.com\/fr\/wp-json\/wp\/v2\/media\/11839"}],"wp:attachment":[{"href":"https:\/\/olemosaic.com\/fr\/wp-json\/wp\/v2\/media?parent=28425"}],"wp:term":[{"taxonomy":"product_brand","embeddable":true,"href":"https:\/\/olemosaic.com\/fr\/wp-json\/wp\/v2\/product_brand?post=28425"},{"taxonomy":"product_cat","embeddable":true,"href":"https:\/\/olemosaic.com\/fr\/wp-json\/wp\/v2\/product_cat?post=28425"},{"taxonomy":"product_tag","embeddable":true,"href":"https:\/\/olemosaic.com\/fr\/wp-json\/wp\/v2\/product_tag?post=28425"}],"curies":[{"name":"wp","href":"https:\/\/api.w.org\/{rel}","templated":true}]}}