{"id":28418,"date":"2025-02-20T23:30:02","date_gmt":"2025-02-20T22:30:02","guid":{"rendered":"http:\/\/olemosaic.com\/producto\/bol-de-coco-beige-salamandra\/"},"modified":"2025-07-25T18:59:26","modified_gmt":"2025-07-25T16:59:26","slug":"bol-noix-de-coco-beige-salamandre","status":"publish","type":"product","link":"https:\/\/olemosaic.com\/fr\/produit\/bol-noix-de-coco-beige-salamandre\/","title":{"rendered":"Bol en noix de coco beige. Salamandre."},"content":{"rendered":"<p>Ce bol en noix de coco bleu est une pi\u00e8ce artisanale qui capture l&rsquo;essence du monde marin vibrant, id\u00e9al pour ceux qui recherchent un souvenir authentique d&rsquo;Espagne. \u00c9labor\u00e9 \u00e0 partir d&rsquo;une s\u00e9lection rigoureuse de noix de coco, il se distingue par son design exquis peint \u00e0 la main, o\u00f9 pr\u00e9dominent les tons bleus et dor\u00e9s \u00e9voquant la profondeur et la beaut\u00e9 de l&rsquo;oc\u00e9an. La technique de mosa\u00efque utilis\u00e9e dans la d\u00e9coration apporte un caract\u00e8re unique, imitant les ondulations des vagues et la lumi\u00e8re se refl\u00e9tant sur l&rsquo;eau. Au centre, un \u00e9l\u00e9gant hippocampe, peint avec d\u00e9licatesse, ajoute une touche distinctive qui souligne le lien avec la vie marine.<\/p>\n<p>Ce bol n&rsquo;est pas seulement un objet d\u00e9coratif, mais aussi un rappel des merveilles naturelles que l&rsquo;on trouve sur les c\u00f4tes espagnoles. Son authenticit\u00e9 et sa finition en font un cadeau parfait pour les touristes qui souhaitent ramener chez eux un morceau de la culture et de l&rsquo;art local. Chez Ol\u00e9 Mosaic, en tant que distributeurs de souvenirs de qualit\u00e9, nous proposons ce bol en noix de coco bleu dans le cadre de notre collection de produits embl\u00e9matiques refl\u00e9tant la richesse du folklore et de l&rsquo;artisanat de la r\u00e9gion. Id\u00e9al pour les boutiques de cadeaux touristiques, ce bol est une excellente proposition pour ceux qui recherchent authenticit\u00e9 et beaut\u00e9 dans leurs achats.<\/p>\n","protected":false},"excerpt":{"rendered":"<p>Bol en noix de coco beige, orn\u00e9 d&rsquo;une salamandre. Ce magnifique bol pr\u00e9sente un design singulier aux formes arrondies et au toucher doux, avec des tons beige et marron. Au centre, une salamandre au design artisanal, peinte \u00e0 la main, attire le regard, symbolisant la richesse de la faune m\u00e9diterran\u00e9enne. Id\u00e9al comme \u00e9l\u00e9ment d\u00e9coratif ou pour un usage pratique, ce bol est une touche d&rsquo;artisanat traditionnel qui \u00e9voque la chaleur des r\u00e9gions c\u00f4ti\u00e8res espagnoles.<\/p>\n","protected":false},"featured_media":11835,"template":"","meta":{"_acf_changed":false},"product_brand":[],"product_cat":[521],"product_tag":[530],"class_list":{"0":"post-28418","1":"product","2":"type-product","3":"status-publish","4":"has-post-thumbnail","6":"product_cat-bols","7":"product_tag-animaux","8":"pa_motivo-salamandres","10":"first","11":"instock","12":"shipping-taxable","13":"product-type-simple"},"acf":[],"_links":{"self":[{"href":"https:\/\/olemosaic.com\/fr\/wp-json\/wp\/v2\/product\/28418","targetHints":{"allow":["GET"]}}],"collection":[{"href":"https:\/\/olemosaic.com\/fr\/wp-json\/wp\/v2\/product"}],"about":[{"href":"https:\/\/olemosaic.com\/fr\/wp-json\/wp\/v2\/types\/product"}],"wp:featuredmedia":[{"embeddable":true,"href":"https:\/\/olemosaic.com\/fr\/wp-json\/wp\/v2\/media\/11835"}],"wp:attachment":[{"href":"https:\/\/olemosaic.com\/fr\/wp-json\/wp\/v2\/media?parent=28418"}],"wp:term":[{"taxonomy":"product_brand","embeddable":true,"href":"https:\/\/olemosaic.com\/fr\/wp-json\/wp\/v2\/product_brand?post=28418"},{"taxonomy":"product_cat","embeddable":true,"href":"https:\/\/olemosaic.com\/fr\/wp-json\/wp\/v2\/product_cat?post=28418"},{"taxonomy":"product_tag","embeddable":true,"href":"https:\/\/olemosaic.com\/fr\/wp-json\/wp\/v2\/product_tag?post=28418"}],"curies":[{"name":"wp","href":"https:\/\/api.w.org\/{rel}","templated":true}]}}