{"id":28415,"date":"2025-02-20T22:30:02","date_gmt":"2025-02-20T22:30:02","guid":{"rendered":"http:\/\/olemosaic.com\/producto\/bol-de-coco-beige-isla-fuerteventura\/"},"modified":"2025-07-25T19:55:39","modified_gmt":"2025-07-25T17:55:39","slug":"bol-noix-de-coco-beige-ile-fuerteventura","status":"publish","type":"product","link":"https:\/\/olemosaic.com\/fr\/produit\/bol-noix-de-coco-beige-ile-fuerteventura\/","title":{"rendered":"Bol en noix de coco beige. \u00cele. Fuerteventura."},"content":{"rendered":"<p>Ce bol en noix de coco beige est un authentique souvenir de Fuerteventura, id\u00e9al pour ceux qui recherchent une touche rustique et naturelle dans leur maison. \u00c9labor\u00e9 m\u00e9ticuleusement \u00e0 partir d&rsquo;une coque de noix de coco, cet \u00e9l\u00e9gant r\u00e9cipient pr\u00e9sente un design d\u00e9coratif dans des tons beiges qui simule la texture des pierres, \u00e9voquant la beaut\u00e9 du paysage canarien. Sa forme arrondie et ses finitions brillantes apportent non seulement un style artisanal, mais refl\u00e8tent \u00e9galement la lumi\u00e8re, transformant n&rsquo;importe quel espace par sa chaleur et son originalit\u00e9.<\/p>\n<p>Parfait comme \u00e9l\u00e9ment d\u00e9coratif, ce bol peut \u00eatre utilis\u00e9 pour exposer de petites \u0153uvres d&rsquo;art, des plantes s\u00e9ch\u00e9es ou comme simple r\u00e9cipient pour divers objets, ajoutant un air de sophistication rustique. La texture unique de sa surface offre une connexion visuelle avec la nature et la culture de Fuerteventura, une \u00eele connue pour ses impressionnants paysages volcaniques et sa biodiversit\u00e9.<\/p>\n<p>Chez Ol\u00e9 Mosaic, nous savons que les souvenirs doivent capturer l&rsquo;essence de leur r\u00e9gion. Ce bol en noix de coco est une excellente repr\u00e9sentation de l&rsquo;esprit canarien, ce qui en fait un choix parfait pour les touristes \u00e0 la recherche de souvenirs authentiques et significatifs. En tant que grossiste de souvenirs de Fuerteventura, nous garantissons la qualit\u00e9 et l&rsquo;authenticit\u00e9 de chaque pi\u00e8ce.<\/p>\n","protected":false},"excerpt":{"rendered":"<p>Bol en noix de coco beige, inspir\u00e9 par l&rsquo;\u00eele paradisiaque de Fuerteventura. Cet \u00e9l\u00e9gant bol est fabriqu\u00e9 \u00e0 partir d&rsquo;une coque de noix de coco, avec un design d\u00e9coratif dans des tons beiges et des finitions simulant des pierres, soulignant sa texture naturelle. Son int\u00e9rieur brillant refl\u00e8te la lumi\u00e8re et ajoute une touche rustique et authentique \u00e0 n&rsquo;importe quelle pi\u00e8ce. Id\u00e9al comme \u00e9l\u00e9ment d\u00e9coratif ou petit r\u00e9cipient artisanal, il capture l&rsquo;essence de l&rsquo;environnement canarien.<\/p>\n","protected":false},"featured_media":11990,"template":"","meta":{"_acf_changed":false},"product_brand":[],"product_cat":[521],"product_tag":[],"class_list":{"0":"post-28415","1":"product","2":"type-product","3":"status-publish","4":"has-post-thumbnail","6":"product_cat-bols","7":"pa_ciudad-fuerteventura","8":"pa_motivo-iles","9":"pa_pais-espana","11":"first","12":"instock","13":"shipping-taxable","14":"product-type-simple"},"acf":[],"_links":{"self":[{"href":"https:\/\/olemosaic.com\/fr\/wp-json\/wp\/v2\/product\/28415","targetHints":{"allow":["GET"]}}],"collection":[{"href":"https:\/\/olemosaic.com\/fr\/wp-json\/wp\/v2\/product"}],"about":[{"href":"https:\/\/olemosaic.com\/fr\/wp-json\/wp\/v2\/types\/product"}],"wp:featuredmedia":[{"embeddable":true,"href":"https:\/\/olemosaic.com\/fr\/wp-json\/wp\/v2\/media\/11990"}],"wp:attachment":[{"href":"https:\/\/olemosaic.com\/fr\/wp-json\/wp\/v2\/media?parent=28415"}],"wp:term":[{"taxonomy":"product_brand","embeddable":true,"href":"https:\/\/olemosaic.com\/fr\/wp-json\/wp\/v2\/product_brand?post=28415"},{"taxonomy":"product_cat","embeddable":true,"href":"https:\/\/olemosaic.com\/fr\/wp-json\/wp\/v2\/product_cat?post=28415"},{"taxonomy":"product_tag","embeddable":true,"href":"https:\/\/olemosaic.com\/fr\/wp-json\/wp\/v2\/product_tag?post=28415"}],"curies":[{"name":"wp","href":"https:\/\/api.w.org\/{rel}","templated":true}]}}