{"id":28388,"date":"2025-02-20T22:30:01","date_gmt":"2025-02-20T22:30:01","guid":{"rendered":"http:\/\/olemosaic.com\/producto\/bol-de-coco-beige-delfin\/"},"modified":"2025-07-25T19:09:20","modified_gmt":"2025-07-25T17:09:20","slug":"bol-en-noix-de-coco-beige-dauphin","status":"publish","type":"product","link":"https:\/\/olemosaic.com\/fr\/produit\/bol-en-noix-de-coco-beige-dauphin\/","title":{"rendered":"Bol en noix de coco beige. Dauphin."},"content":{"rendered":"<p>Ce bol en noix de coco beige, d\u00e9cor\u00e9 d&rsquo;un dessin de dauphin, est une pi\u00e8ce charmante qui apportera une touche c\u00f4ti\u00e8re \u00e0 n&rsquo;importe quel espace. Fabriqu\u00e9 en noix de coco, ce r\u00e9cipient pr\u00e9sente un design naturel et doux, avec une finition brillante qui souligne les tons beige et lui conf\u00e8re un air \u00e9l\u00e9gant. Au centre, un dauphin dessin\u00e9 dans un ton orang\u00e9 doux attire le regard, entour\u00e9 de motifs organiques \u00e9voquant la beaut\u00e9 de l&rsquo;environnement marin. Ce bol n&rsquo;est pas seulement visuellement attrayant, il est aussi fonctionnel, id\u00e9al pour une utilisation en cuisine ou comme \u00e9l\u00e9ment d\u00e9coratif dans n&rsquo;importe quel coin de la maison.<\/p>\n<p>Le design du bol est une repr\u00e9sentation parfaite de la vie maritime, rendant hommage \u00e0 la faune c\u00f4ti\u00e8re des r\u00e9gions o\u00f9 le dauphin est un symbole de joie et de libert\u00e9. Ce type d&rsquo;artisanat est un excellent souvenir pour ceux qui cherchent \u00e0 emporter une partie du charme de la mer. Chez Ol\u00e9 Mosaic, nous sommes fiers de proposer des souvenirs authentiques qui capturent l&rsquo;essence culturelle des destinations touristiques. Ce bol est une option id\u00e9ale pour les boutiques de cadeaux touristiques souhaitant offrir des produits uniques et repr\u00e9sentatifs. Ajouter ce bol en noix de coco d\u00e9cor\u00e9 d&rsquo;un dauphin \u00e0 votre inventaire enrichira non seulement votre offre, mais fournira \u00e9galement \u00e0 vos clients un souvenir significatif de leur exp\u00e9rience c\u00f4ti\u00e8re.<\/p>\n","protected":false},"excerpt":{"rendered":"<p>Bol en noix de coco beige d\u00e9cor\u00e9 d&rsquo;une illustration de dauphin, parfait pour apporter une touche c\u00f4ti\u00e8re \u00e0 n&rsquo;importe quel espace. Ce r\u00e9cipient pr\u00e9sente un design doux et naturel, gr\u00e2ce \u00e0 son mat\u00e9riau en noix de coco et \u00e0 sa finition lustr\u00e9e qui souligne les tons beige. Le dauphin, dessin\u00e9 dans un ton orang\u00e9 doux, se trouve au centre, entour\u00e9 de motifs organiques, cr\u00e9ant une pi\u00e8ce d\u00e9corative qui \u00e9voque le charme de la vie marine. Id\u00e9al comme objet d\u00e9coratif ou pour une utilisation en cuisine.<\/p>\n","protected":false},"featured_media":11843,"template":"","meta":{"_acf_changed":false},"product_brand":[],"product_cat":[521],"product_tag":[530],"class_list":{"0":"post-28388","1":"product","2":"type-product","3":"status-publish","4":"has-post-thumbnail","6":"product_cat-bols","7":"product_tag-animaux","8":"pa_motivo-dauphins","10":"first","11":"instock","12":"shipping-taxable","13":"product-type-simple"},"acf":[],"_links":{"self":[{"href":"https:\/\/olemosaic.com\/fr\/wp-json\/wp\/v2\/product\/28388","targetHints":{"allow":["GET"]}}],"collection":[{"href":"https:\/\/olemosaic.com\/fr\/wp-json\/wp\/v2\/product"}],"about":[{"href":"https:\/\/olemosaic.com\/fr\/wp-json\/wp\/v2\/types\/product"}],"wp:featuredmedia":[{"embeddable":true,"href":"https:\/\/olemosaic.com\/fr\/wp-json\/wp\/v2\/media\/11843"}],"wp:attachment":[{"href":"https:\/\/olemosaic.com\/fr\/wp-json\/wp\/v2\/media?parent=28388"}],"wp:term":[{"taxonomy":"product_brand","embeddable":true,"href":"https:\/\/olemosaic.com\/fr\/wp-json\/wp\/v2\/product_brand?post=28388"},{"taxonomy":"product_cat","embeddable":true,"href":"https:\/\/olemosaic.com\/fr\/wp-json\/wp\/v2\/product_cat?post=28388"},{"taxonomy":"product_tag","embeddable":true,"href":"https:\/\/olemosaic.com\/fr\/wp-json\/wp\/v2\/product_tag?post=28388"}],"curies":[{"name":"wp","href":"https:\/\/api.w.org\/{rel}","templated":true}]}}