{"id":28387,"date":"2025-02-20T22:30:01","date_gmt":"2025-02-20T22:30:01","guid":{"rendered":"http:\/\/olemosaic.com\/producto\/bol-de-coco-beige-salamandra-barcelona\/"},"modified":"2025-07-25T19:12:32","modified_gmt":"2025-07-25T17:12:32","slug":"bol-en-noix-de-coco-beige-salamandre-barcelone","status":"publish","type":"product","link":"https:\/\/olemosaic.com\/fr\/produit\/bol-en-noix-de-coco-beige-salamandre-barcelone\/","title":{"rendered":"Bol en noix de coco beige. Salamandre. Barcelone."},"content":{"rendered":"<p>Ce bol en noix de coco beige, d\u00e9cor\u00e9 d&rsquo;une magnifique salamandre, est un authentique souvenir de Barcelone qui encapsule l&rsquo;essence m\u00e9diterran\u00e9enne. Avec une finition dans les tons cr\u00e8me, chaque bol est unique gr\u00e2ce \u00e0 sa production artisanale et \u00e0 l&rsquo;utilisation de mat\u00e9riaux naturels, refl\u00e9tant le riche h\u00e9ritage artisanal de la r\u00e9gion. Au centre du bol, une illustration d\u00e9taill\u00e9e d&rsquo;une salamandre ressort en marron, symbolisant le lien de la ville avec la nature et sa faune autochtone. Le design artistique qui orne son bord combine des formes organiques rappelant les textures des paysages m\u00e9diterran\u00e9ens, ce qui en fait un excellent \u00e9l\u00e9ment d\u00e9coratif ou un compl\u00e9ment pratique pour servir des ap\u00e9ritifs et des tapas.<\/p>\n<p>Ce bol n&rsquo;est pas seulement un article fonctionnel, mais aussi un rappel de l&rsquo;esprit vibrant de Barcelone, connue pour sa culture dynamique et ses mosa\u00efques color\u00e9es. Il repr\u00e9sente un morceau de la vie quotidienne catalane et est parfait pour les touristes cherchant \u00e0 emporter un symbole repr\u00e9sentatif de la ville. Chez Ol\u00e9 Mosaic, sp\u00e9cialis\u00e9s dans les souvenirs en gros, nous proposons cette pi\u00e8ce exceptionnelle qui sera un grand attrait pour les boutiques de cadeaux touristiques. Avec ce bol en noix de coco beige, les visiteurs pourront profiter d&rsquo;un souvenir authentique et significatif de leur passage \u00e0 Barcelone.<\/p>\n","protected":false},"excerpt":{"rendered":"<p>Bol en noix de coco beige d\u00e9cor\u00e9 d&rsquo;un design de salamandre, un symbole embl\u00e9matique de Barcelone. Ce pr\u00e9cieux bol, avec une finition dans les tons cr\u00e8me et des d\u00e9tails marron, met en valeur la salamandre au centre et une touche artistique sur le bord. Id\u00e9al pour servir ou comme \u00e9l\u00e9ment d\u00e9coratif, sa production artisanale et l&rsquo;utilisation de mat\u00e9riaux naturels assurent un produit unique qui capture l&rsquo;essence m\u00e9diterran\u00e9enne.<\/p>\n","protected":false},"featured_media":11863,"template":"","meta":{"_acf_changed":false},"product_brand":[],"product_cat":[521],"product_tag":[530],"class_list":{"0":"post-28387","1":"product","2":"type-product","3":"status-publish","4":"has-post-thumbnail","6":"product_cat-bols","7":"product_tag-animaux","8":"pa_ciudad-barcelona","9":"pa_motivo-salamandres","10":"pa_pais-espana","12":"first","13":"instock","14":"shipping-taxable","15":"product-type-simple"},"acf":[],"_links":{"self":[{"href":"https:\/\/olemosaic.com\/fr\/wp-json\/wp\/v2\/product\/28387","targetHints":{"allow":["GET"]}}],"collection":[{"href":"https:\/\/olemosaic.com\/fr\/wp-json\/wp\/v2\/product"}],"about":[{"href":"https:\/\/olemosaic.com\/fr\/wp-json\/wp\/v2\/types\/product"}],"wp:featuredmedia":[{"embeddable":true,"href":"https:\/\/olemosaic.com\/fr\/wp-json\/wp\/v2\/media\/11863"}],"wp:attachment":[{"href":"https:\/\/olemosaic.com\/fr\/wp-json\/wp\/v2\/media?parent=28387"}],"wp:term":[{"taxonomy":"product_brand","embeddable":true,"href":"https:\/\/olemosaic.com\/fr\/wp-json\/wp\/v2\/product_brand?post=28387"},{"taxonomy":"product_cat","embeddable":true,"href":"https:\/\/olemosaic.com\/fr\/wp-json\/wp\/v2\/product_cat?post=28387"},{"taxonomy":"product_tag","embeddable":true,"href":"https:\/\/olemosaic.com\/fr\/wp-json\/wp\/v2\/product_tag?post=28387"}],"curies":[{"name":"wp","href":"https:\/\/api.w.org\/{rel}","templated":true}]}}