{"id":28386,"date":"2025-02-20T22:30:01","date_gmt":"2025-02-20T22:30:01","guid":{"rendered":"http:\/\/olemosaic.com\/producto\/bol-de-coco-beige-salamandra-mallorca\/"},"modified":"2025-07-25T20:07:34","modified_gmt":"2025-07-25T18:07:34","slug":"bol-en-noix-de-coco-beige-salamandre-majorque","status":"publish","type":"product","link":"https:\/\/olemosaic.com\/fr\/produit\/bol-en-noix-de-coco-beige-salamandre-majorque\/","title":{"rendered":"Bol en noix de coco beige. Salamandre. Majorque."},"content":{"rendered":"<p>Ce bol en noix de coco beige, orn\u00e9 d&rsquo;un design vibrant de salamandre, est une pi\u00e8ce unique qui capture l&rsquo;essence de Majorque. Fabriqu\u00e9 avec une attention particuli\u00e8re aux d\u00e9tails, la finition brillante du bol souligne sa couleur beige naturelle, tandis qu&rsquo;un joyeux motif de cercles dans les tons violets orne son ext\u00e9rieur, \u00e9voquant la fra\u00eecheur et la luminosit\u00e9 de l&rsquo;ambiance m\u00e9diterran\u00e9enne. \u00c0 l&rsquo;int\u00e9rieur, un \u00e9l\u00e9gant motif de salamandre dor\u00e9e surprend et ravit, symbolisant la riche faune de l&rsquo;\u00eele et son lien avec la nature.<\/p>\n<p>L&rsquo;inscription \u00ab\u00a0Mallorca\u00a0\u00bb est \u00e9l\u00e9gamment plac\u00e9e \u00e0 la base du dessin, apportant une touche distinctive et locale qui garantit son authenticit\u00e9 en tant que souvenir typique de la r\u00e9gion. Ce bol est polyvalent, id\u00e9al pour servir des aliments, mais aussi comme objet d\u00e9coratif, s&rsquo;int\u00e9grant facilement dans n&rsquo;importe quel espace et ajoutant une touche de couleur et d&rsquo;art.<\/p>\n<p>Ol\u00e9 Mosaic est fier de proposer ce bol en noix de coco dans le cadre de sa collection de souvenirs de Majorque, une excellente option pour les boutiques de cadeaux touristiques \u00e0 la recherche de produits authentiques et culturellement repr\u00e9sentatifs. En tant que grossiste de souvenirs, nous garantissons que chaque pi\u00e8ce capture non seulement la beaut\u00e9 de l&rsquo;\u00eele, mais raconte aussi une histoire que les touristes voudront emporter chez eux.<\/p>\n","protected":false},"excerpt":{"rendered":"<p>Bol en noix de coco beige d\u00e9cor\u00e9 d&rsquo;un design vibrant de salamandre, un motif typique de Majorque. Ce bol attrayant pr\u00e9sente une finition brillante et est orn\u00e9 d&rsquo;un motif de cercles dans les tons violets \u00e9voquant l&rsquo;ambiance m\u00e9diterran\u00e9enne. \u00c0 l&rsquo;int\u00e9rieur, une \u00e9l\u00e9gante salamandre dor\u00e9e se distingue ainsi que l&rsquo;inscription \u00ab\u00a0Mallorca\u00a0\u00bb, lui donnant une touche distinctive et locale. Id\u00e9al pour servir ou comme objet d\u00e9coratif, il allie fonctionnalit\u00e9 et art.<\/p>\n","protected":false},"featured_media":11884,"template":"","meta":{"_acf_changed":false},"product_brand":[],"product_cat":[521],"product_tag":[530],"class_list":{"0":"post-28386","1":"product","2":"type-product","3":"status-publish","4":"has-post-thumbnail","6":"product_cat-bols","7":"product_tag-animaux","8":"pa_ciudad-mallorca","9":"pa_motivo-salamandres","10":"pa_pais-espana","12":"first","13":"instock","14":"shipping-taxable","15":"product-type-simple"},"acf":[],"_links":{"self":[{"href":"https:\/\/olemosaic.com\/fr\/wp-json\/wp\/v2\/product\/28386","targetHints":{"allow":["GET"]}}],"collection":[{"href":"https:\/\/olemosaic.com\/fr\/wp-json\/wp\/v2\/product"}],"about":[{"href":"https:\/\/olemosaic.com\/fr\/wp-json\/wp\/v2\/types\/product"}],"wp:featuredmedia":[{"embeddable":true,"href":"https:\/\/olemosaic.com\/fr\/wp-json\/wp\/v2\/media\/11884"}],"wp:attachment":[{"href":"https:\/\/olemosaic.com\/fr\/wp-json\/wp\/v2\/media?parent=28386"}],"wp:term":[{"taxonomy":"product_brand","embeddable":true,"href":"https:\/\/olemosaic.com\/fr\/wp-json\/wp\/v2\/product_brand?post=28386"},{"taxonomy":"product_cat","embeddable":true,"href":"https:\/\/olemosaic.com\/fr\/wp-json\/wp\/v2\/product_cat?post=28386"},{"taxonomy":"product_tag","embeddable":true,"href":"https:\/\/olemosaic.com\/fr\/wp-json\/wp\/v2\/product_tag?post=28386"}],"curies":[{"name":"wp","href":"https:\/\/api.w.org\/{rel}","templated":true}]}}