{"id":28385,"date":"2025-02-20T22:30:01","date_gmt":"2025-02-20T22:30:01","guid":{"rendered":"http:\/\/olemosaic.com\/producto\/bol-de-coco-beige-caballito-de-mar-tenerife\/"},"modified":"2025-07-25T18:59:57","modified_gmt":"2025-07-25T16:59:57","slug":"bol-en-noix-de-coco-beige-hippocampe-tenerife","status":"publish","type":"product","link":"https:\/\/olemosaic.com\/fr\/produit\/bol-en-noix-de-coco-beige-hippocampe-tenerife\/","title":{"rendered":"Bol en noix de coco beige. Hippocampe. Tenerife."},"content":{"rendered":"<p>Ce bol en noix de coco beige, orn\u00e9 d&rsquo;un \u00e9l\u00e9gant hippocampe, est une repr\u00e9sentation exquise de l&rsquo;essence de Tenerife. Fabriqu\u00e9 \u00e0 partir de coque de noix de coco, chaque pi\u00e8ce refl\u00e8te la beaut\u00e9 naturelle des \u00eeles Canaries, avec une finition douce qui souligne ses d\u00e9licats tons beige et dor\u00e9s. Son design, aux motifs circulaires, apporte une touche artistique et distinctive, faisant de ce bol un objet \u00e0 la fois d\u00e9coratif et fonctionnel. L&rsquo;hippocampe, symbole de l&rsquo;environnement marin de Tenerife, ajoute un charme particulier, \u00e9voquant la vie marine vibrante qui entoure l&rsquo;\u00eele. Cet article est id\u00e9al pour d\u00e9corer les espaces int\u00e9rieurs, mais peut aussi \u00eatre utilis\u00e9 au quotidien, comme un magnifique centre de table ou un \u00e9l\u00e9gant r\u00e9cipient pour de petits objets. En tant que souvenir de Tenerife, ce bol est un v\u00e9ritable rappel du patrimoine naturel de la r\u00e9gion, id\u00e9al pour les touristes souhaitant emporter un morceau de la culture canarienne. Chez Ol\u00e9 Mosaic, nous distribuons ce type d&rsquo;articles de qualit\u00e9 en gros, offrant des souvenirs authentiques et repr\u00e9sentatifs de Tenerife qui capturent la magie des \u00eeles.<\/p>\n","protected":false},"excerpt":{"rendered":"<p>Bol en noix de coco beige d\u00e9cor\u00e9 d&rsquo;un \u00e9l\u00e9gant hippocampe, repr\u00e9sentant l&rsquo;essence de Tenerife. Cet article attrayant, fabriqu\u00e9 \u00e0 partir de coque de noix de coco, pr\u00e9sente une finition douce qui souligne ses tons beige et dor\u00e9s. Les motifs circulaires apportent une touche artistique et distinctive, tandis que l&rsquo;hippocampe, symbole de l&rsquo;environnement marin local, ajoute un charme particulier. Id\u00e9al pour la d\u00e9coration ou un usage quotidien, il allie beaut\u00e9 et fonctionnalit\u00e9.<\/p>\n","protected":false},"featured_media":11927,"template":"","meta":{"_acf_changed":false},"product_brand":[],"product_cat":[521],"product_tag":[530],"class_list":{"0":"post-28385","1":"product","2":"type-product","3":"status-publish","4":"has-post-thumbnail","6":"product_cat-bols","7":"product_tag-animaux","8":"pa_ciudad-tenerife","9":"pa_motivo-hippocampes","10":"pa_pais-espana","12":"first","13":"instock","14":"shipping-taxable","15":"product-type-simple"},"acf":[],"_links":{"self":[{"href":"https:\/\/olemosaic.com\/fr\/wp-json\/wp\/v2\/product\/28385","targetHints":{"allow":["GET"]}}],"collection":[{"href":"https:\/\/olemosaic.com\/fr\/wp-json\/wp\/v2\/product"}],"about":[{"href":"https:\/\/olemosaic.com\/fr\/wp-json\/wp\/v2\/types\/product"}],"wp:featuredmedia":[{"embeddable":true,"href":"https:\/\/olemosaic.com\/fr\/wp-json\/wp\/v2\/media\/11927"}],"wp:attachment":[{"href":"https:\/\/olemosaic.com\/fr\/wp-json\/wp\/v2\/media?parent=28385"}],"wp:term":[{"taxonomy":"product_brand","embeddable":true,"href":"https:\/\/olemosaic.com\/fr\/wp-json\/wp\/v2\/product_brand?post=28385"},{"taxonomy":"product_cat","embeddable":true,"href":"https:\/\/olemosaic.com\/fr\/wp-json\/wp\/v2\/product_cat?post=28385"},{"taxonomy":"product_tag","embeddable":true,"href":"https:\/\/olemosaic.com\/fr\/wp-json\/wp\/v2\/product_tag?post=28385"}],"curies":[{"name":"wp","href":"https:\/\/api.w.org\/{rel}","templated":true}]}}