{"id":28384,"date":"2025-02-20T22:30:00","date_gmt":"2025-02-20T22:30:00","guid":{"rendered":"http:\/\/olemosaic.com\/producto\/bol-de-coco-beige-caballito-de-mar-mallorca\/"},"modified":"2025-07-25T20:22:01","modified_gmt":"2025-07-25T18:22:01","slug":"bol-en-noix-de-coco-beige-hippocampe-majorque","status":"publish","type":"product","link":"https:\/\/olemosaic.com\/fr\/produit\/bol-en-noix-de-coco-beige-hippocampe-majorque\/","title":{"rendered":"Bol en noix de coco beige. Hippocampe. Majorque."},"content":{"rendered":"<p>Ce bol en noix de coco beige, d\u00e9cor\u00e9 d&rsquo;un \u00e9l\u00e9gant hippocampe, est un v\u00e9ritable symbole de la beaut\u00e9 marine de Majorque. Fabriqu\u00e9 \u00e0 partir d&rsquo;une coque de noix de coco naturelle, cet article se distingue par son design artistique qui combine harmonieusement des tons beige et dor\u00e9s, imitant les formes des coquillages et \u00e9voquant la tranquillit\u00e9 des plages de l&rsquo;\u00eele. L&rsquo;hippocampe, m\u00e9ticuleusement repr\u00e9sent\u00e9 au centre du bol, symbolise la vie marine et la richesse de l&rsquo;environnement m\u00e9diterran\u00e9en, cr\u00e9ant un lien direct avec la culture et la nature de Majorque.<\/p>\n<p>La brillance subtile qui recouvre le bol non seulement rehausse ses formes, mais lui ajoute \u00e9galement une touche d&rsquo;\u00e9l\u00e9gance, en faisant un objet d\u00e9coratif qui s&rsquo;adapte \u00e0 n&rsquo;importe quel espace. Ce bol n&rsquo;est pas seulement un souvenir de Majorque, mais aussi un rappel de la beaut\u00e9 de l&rsquo;oc\u00e9an, id\u00e9al pour ceux qui souhaitent emporter un petit morceau de l&rsquo;\u00eele chez eux.<\/p>\n<p>Chez Ol\u00e9 Mosaic, nous sommes sp\u00e9cialis\u00e9s dans la distribution de souvenirs en gros, offrant des produits authentiques et de qualit\u00e9 qui repr\u00e9sentent la diversit\u00e9 culturelle de l&rsquo;Espagne. Ce bol en noix de coco est une excellente option pour les boutiques de cadeaux touristiques \u00e0 la recherche d&rsquo;articles distinctifs et significatifs qui capturent l&rsquo;essence de Majorque. Avec son design unique et sa pertinence culturelle, ce bol devient un choix parfait pour ceux qui recherchent des souvenirs de l&rsquo;\u00eele.<\/p>\n","protected":false},"excerpt":{"rendered":"<p>Bol en noix de coco beige d\u00e9cor\u00e9 d&rsquo;un \u00e9l\u00e9gant hippocampe, symbole de la beaut\u00e9 marine de Majorque. Cet article attrayant, fabriqu\u00e9 \u00e0 partir de coque de noix de coco, pr\u00e9sente un design artistique avec des motifs dans les tons beige et dor\u00e9s imitant les formes de coquillages. L&rsquo;image de l&rsquo;hippocampe, avec une finition brillante subtile, renforce le lien avec l&rsquo;oc\u00e9an, en faisant un excellent souvenir de l&rsquo;\u00eele bal\u00e9are.<\/p>\n","protected":false},"featured_media":11887,"template":"","meta":{"_acf_changed":false},"product_brand":[],"product_cat":[521],"product_tag":[530],"class_list":{"0":"post-28384","1":"product","2":"type-product","3":"status-publish","4":"has-post-thumbnail","6":"product_cat-bols","7":"product_tag-animaux","8":"pa_ciudad-mallorca","9":"pa_motivo-hippocampes","10":"pa_pais-espana","12":"first","13":"instock","14":"shipping-taxable","15":"product-type-simple"},"acf":[],"_links":{"self":[{"href":"https:\/\/olemosaic.com\/fr\/wp-json\/wp\/v2\/product\/28384","targetHints":{"allow":["GET"]}}],"collection":[{"href":"https:\/\/olemosaic.com\/fr\/wp-json\/wp\/v2\/product"}],"about":[{"href":"https:\/\/olemosaic.com\/fr\/wp-json\/wp\/v2\/types\/product"}],"wp:featuredmedia":[{"embeddable":true,"href":"https:\/\/olemosaic.com\/fr\/wp-json\/wp\/v2\/media\/11887"}],"wp:attachment":[{"href":"https:\/\/olemosaic.com\/fr\/wp-json\/wp\/v2\/media?parent=28384"}],"wp:term":[{"taxonomy":"product_brand","embeddable":true,"href":"https:\/\/olemosaic.com\/fr\/wp-json\/wp\/v2\/product_brand?post=28384"},{"taxonomy":"product_cat","embeddable":true,"href":"https:\/\/olemosaic.com\/fr\/wp-json\/wp\/v2\/product_cat?post=28384"},{"taxonomy":"product_tag","embeddable":true,"href":"https:\/\/olemosaic.com\/fr\/wp-json\/wp\/v2\/product_tag?post=28384"}],"curies":[{"name":"wp","href":"https:\/\/api.w.org\/{rel}","templated":true}]}}