{"id":28378,"date":"2025-02-20T23:30:00","date_gmt":"2025-02-20T22:30:00","guid":{"rendered":"http:\/\/olemosaic.com\/producto\/bol-de-coco-beige-sardina\/"},"modified":"2025-07-25T19:05:27","modified_gmt":"2025-07-25T17:05:27","slug":"bol-en-noix-de-coco-beige-sardine","status":"publish","type":"product","link":"https:\/\/olemosaic.com\/fr\/produit\/bol-en-noix-de-coco-beige-sardine\/","title":{"rendered":"Bol en noix de coco beige. Sardine."},"content":{"rendered":"<p>Ce bol en noix de coco beige, d\u00e9cor\u00e9 de motifs de sardines, est une pi\u00e8ce exceptionnelle qui c\u00e9l\u00e8bre la riche tradition de la p\u00eache au Portugal. Fabriqu\u00e9 avec des mat\u00e9riaux naturels, son design pr\u00e9sente une finition lisse et brillante, avec des formes arrondies qui ajoutent une touche \u00e9l\u00e9gante et moderne. Les motifs color\u00e9s de sardines sont soigneusement peints \u00e0 la main, ce qui fait de chaque bol une \u0153uvre unique rendant hommage \u00e0 la gastronomie portugaise et \u00e0 son lien \u00e9troit avec la mer.<\/p>\n<p>La repr\u00e9sentation des sardines, un symbole embl\u00e9matique de la culture portugaise, \u00e9voque des images de festivals et de c\u00e9l\u00e9brations estivales, o\u00f9 ce poisson est le protagoniste des repas de famille et des festivit\u00e9s populaires, comme les c\u00e9l\u00e8bres Festas de Lisboa. Ce bol n&rsquo;est pas seulement id\u00e9al pour servir des ap\u00e9ritifs, il peut \u00e9galement fonctionner comme une pi\u00e8ce d\u00e9corative attrayante qui apportera un air authentique \u00e0 n&rsquo;importe quel foyer.<\/p>\n<p>Chez Ol\u00e9 Mosaic, nous comprenons l&rsquo;importance de proposer des souvenirs authentiques qui racontent une histoire culturelle. Ce bol en noix de coco beige est une excellente option pour les boutiques de cadeaux touristiques \u00e0 la recherche de produits repr\u00e9sentatifs de la tradition portugaise. En tant que grossistes de souvenirs, nous garantissons que chaque pi\u00e8ce refl\u00e8te l&rsquo;artisanat et l&rsquo;h\u00e9ritage culturel qui la distinguent, devenant un souvenir inoubliable pour les visiteurs.<\/p>\n","protected":false},"excerpt":{"rendered":"<p>Bol en noix de coco beige d\u00e9cor\u00e9 de motifs de sardines, repr\u00e9sentant la culture de la p\u00eache au Portugal. Cet \u00e9l\u00e9gant bol, fabriqu\u00e9 en mat\u00e9riau naturel, pr\u00e9sente une finition lisse et brillante, avec des formes arrondies. Les d\u00e9tails de couleur beige et les motifs de sardines sont peints \u00e0 la main, cr\u00e9ant un design unique et attrayant. Id\u00e9al pour servir des ap\u00e9ritifs ou comme pi\u00e8ce d\u00e9corative, ce bol est un hommage \u00e0 la tradition culinaire portugaise.<\/p>\n","protected":false},"featured_media":11986,"template":"","meta":{"_acf_changed":false},"product_brand":[],"product_cat":[521],"product_tag":[530],"class_list":{"0":"post-28378","1":"product","2":"type-product","3":"status-publish","4":"has-post-thumbnail","6":"product_cat-bols","7":"product_tag-animaux","8":"pa_motivo-sardines","9":"pa_pais-portugal","11":"first","12":"instock","13":"shipping-taxable","14":"product-type-simple"},"acf":[],"_links":{"self":[{"href":"https:\/\/olemosaic.com\/fr\/wp-json\/wp\/v2\/product\/28378","targetHints":{"allow":["GET"]}}],"collection":[{"href":"https:\/\/olemosaic.com\/fr\/wp-json\/wp\/v2\/product"}],"about":[{"href":"https:\/\/olemosaic.com\/fr\/wp-json\/wp\/v2\/types\/product"}],"wp:featuredmedia":[{"embeddable":true,"href":"https:\/\/olemosaic.com\/fr\/wp-json\/wp\/v2\/media\/11986"}],"wp:attachment":[{"href":"https:\/\/olemosaic.com\/fr\/wp-json\/wp\/v2\/media?parent=28378"}],"wp:term":[{"taxonomy":"product_brand","embeddable":true,"href":"https:\/\/olemosaic.com\/fr\/wp-json\/wp\/v2\/product_brand?post=28378"},{"taxonomy":"product_cat","embeddable":true,"href":"https:\/\/olemosaic.com\/fr\/wp-json\/wp\/v2\/product_cat?post=28378"},{"taxonomy":"product_tag","embeddable":true,"href":"https:\/\/olemosaic.com\/fr\/wp-json\/wp\/v2\/product_tag?post=28378"}],"curies":[{"name":"wp","href":"https:\/\/api.w.org\/{rel}","templated":true}]}}