{"id":28375,"date":"2025-02-20T23:30:00","date_gmt":"2025-02-20T22:30:00","guid":{"rendered":"http:\/\/olemosaic.com\/producto\/bol-de-coco-beige-camello-lanzarote\/"},"modified":"2025-07-25T18:42:50","modified_gmt":"2025-07-25T16:42:50","slug":"bol-en-noix-de-coco-beige-chameau-lanzarote","status":"publish","type":"product","link":"https:\/\/olemosaic.com\/fr\/produit\/bol-en-noix-de-coco-beige-chameau-lanzarote\/","title":{"rendered":"Bol en noix de coco beige. Chameau. Lanzarote."},"content":{"rendered":"<p>Ce bol en noix de coco beige avec un motif de chameaux est un souvenir attrayant qui capture l&rsquo;essence de Lanzarote, l&rsquo;un des joyaux volcaniques des \u00eeles Canaries. Fabriqu\u00e9 \u00e0 partir de noix de coco naturelle, sa finition brillante souligne les tons subtils de beige et de cr\u00e8me, cr\u00e9ant une esth\u00e9tique chaleureuse et accueillante. Le bol est d\u00e9cor\u00e9 de motifs de chameaux, qui \u00e9voquent la faune typique de l&rsquo;\u00eele et son paysage d\u00e9sertique, symbolisant le lien entre la culture locale et son environnement naturel.<\/p>\n<p>Cet \u00e9l\u00e9gant bol n&rsquo;est pas seulement un \u00e9l\u00e9ment d\u00e9coratif exquis, il peut \u00e9galement \u00eatre utilis\u00e9 au quotidien, transformant chaque repas en une exp\u00e9rience qui rappelle la beaut\u00e9 de Lanzarote. Son design tr\u00e8s sp\u00e9cial, inspir\u00e9 de la faune canarienne, en fait un souvenir id\u00e9al pour ceux qui souhaitent emporter un morceau de l&rsquo;\u00eele chez eux. Chaque bol repr\u00e9sente l&rsquo;artisanat authentique de la r\u00e9gion, soulignant sa pertinence culturelle en tant que souvenir significatif des traditions locales.<\/p>\n<p>Chez Ol\u00e9 Mosaic, nous nous sp\u00e9cialisons dans la distribution de souvenirs en gros, offrant des produits authentiques qui c\u00e9l\u00e8brent la culture de l&rsquo;Espagne et du Portugal. Le bol en noix de coco avec chameaux est une excellente option pour les boutiques de cadeaux touristiques souhaitant proposer des articles uniques et de qualit\u00e9, qui connectent les touristes \u00e0 la richesse culturelle de Lanzarote et de son environnement.<\/p>\n","protected":false},"excerpt":{"rendered":"<p>Bol en noix de coco beige avec un design tr\u00e8s sp\u00e9cial de chameaux, inspir\u00e9 par la faune de Lanzarote. Cet \u00e9l\u00e9gant bol pr\u00e9sente une finition naturelle en noix de coco, orn\u00e9e de motifs de chameaux qui \u00e9voquent le paysage volcanique de l&rsquo;\u00eele. Les tons subtils de beige et de cr\u00e8me apportent de la chaleur, tandis que sa finition brillante rehausse la beaut\u00e9 du mat\u00e9riau. Id\u00e9al pour la d\u00e9coration ou un usage quotidien, ce produit refl\u00e8te l&rsquo;essence culturelle de Lanzarote.<\/p>\n","protected":false},"featured_media":12002,"template":"","meta":{"_acf_changed":false},"product_brand":[],"product_cat":[521],"product_tag":[530],"class_list":{"0":"post-28375","1":"product","2":"type-product","3":"status-publish","4":"has-post-thumbnail","6":"product_cat-bols","7":"product_tag-animaux","8":"pa_ciudad-lanzarote","9":"pa_motivo-chameaux","10":"pa_pais-espana","12":"first","13":"instock","14":"shipping-taxable","15":"product-type-simple"},"acf":[],"_links":{"self":[{"href":"https:\/\/olemosaic.com\/fr\/wp-json\/wp\/v2\/product\/28375","targetHints":{"allow":["GET"]}}],"collection":[{"href":"https:\/\/olemosaic.com\/fr\/wp-json\/wp\/v2\/product"}],"about":[{"href":"https:\/\/olemosaic.com\/fr\/wp-json\/wp\/v2\/types\/product"}],"wp:featuredmedia":[{"embeddable":true,"href":"https:\/\/olemosaic.com\/fr\/wp-json\/wp\/v2\/media\/12002"}],"wp:attachment":[{"href":"https:\/\/olemosaic.com\/fr\/wp-json\/wp\/v2\/media?parent=28375"}],"wp:term":[{"taxonomy":"product_brand","embeddable":true,"href":"https:\/\/olemosaic.com\/fr\/wp-json\/wp\/v2\/product_brand?post=28375"},{"taxonomy":"product_cat","embeddable":true,"href":"https:\/\/olemosaic.com\/fr\/wp-json\/wp\/v2\/product_cat?post=28375"},{"taxonomy":"product_tag","embeddable":true,"href":"https:\/\/olemosaic.com\/fr\/wp-json\/wp\/v2\/product_tag?post=28375"}],"curies":[{"name":"wp","href":"https:\/\/api.w.org\/{rel}","templated":true}]}}