{"id":28374,"date":"2025-02-20T22:30:00","date_gmt":"2025-02-20T22:30:00","guid":{"rendered":"http:\/\/olemosaic.com\/producto\/bol-de-coco-beige-caballito-de-mar-menorca\/"},"modified":"2025-07-25T18:56:31","modified_gmt":"2025-07-25T16:56:31","slug":"bol-en-noix-de-coco-beige-hippocampe-minorque","status":"publish","type":"product","link":"https:\/\/olemosaic.com\/fr\/produit\/bol-en-noix-de-coco-beige-hippocampe-minorque\/","title":{"rendered":"Bol en noix de coco beige. Hippocampe. Minorque."},"content":{"rendered":"<p>Ce bol en noix de coco beige avec un motif d&rsquo;hippocampe est une pi\u00e8ce artisanale exquise qui capture l&rsquo;essence de la beaut\u00e9 m\u00e9diterran\u00e9enne de Minorque. Avec une finition lisse et polie, ce bol se distingue par ses d\u00e9licats motifs d&rsquo;hippocampes, soigneusement \u00e9labor\u00e9s pour \u00e9voquer la riche vie marine qui entoure l&rsquo;\u00eele. Ses teintes beiges et dor\u00e9es lui apportent une touche d&rsquo;\u00e9l\u00e9gance, tandis que sa forme ronde en fait un \u00e9l\u00e9ment d\u00e9coratif id\u00e9al pour n&rsquo;importe quelle pi\u00e8ce, que ce soit dans une maison ou dans un espace gastronomique.<\/p>\n<p>Ce bol est plus qu&rsquo;un simple r\u00e9cipient ; c&rsquo;est un hommage \u00e0 la culture minorquine et \u00e0 sa connexion avec la mer, un lieu qui a inspir\u00e9 des artistes et des artisans pendant des g\u00e9n\u00e9rations. En plus de sa fonctionnalit\u00e9, il devient un attrait d\u00e9coratif qui ajoute un air c\u00f4tier et frais \u00e0 la d\u00e9coration int\u00e9rieure, id\u00e9al pour ceux qui recherchent des souvenirs authentiques repr\u00e9sentant leur exp\u00e9rience sur l&rsquo;\u00eele.<\/p>\n<p>Chez Ol\u00e9 Mosaic, en tant que grossiste de souvenirs, nous sommes fiers de proposer des produits qui symbolisent la tradition et l&rsquo;art de Minorque. Ce bol en noix de coco n&rsquo;est pas seulement une excellente option pour les touristes \u00e0 la recherche de souvenirs authentiques, mais c&rsquo;est aussi un produit pr\u00e9cieux que les boutiques de cadeaux touristiques peuvent inclure dans leur offre, soulignant l&rsquo;authenticit\u00e9 et la pertinence culturelle de l&rsquo;art minorquin.<\/p>\n","protected":false},"excerpt":{"rendered":"<p>Bol en noix de coco beige avec un motif d&rsquo;hippocampe, inspir\u00e9 par la beaut\u00e9 de Minorque. Ce r\u00e9cipient artisanal pr\u00e9sente une finition lisse et polie, avec de d\u00e9licats motifs d&rsquo;hippocampes qui \u00e9voquent la riche vie marine de l&rsquo;\u00eele. Ses teintes beiges et dor\u00e9es ajoutent une touche d&rsquo;\u00e9l\u00e9gance, tandis que sa forme arrondie en fait un \u00e9l\u00e9ment d\u00e9coratif id\u00e9al pour n&rsquo;importe quelle pi\u00e8ce. Parfait pour donner une touche m\u00e9diterran\u00e9enne \u00e0 votre int\u00e9rieur.<\/p>\n","protected":false},"featured_media":11907,"template":"","meta":{"_acf_changed":false},"product_brand":[],"product_cat":[521],"product_tag":[530],"class_list":{"0":"post-28374","1":"product","2":"type-product","3":"status-publish","4":"has-post-thumbnail","6":"product_cat-bols","7":"product_tag-animaux","8":"pa_ciudad-menorca","9":"pa_motivo-hippocampes","10":"pa_pais-espana","12":"first","13":"instock","14":"shipping-taxable","15":"product-type-simple"},"acf":[],"_links":{"self":[{"href":"https:\/\/olemosaic.com\/fr\/wp-json\/wp\/v2\/product\/28374","targetHints":{"allow":["GET"]}}],"collection":[{"href":"https:\/\/olemosaic.com\/fr\/wp-json\/wp\/v2\/product"}],"about":[{"href":"https:\/\/olemosaic.com\/fr\/wp-json\/wp\/v2\/types\/product"}],"wp:featuredmedia":[{"embeddable":true,"href":"https:\/\/olemosaic.com\/fr\/wp-json\/wp\/v2\/media\/11907"}],"wp:attachment":[{"href":"https:\/\/olemosaic.com\/fr\/wp-json\/wp\/v2\/media?parent=28374"}],"wp:term":[{"taxonomy":"product_brand","embeddable":true,"href":"https:\/\/olemosaic.com\/fr\/wp-json\/wp\/v2\/product_brand?post=28374"},{"taxonomy":"product_cat","embeddable":true,"href":"https:\/\/olemosaic.com\/fr\/wp-json\/wp\/v2\/product_cat?post=28374"},{"taxonomy":"product_tag","embeddable":true,"href":"https:\/\/olemosaic.com\/fr\/wp-json\/wp\/v2\/product_tag?post=28374"}],"curies":[{"name":"wp","href":"https:\/\/api.w.org\/{rel}","templated":true}]}}