{"id":28368,"date":"2025-02-20T22:30:00","date_gmt":"2025-02-20T22:30:00","guid":{"rendered":"http:\/\/olemosaic.com\/producto\/bol-de-coco-beige-flamenco\/"},"modified":"2025-07-25T20:44:49","modified_gmt":"2025-07-25T18:44:49","slug":"bol-noix-de-coco-beige-flamant-rose","status":"publish","type":"product","link":"https:\/\/olemosaic.com\/fr\/produit\/bol-noix-de-coco-beige-flamant-rose\/","title":{"rendered":"Bol en noix de coco beige. Flamant rose."},"content":{"rendered":"<p>Ce bol en noix de coco beige, orn\u00e9 d&rsquo;un charmant design de flamants roses, est un v\u00e9ritable bijou artisanal qui capture l&rsquo;essence de l&rsquo;ambiance m\u00e9diterran\u00e9enne. Fabriqu\u00e9 \u00e0 partir de coque de noix de coco, sa finition brillante souligne la beaut\u00e9 naturelle du mat\u00e9riau, tandis que les motifs de mosa\u00efque simulent la fluidit\u00e9 de l&rsquo;eau, apportant une touche de fra\u00eecheur. Au centre, deux flamants roses se pr\u00e9sentent dans une posture romantique, entrela\u00e7ant leurs cous dans un geste d&rsquo;amour, entour\u00e9s d&rsquo;un environnement naturel qui \u00e9voque les plages chaudes et sereines du sud de l&rsquo;Espagne.<\/p>\n<p>Ce bol n&rsquo;est pas seulement un objet d\u00e9coratif, mais aussi une pi\u00e8ce fonctionnelle qui se distingue dans n&rsquo;importe quel foyer, parfaite pour le rangement ou comme centre de table. Son design \u00e9l\u00e9gant et sa forme pratique en font le souvenir id\u00e9al pour les touristes qui souhaitent ramener chez eux un rappel repr\u00e9sentatif de la culture espagnole. Le flamant rose, embl\u00e8me de gr\u00e2ce et de beaut\u00e9, est intrins\u00e8quement li\u00e9 \u00e0 la tradition et au folklore du pays, et cette pi\u00e8ce est un t\u00e9moignage de cette connexion culturelle.<\/p>\n<p>Chez Ol\u00e9 Mosaic, nous nous sp\u00e9cialisons dans la distribution de souvenirs en gros, et ce bol en noix de coco est une excellente option pour les boutiques de cadeaux touristiques qui cherchent \u00e0 offrir des produits de qualit\u00e9 avec une signification culturelle. En choisissant ce bol, vous n&rsquo;optez pas seulement pour un article d\u00e9coratif, mais pour un souvenir authentique qui c\u00e9l\u00e8bre le riche h\u00e9ritage de la r\u00e9gion.<\/p>\n","protected":false},"excerpt":{"rendered":"<p>Bol en noix de coco beige d\u00e9cor\u00e9 d&rsquo;un design de flamants roses dans les tons marron. Ce bol \u00e9l\u00e9gant, fabriqu\u00e9 \u00e0 partir de coque de noix de coco, pr\u00e9sente une finition brillante avec des motifs de mosa\u00efque simulant la texture de l&rsquo;eau. La sc\u00e8ne centrale met en avant deux flamants roses dans une posture romantique, entour\u00e9s d&rsquo;un environnement naturel qui \u00e9voque l&rsquo;ambiance m\u00e9diterran\u00e9enne. Parfait comme pi\u00e8ce d\u00e9corative ou pour ranger des objets, il allie beaut\u00e9 et fonctionnalit\u00e9.<\/p>\n","protected":false},"featured_media":13516,"template":"","meta":{"_acf_changed":false},"product_brand":[],"product_cat":[521],"product_tag":[530],"class_list":{"0":"post-28368","1":"product","2":"type-product","3":"status-publish","4":"has-post-thumbnail","6":"product_cat-bols","7":"product_tag-animaux","8":"pa_motivo-flamants-roses","10":"first","11":"instock","12":"shipping-taxable","13":"product-type-simple"},"acf":[],"_links":{"self":[{"href":"https:\/\/olemosaic.com\/fr\/wp-json\/wp\/v2\/product\/28368","targetHints":{"allow":["GET"]}}],"collection":[{"href":"https:\/\/olemosaic.com\/fr\/wp-json\/wp\/v2\/product"}],"about":[{"href":"https:\/\/olemosaic.com\/fr\/wp-json\/wp\/v2\/types\/product"}],"wp:featuredmedia":[{"embeddable":true,"href":"https:\/\/olemosaic.com\/fr\/wp-json\/wp\/v2\/media\/13516"}],"wp:attachment":[{"href":"https:\/\/olemosaic.com\/fr\/wp-json\/wp\/v2\/media?parent=28368"}],"wp:term":[{"taxonomy":"product_brand","embeddable":true,"href":"https:\/\/olemosaic.com\/fr\/wp-json\/wp\/v2\/product_brand?post=28368"},{"taxonomy":"product_cat","embeddable":true,"href":"https:\/\/olemosaic.com\/fr\/wp-json\/wp\/v2\/product_cat?post=28368"},{"taxonomy":"product_tag","embeddable":true,"href":"https:\/\/olemosaic.com\/fr\/wp-json\/wp\/v2\/product_tag?post=28368"}],"curies":[{"name":"wp","href":"https:\/\/api.w.org\/{rel}","templated":true}]}}