{"id":28367,"date":"2025-02-20T23:29:59","date_gmt":"2025-02-20T22:29:59","guid":{"rendered":"http:\/\/olemosaic.com\/producto\/bol-de-coco-azul-bailaora-5\/"},"modified":"2025-07-25T19:48:22","modified_gmt":"2025-07-25T17:48:22","slug":"bol-noix-de-coco-bleu-danseuse-flamenco","status":"publish","type":"product","link":"https:\/\/olemosaic.com\/fr\/produit\/bol-noix-de-coco-bleu-danseuse-flamenco\/","title":{"rendered":"Bol en noix de coco bleu. Danseuse de flamenco. Espagne."},"content":{"rendered":"<p>Ce bol en noix de coco bleu, peint \u00e0 la main, est une repr\u00e9sentation exquise de la culture andalouse et de sa vibrante tradition flamenca. Avec son design \u00e9l\u00e9gant dans les tons bleus et dor\u00e9s, ce bol pr\u00e9sente en son centre une illustration d\u00e9licate d&rsquo;une danseuse de flamenco, \u00e9voquant la passion du flamenco qui d\u00e9finit cette r\u00e9gion. La finition brillante ne souligne pas seulement les couleurs vives, mais ajoute \u00e9galement une touche de sophistication \u00e0 cet objet d\u00e9coratif et fonctionnel, id\u00e9al pour n&rsquo;importe quel foyer.<\/p>\n<p>Le travail artisanal complexe, qui comprend des motifs simulant la texture de la c\u00e9ramique, fait de chaque bol une pi\u00e8ce unique. Le choix des couleurs bleu et dor\u00e9 est non seulement visuellement attrayant, mais symbolise \u00e9galement la connexion de l&rsquo;Andalousie avec la mer et la richesse culturelle de son histoire. Ce bol n&rsquo;est pas seulement un compl\u00e9ment parfait pour la cuisine ou la d\u00e9coration, mais il se transforme \u00e9galement en un magnifique souvenir qui capture l&rsquo;essence authentique de l&rsquo;Andalousie, ce qui en fait un cadeau id\u00e9al pour les touristes.<\/p>\n<p>Chez Ol\u00e9 Mosaic, nous nous sp\u00e9cialisons dans la distribution de souvenirs qui repr\u00e9sentent avec authenticit\u00e9 la richesse culturelle de l&rsquo;Espagne. Ce bol en noix de coco bleu est une excellente option pour les boutiques de cadeaux touristiques qui cherchent \u00e0 offrir des produits exclusifs et charg\u00e9s d&rsquo;histoire. En tant que grossistes en souvenirs, nous garantissons la qualit\u00e9 et l&rsquo;originalit\u00e9 de chaque article, assurant que chaque client emporte avec lui un petit morceau de la tradition andalouse.<\/p>\n","protected":false},"excerpt":{"rendered":"<p>Bol en noix de coco bleu au design artisanal, peint \u00e0 la main, inspir\u00e9 par la beaut\u00e9 du flamenco et de la culture andalouse. Ce bol unique pr\u00e9sente un design dans les tons bleu et dor\u00e9, avec une \u00e9l\u00e9gante illustration d&rsquo;une danseuse de flamenco au centre, fusionnant art et tradition. La finition brillante rehausse son attrait, en faisant un excellent accessoire d\u00e9coratif ou fonctionnel qui \u00e9voque l&rsquo;essence vibrante de l&rsquo;Andalousie. Id\u00e9al pour offrir ou pour ajouter une touche d&rsquo;authenticit\u00e9 \u00e0 votre maison.<\/p>\n","protected":false},"featured_media":13417,"template":"","meta":{"_acf_changed":false},"product_brand":[],"product_cat":[521],"product_tag":[],"class_list":{"0":"post-28367","1":"product","2":"type-product","3":"status-publish","4":"has-post-thumbnail","6":"product_cat-bols","7":"pa_motivo-danseurs","9":"first","10":"instock","11":"shipping-taxable","12":"product-type-simple"},"acf":[],"_links":{"self":[{"href":"https:\/\/olemosaic.com\/fr\/wp-json\/wp\/v2\/product\/28367","targetHints":{"allow":["GET"]}}],"collection":[{"href":"https:\/\/olemosaic.com\/fr\/wp-json\/wp\/v2\/product"}],"about":[{"href":"https:\/\/olemosaic.com\/fr\/wp-json\/wp\/v2\/types\/product"}],"wp:featuredmedia":[{"embeddable":true,"href":"https:\/\/olemosaic.com\/fr\/wp-json\/wp\/v2\/media\/13417"}],"wp:attachment":[{"href":"https:\/\/olemosaic.com\/fr\/wp-json\/wp\/v2\/media?parent=28367"}],"wp:term":[{"taxonomy":"product_brand","embeddable":true,"href":"https:\/\/olemosaic.com\/fr\/wp-json\/wp\/v2\/product_brand?post=28367"},{"taxonomy":"product_cat","embeddable":true,"href":"https:\/\/olemosaic.com\/fr\/wp-json\/wp\/v2\/product_cat?post=28367"},{"taxonomy":"product_tag","embeddable":true,"href":"https:\/\/olemosaic.com\/fr\/wp-json\/wp\/v2\/product_tag?post=28367"}],"curies":[{"name":"wp","href":"https:\/\/api.w.org\/{rel}","templated":true}]}}