{"id":28366,"date":"2025-02-20T23:29:59","date_gmt":"2025-02-20T22:29:59","guid":{"rendered":"http:\/\/olemosaic.com\/producto\/bol-de-coco-azul-isla-fuerteventura\/"},"modified":"2025-07-25T18:42:34","modified_gmt":"2025-07-25T16:42:34","slug":"bol-noix-de-coco-bleu-ile-fuerteventura","status":"publish","type":"product","link":"https:\/\/olemosaic.com\/fr\/produit\/bol-noix-de-coco-bleu-ile-fuerteventura\/","title":{"rendered":"Bol en noix de coco bleu. \u00cele. Fuerteventura."},"content":{"rendered":"<p>Ce bol en noix de coco bleu, inspir\u00e9 par la beaut\u00e9 naturelle de Fuerteventura, est une pi\u00e8ce exceptionnelle qui allie fonctionnalit\u00e9 et esth\u00e9tique. Son design tr\u00e8s sp\u00e9cial pr\u00e9sente un fond bleu vibrant orn\u00e9 de cercles frappants qui \u00e9voquent les eaux cristallines de l&rsquo;\u00eele, offrant un effet visuel attrayant et frais. La technique de fabrication souligne sa finition brillante, permettant \u00e0 la lumi\u00e8re de se refl\u00e9ter de mani\u00e8re captivante sur sa surface, ce qui en fait un excellent \u00e9l\u00e9ment d\u00e9coratif pour n&rsquo;importe quel foyer.<\/p>\n<p>Au centre du bol se trouve la silhouette stylis\u00e9e de l&rsquo;\u00eele accompagn\u00e9e du mot \u00ab\u00a0Fuerteventura\u00a0\u00bb, capturant l&rsquo;essence de ce paradis canarien et rappelant aux touristes leur visite m\u00e9morable. Ce bol est non seulement id\u00e9al pour servir des repas et des ap\u00e9ritifs, mais aussi pour \u00eatre expos\u00e9 comme une authentique pi\u00e8ce d&rsquo;art c\u00e9l\u00e9brant la culture et les paysages uniques de Fuerteventura.<\/p>\n<p>Chez Ol\u00e9 Mosaic, nous sommes des distributeurs de souvenirs de qualit\u00e9 et ce bol en noix de coco bleu repr\u00e9sente une excellente option pour les boutiques de cadeaux touristiques qui cherchent \u00e0 offrir \u00e0 leurs clients un souvenir authentique et repr\u00e9sentatif des \u00eeles Canaries. Ce bol est, sans aucun doute, un souvenir de Fuerteventura qui met en valeur la richesse culturelle et naturelle du lieu, \u00e9tant un cadeau parfait pour ceux qui souhaitent emporter un petit morceau de l&rsquo;\u00eele chez eux.<\/p>\n","protected":false},"excerpt":{"rendered":"<p>Bol en noix de coco bleu, inspir\u00e9 par la beaut\u00e9 naturelle de Fuerteventura. Ce bol original pr\u00e9sente un design tr\u00e8s sp\u00e9cial avec un fond bleu et des d\u00e9tails circulaires, \u00e9voquant les eaux cristallines de l&rsquo;\u00eele. La technique de fabrication souligne sa finition brillante, en faisant une pi\u00e8ce d\u00e9corative et fonctionnelle. Au centre, la silhouette de l&rsquo;\u00eele se d\u00e9tache avec le mot \u00ab\u00a0Fuerteventura\u00a0\u00bb, capturant l&rsquo;essence du lieu. Id\u00e9al pour servir ou comme \u00e9l\u00e9ment d\u00e9coratif dans n&rsquo;importe quel foyer.<\/p>\n","protected":false},"featured_media":11988,"template":"","meta":{"_acf_changed":false},"product_brand":[],"product_cat":[521],"product_tag":[],"class_list":{"0":"post-28366","1":"product","2":"type-product","3":"status-publish","4":"has-post-thumbnail","6":"product_cat-bols","7":"pa_ciudad-fuerteventura","8":"pa_motivo-iles","9":"pa_pais-espana","11":"first","12":"instock","13":"shipping-taxable","14":"product-type-simple"},"acf":[],"_links":{"self":[{"href":"https:\/\/olemosaic.com\/fr\/wp-json\/wp\/v2\/product\/28366","targetHints":{"allow":["GET"]}}],"collection":[{"href":"https:\/\/olemosaic.com\/fr\/wp-json\/wp\/v2\/product"}],"about":[{"href":"https:\/\/olemosaic.com\/fr\/wp-json\/wp\/v2\/types\/product"}],"wp:featuredmedia":[{"embeddable":true,"href":"https:\/\/olemosaic.com\/fr\/wp-json\/wp\/v2\/media\/11988"}],"wp:attachment":[{"href":"https:\/\/olemosaic.com\/fr\/wp-json\/wp\/v2\/media?parent=28366"}],"wp:term":[{"taxonomy":"product_brand","embeddable":true,"href":"https:\/\/olemosaic.com\/fr\/wp-json\/wp\/v2\/product_brand?post=28366"},{"taxonomy":"product_cat","embeddable":true,"href":"https:\/\/olemosaic.com\/fr\/wp-json\/wp\/v2\/product_cat?post=28366"},{"taxonomy":"product_tag","embeddable":true,"href":"https:\/\/olemosaic.com\/fr\/wp-json\/wp\/v2\/product_tag?post=28366"}],"curies":[{"name":"wp","href":"https:\/\/api.w.org\/{rel}","templated":true}]}}