{"id":28364,"date":"2025-02-20T23:29:59","date_gmt":"2025-02-20T22:29:59","guid":{"rendered":"http:\/\/olemosaic.com\/producto\/bol-de-coco-azul-isla-tenerife-3\/"},"modified":"2025-07-25T19:35:44","modified_gmt":"2025-07-25T17:35:44","slug":"bol-noix-de-coco-bleu-ile-tenerife-fr","status":"publish","type":"product","link":"https:\/\/olemosaic.com\/fr\/produit\/bol-noix-de-coco-bleu-ile-tenerife-fr\/","title":{"rendered":"Bol en noix de coco bleu. \u00cele. Tenerife. Canaries. Motif c\u0153urs."},"content":{"rendered":"<p>Ce bol en noix de coco bleu, fabriqu\u00e9 \u00e0 la main, est une pi\u00e8ce authentique qui capture la beaut\u00e9 de l&rsquo;\u00eele de Tenerife. Avec un design captivant dans les tons bleus et noirs, son int\u00e9rieur pr\u00e9sente un feston vibrant de c\u0153urs entourant la silhouette de l&rsquo;\u00eele dans un bleu clair brillant. Le mot \u00ab\u00a0TENERIFE\u00a0\u00bb se d\u00e9tache dans une couleur contrast\u00e9e, cr\u00e9ant un attrait visuel qui invite \u00e0 la contemplation. Chacun de ces bols est unique, reflet de la ma\u00eetrise des artisans locaux, inspir\u00e9s par la riche culture et les paysages des \u00eeles Canaries.<\/p>\n<p>Ce bol en noix de coco n&rsquo;est pas seulement un bel \u00e9l\u00e9ment d\u00e9coratif, mais aussi une pi\u00e8ce fonctionnelle, id\u00e9ale pour servir des ap\u00e9ritifs, des fruits ou comme centre de table, ajoutant une touche de couleur canarienne \u00e0 n&rsquo;importe quel environnement. Son design repr\u00e9sentatif connecte les visiteurs \u00e0 l&rsquo;essence de Tenerife, en faisant un souvenir parfait pour ceux qui recherchent un rappel significatif de leur exp\u00e9rience sur l&rsquo;\u00eele.<\/p>\n<p>Chez Ol\u00e9 Mosaic, en tant que distributeurs de souvenirs en gros, nous proposons des produits qui c\u00e9l\u00e8brent l&rsquo;identit\u00e9 culturelle et la tradition de la r\u00e9gion. Ce bol en noix de coco bleu est une excellente option pour les boutiques de cadeaux touristiques cherchant \u00e0 offrir des articles authentiques et de qualit\u00e9 repr\u00e9sentant l&rsquo;h\u00e9ritage canarien. Avec son design attrayant et sa connexion culturelle, ce bol est un cadeau id\u00e9al pour ceux qui souhaitent se souvenir de leur visite \u00e0 Tenerife.<\/p>\n","protected":false},"excerpt":{"rendered":"<p>Bol en noix de coco bleu artisanal, inspir\u00e9 de l&rsquo;\u00eele de Tenerife. Ce bol attrayant pr\u00e9sente un design dans les tons bleus et noirs, avec un feston de c\u0153urs sur le bord et la silhouette de l&rsquo;\u00eele dans un bleu clair vibrant au centre. Le mot \u00ab\u00a0TENERIFE\u00a0\u00bb est inscrit dans une couleur contrast\u00e9e, cr\u00e9ant un effet visuel frappant. Parfait pour d\u00e9corer et apporter une touche canarienne \u00e0 n&rsquo;importe quel environnement.<\/p>\n","protected":false},"featured_media":10203,"template":"","meta":{"_acf_changed":false},"product_brand":[],"product_cat":[521],"product_tag":[],"class_list":{"0":"post-28364","1":"product","2":"type-product","3":"status-publish","4":"has-post-thumbnail","6":"product_cat-bols","7":"pa_ciudad-tenerife","8":"pa_motivo-iles","9":"pa_pais-espana","11":"first","12":"instock","13":"shipping-taxable","14":"product-type-simple"},"acf":[],"_links":{"self":[{"href":"https:\/\/olemosaic.com\/fr\/wp-json\/wp\/v2\/product\/28364","targetHints":{"allow":["GET"]}}],"collection":[{"href":"https:\/\/olemosaic.com\/fr\/wp-json\/wp\/v2\/product"}],"about":[{"href":"https:\/\/olemosaic.com\/fr\/wp-json\/wp\/v2\/types\/product"}],"wp:featuredmedia":[{"embeddable":true,"href":"https:\/\/olemosaic.com\/fr\/wp-json\/wp\/v2\/media\/10203"}],"wp:attachment":[{"href":"https:\/\/olemosaic.com\/fr\/wp-json\/wp\/v2\/media?parent=28364"}],"wp:term":[{"taxonomy":"product_brand","embeddable":true,"href":"https:\/\/olemosaic.com\/fr\/wp-json\/wp\/v2\/product_brand?post=28364"},{"taxonomy":"product_cat","embeddable":true,"href":"https:\/\/olemosaic.com\/fr\/wp-json\/wp\/v2\/product_cat?post=28364"},{"taxonomy":"product_tag","embeddable":true,"href":"https:\/\/olemosaic.com\/fr\/wp-json\/wp\/v2\/product_tag?post=28364"}],"curies":[{"name":"wp","href":"https:\/\/api.w.org\/{rel}","templated":true}]}}