{"id":28340,"date":"2025-02-20T23:29:58","date_gmt":"2025-02-20T22:29:58","guid":{"rendered":"http:\/\/olemosaic.com\/producto\/bol-de-coco-azul-salamandra-barcelona-5\/"},"modified":"2025-07-25T18:59:03","modified_gmt":"2025-07-25T16:59:03","slug":"bol-noix-de-coco-bleu-salamandre-barcelone-5","status":"publish","type":"product","link":"https:\/\/olemosaic.com\/fr\/produit\/bol-noix-de-coco-bleu-salamandre-barcelone-5\/","title":{"rendered":"Bol en noix de coco bleu. Salamandre. Style m\u00e9diterran\u00e9en. Barcelone."},"content":{"rendered":"<p>Ce bol en noix de coco bleu, d\u00e9cor\u00e9 d&rsquo;une charmante salamandre, est un fid\u00e8le reflet de l&rsquo;essence de Barcelone. Son fond bleu vibrant \u00e9voque les ciels d\u00e9gag\u00e9s qui caract\u00e9risent la ville, tandis que les d\u00e9licats d\u00e9tails en blanc soulignent la pi\u00e8ce, apportant une touche d&rsquo;\u00e9l\u00e9gance et de luminosit\u00e9. Au centre, la repr\u00e9sentation de la salamandre, symbole embl\u00e9matique de l&rsquo;\u0153uvre d&rsquo;Antoni Gaud\u00ed, incarne l&rsquo;esprit cr\u00e9atif et color\u00e9 de l&rsquo;architecture moderniste barcelonaise. Le mot \u00ab\u00a0Barcelona\u00a0\u00bb inscrit au bas de la d\u00e9coration personnalise le bol, en faisant un souvenir sp\u00e9cial qui capture la magie de la ville.<\/p>\n<p>Le bol est \u00e9labor\u00e9 avec soin \u00e0 partir de noix de coco, ce qui lui conf\u00e8re non seulement un caract\u00e8re \u00e9cologique, mais aussi une texture unique qui le diff\u00e9rencie des autres souvenirs. Sa forme organique et ses couleurs vives le rendent id\u00e9al comme centre de table ou pour un usage quotidien, int\u00e9grant ainsi un petit morceau de Barcelone dans n&rsquo;importe quel foyer. En tant que distributeur de souvenirs en gros, Ol\u00e9 Mosaic propose ce bol en noix de coco bleu comme une option de choix pour les boutiques de souvenirs touristiques, id\u00e9al pour les touristes \u00e0 la recherche de souvenirs authentiques repr\u00e9sentant leur voyage. Ce souvenir est un excellent choix pour se rappeler la beaut\u00e9 et la diversit\u00e9 culturelle de Barcelone.<\/p>\n","protected":false},"excerpt":{"rendered":"<p>Bol en noix de coco bleu, d\u00e9cor\u00e9 d&rsquo;une salamandre repr\u00e9sentant le paysage embl\u00e9matique de Barcelone. Ce bol attrayant, fabriqu\u00e9 en noix de coco, pr\u00e9sente un fond bleu vibrant avec des d\u00e9tails blancs et une salamandre comme motif central, \u00e9voquant le style artistique de la ville. Le design inclut le mot \u00ab\u00a0Barcelona\u00a0\u00bb, qui lui donne une touche personnelle et culturelle. Sa forme unique et ses couleurs vives en font un souvenir id\u00e9al pour se rappeler la beaut\u00e9 de cette ville.<\/p>\n","protected":false},"featured_media":11751,"template":"","meta":{"_acf_changed":false},"product_brand":[],"product_cat":[521],"product_tag":[530],"class_list":{"0":"post-28340","1":"product","2":"type-product","3":"status-publish","4":"has-post-thumbnail","6":"product_cat-bols","7":"product_tag-animaux","8":"pa_ciudad-barcelona","9":"pa_motivo-salamandres","10":"pa_pais-espana","12":"first","13":"instock","14":"shipping-taxable","15":"product-type-simple"},"acf":[],"_links":{"self":[{"href":"https:\/\/olemosaic.com\/fr\/wp-json\/wp\/v2\/product\/28340","targetHints":{"allow":["GET"]}}],"collection":[{"href":"https:\/\/olemosaic.com\/fr\/wp-json\/wp\/v2\/product"}],"about":[{"href":"https:\/\/olemosaic.com\/fr\/wp-json\/wp\/v2\/types\/product"}],"wp:featuredmedia":[{"embeddable":true,"href":"https:\/\/olemosaic.com\/fr\/wp-json\/wp\/v2\/media\/11751"}],"wp:attachment":[{"href":"https:\/\/olemosaic.com\/fr\/wp-json\/wp\/v2\/media?parent=28340"}],"wp:term":[{"taxonomy":"product_brand","embeddable":true,"href":"https:\/\/olemosaic.com\/fr\/wp-json\/wp\/v2\/product_brand?post=28340"},{"taxonomy":"product_cat","embeddable":true,"href":"https:\/\/olemosaic.com\/fr\/wp-json\/wp\/v2\/product_cat?post=28340"},{"taxonomy":"product_tag","embeddable":true,"href":"https:\/\/olemosaic.com\/fr\/wp-json\/wp\/v2\/product_tag?post=28340"}],"curies":[{"name":"wp","href":"https:\/\/api.w.org\/{rel}","templated":true}]}}