{"id":28339,"date":"2025-02-20T23:29:58","date_gmt":"2025-02-20T22:29:58","guid":{"rendered":"http:\/\/olemosaic.com\/producto\/bol-de-coco-azul-tortuga-barcelona-4\/"},"modified":"2025-07-25T20:12:42","modified_gmt":"2025-07-25T18:12:42","slug":"bol-noix-de-coco-bleu-tortue-barcelone-4","status":"publish","type":"product","link":"https:\/\/olemosaic.com\/fr\/produit\/bol-noix-de-coco-bleu-tortue-barcelone-4\/","title":{"rendered":"Bol en noix de coco bleu. Tortue. Style m\u00e9diterran\u00e9en. Barcelone."},"content":{"rendered":"<p>Ce bol en noix de coco bleu, d\u00e9cor\u00e9 d&rsquo;une charmante illustration de tortue et de motifs marins, \u00e9voque l&rsquo;essence de la M\u00e9diterran\u00e9e \u00e0 Barcelone. D\u00e9cor\u00e9 de mani\u00e8re artisanale avec un design en mosa\u00efque aux couleurs vibrantes, ce bol devient une pi\u00e8ce unique qui capture la riche biodiversit\u00e9 et l&rsquo;atmosph\u00e8re c\u00f4ti\u00e8re de la r\u00e9gion. \u00c0 l&rsquo;int\u00e9rieur, une tortue nageant aux c\u00f4t\u00e9s de dauphins refl\u00e8te la s\u00e9r\u00e9nit\u00e9 et la beaut\u00e9 du monde marin, tandis que le fond blanc fait ressortir les d\u00e9licats d\u00e9tails en nacre qui ornent l&rsquo;objet.<\/p>\n<p>Les c\u0153urs de diff\u00e9rentes couleurs qui entourent la sc\u00e8ne centrale apportent une touche artistique et distinctive, faisant de ce bol un souvenir id\u00e9al aussi bien pour d\u00e9corer que pour utiliser \u00e0 la maison. Son design est non seulement visuellement attrayant, mais il souligne \u00e9galement le lien culturel de Barcelone avec la mer M\u00e9diterran\u00e9e, en faisant un cadeau repr\u00e9sentatif de la r\u00e9gion.<\/p>\n<p>Ce bol en noix de coco est une excellente option pour ceux qui recherchent des souvenirs authentiques et significatifs de Barcelone. Chez Ol\u00e9 Mosaic, en tant que grossistes d&rsquo;articles artisanaux, nous proposons des produits de qualit\u00e9 qui c\u00e9l\u00e8brent la culture locale et sont parfaits pour les boutiques de souvenirs touristiques. De plus, sa pertinence culturelle fait de ce bol en noix de coco un choix de premier plan pour se souvenir des moments pass\u00e9s dans la ville vibrante de Barcelone.<\/p>\n","protected":false},"excerpt":{"rendered":"<p>Bol en noix de coco bleu d\u00e9cor\u00e9 d&rsquo;une illustration de tortue et de motifs marins, \u00e9voquant l&rsquo;essence de la M\u00e9diterran\u00e9e \u00e0 Barcelone. Ce bol \u00e9l\u00e9gant, fabriqu\u00e9 \u00e0 la main, se distingue par son design en mosa\u00efque aux couleurs vibrantes entourant la sc\u00e8ne centrale. Les d\u00e9tails en nacre et les c\u0153urs de diverses couleurs apportent une touche artistique et distinctive, en faisant une pi\u00e8ce id\u00e9ale pour d\u00e9corer ou comme souvenir.<\/p>\n","protected":false},"featured_media":10375,"template":"","meta":{"_acf_changed":false},"product_brand":[],"product_cat":[521],"product_tag":[530],"class_list":{"0":"post-28339","1":"product","2":"type-product","3":"status-publish","4":"has-post-thumbnail","6":"product_cat-bols","7":"product_tag-animaux","8":"pa_ciudad-barcelona","9":"pa_motivo-tortues","10":"pa_pais-espana","12":"first","13":"instock","14":"shipping-taxable","15":"product-type-simple"},"acf":[],"_links":{"self":[{"href":"https:\/\/olemosaic.com\/fr\/wp-json\/wp\/v2\/product\/28339","targetHints":{"allow":["GET"]}}],"collection":[{"href":"https:\/\/olemosaic.com\/fr\/wp-json\/wp\/v2\/product"}],"about":[{"href":"https:\/\/olemosaic.com\/fr\/wp-json\/wp\/v2\/types\/product"}],"wp:featuredmedia":[{"embeddable":true,"href":"https:\/\/olemosaic.com\/fr\/wp-json\/wp\/v2\/media\/10375"}],"wp:attachment":[{"href":"https:\/\/olemosaic.com\/fr\/wp-json\/wp\/v2\/media?parent=28339"}],"wp:term":[{"taxonomy":"product_brand","embeddable":true,"href":"https:\/\/olemosaic.com\/fr\/wp-json\/wp\/v2\/product_brand?post=28339"},{"taxonomy":"product_cat","embeddable":true,"href":"https:\/\/olemosaic.com\/fr\/wp-json\/wp\/v2\/product_cat?post=28339"},{"taxonomy":"product_tag","embeddable":true,"href":"https:\/\/olemosaic.com\/fr\/wp-json\/wp\/v2\/product_tag?post=28339"}],"curies":[{"name":"wp","href":"https:\/\/api.w.org\/{rel}","templated":true}]}}