{"id":28319,"date":"2025-02-20T23:29:57","date_gmt":"2025-02-20T22:29:57","guid":{"rendered":"http:\/\/olemosaic.com\/producto\/bol-de-coco-azul-sagrada-familia-barcelona-4\/"},"modified":"2025-07-25T19:26:09","modified_gmt":"2025-07-25T17:26:09","slug":"bol-en-noix-de-coco-bleu-sagrada-familia-barcelone-4","status":"publish","type":"product","link":"https:\/\/olemosaic.com\/fr\/produit\/bol-en-noix-de-coco-bleu-sagrada-familia-barcelone-4\/","title":{"rendered":"Bol en noix de coco bleu. Sagrada Familia. Gaudi. Barcelone."},"content":{"rendered":"<p>Ce bol en noix de coco bleu, inspir\u00e9 par l&rsquo;iconique Sagrada Familia de Barcelone, est une pi\u00e8ce artisanale qui capture l&rsquo;essence de cette ville vibrante. Fabriqu\u00e9 en noix de coco et peint \u00e0 la main, le bol pr\u00e9sente un design unique avec un bord d\u00e9cor\u00e9 dans divers tons bleus qui \u00e9voquent \u00e0 la fois la mer et le ciel de Barcelone. Son int\u00e9rieur resplendit d&rsquo;un design color\u00e9 de petits c\u0153urs qui lui conf\u00e8rent une touche joyeuse et vibrante, en faisant un \u00e9l\u00e9ment d\u00e9coratif exceptionnel.<\/p>\n<p>Au centre du bol se d\u00e9tache la silhouette de la Sagrada Familia, l&rsquo;un des monuments les plus embl\u00e9matiques de l&rsquo;architecture catalane, accompagn\u00e9e du texte \u00ab\u00a0Barcelona\u00a0\u00bb. Ce design ne rend pas seulement hommage au chef-d&rsquo;\u0153uvre d&rsquo;Antoni Gaud\u00ed, mais transforme \u00e9galement ce bol en un souvenir repr\u00e9sentatif de la culture et de l&rsquo;histoire de la ville. Id\u00e9al pour les touristes qui cherchent \u00e0 ramener un morceau de Barcelone chez eux, ce bol est parfait pour servir des ap\u00e9ritifs ou comme pi\u00e8ce d\u00e9corative dans n&rsquo;importe quel environnement.<\/p>\n<p>Chez Ol\u00e9 Mosaic, nous sommes fiers d&rsquo;offrir des souvenirs authentiques et d\u00e9taill\u00e9s qui refl\u00e8tent le riche h\u00e9ritage culturel de l&rsquo;Espagne. Ce bol en noix de coco est une excellente option pour les boutiques de cadeaux touristiques qui souhaitent fournir des produits uniques et significatifs. En tant que grossistes en souvenirs, nous garantissons la qualit\u00e9 et l&rsquo;authenticit\u00e9 de chaque pi\u00e8ce que nous distribuons.<\/p>\n","protected":false},"excerpt":{"rendered":"<p>Bol en noix de coco bleu inspir\u00e9 par l&rsquo;iconique Sagrada Familia de Barcelone. Ce charmant bol, fabriqu\u00e9 en noix de coco, pr\u00e9sente un design artisanal, peint \u00e0 la main, avec un bord d\u00e9cor\u00e9 dans des tons bleus et des c\u0153urs joyeux qui lui donnent une touche vibrante. Au centre, la silhouette de la Sagrada Familia se d\u00e9tache avec le mot \u00ab\u00a0Barcelona\u00a0\u00bb, ce qui en fait une pi\u00e8ce parfaite pour ajouter une touche culturelle \u00e0 n&rsquo;importe quel environnement. Id\u00e9al comme souvenir ou \u00e9l\u00e9ment d\u00e9coratif.<\/p>\n","protected":false},"featured_media":13490,"template":"","meta":{"_acf_changed":false},"product_brand":[],"product_cat":[521],"product_tag":[],"class_list":{"0":"post-28319","1":"product","2":"type-product","3":"status-publish","4":"has-post-thumbnail","6":"product_cat-bols","7":"pa_ciudad-barcelona","8":"pa_motivo-sagrada-familia","9":"pa_pais-espana","11":"first","12":"instock","13":"shipping-taxable","14":"product-type-simple"},"acf":[],"_links":{"self":[{"href":"https:\/\/olemosaic.com\/fr\/wp-json\/wp\/v2\/product\/28319","targetHints":{"allow":["GET"]}}],"collection":[{"href":"https:\/\/olemosaic.com\/fr\/wp-json\/wp\/v2\/product"}],"about":[{"href":"https:\/\/olemosaic.com\/fr\/wp-json\/wp\/v2\/types\/product"}],"wp:featuredmedia":[{"embeddable":true,"href":"https:\/\/olemosaic.com\/fr\/wp-json\/wp\/v2\/media\/13490"}],"wp:attachment":[{"href":"https:\/\/olemosaic.com\/fr\/wp-json\/wp\/v2\/media?parent=28319"}],"wp:term":[{"taxonomy":"product_brand","embeddable":true,"href":"https:\/\/olemosaic.com\/fr\/wp-json\/wp\/v2\/product_brand?post=28319"},{"taxonomy":"product_cat","embeddable":true,"href":"https:\/\/olemosaic.com\/fr\/wp-json\/wp\/v2\/product_cat?post=28319"},{"taxonomy":"product_tag","embeddable":true,"href":"https:\/\/olemosaic.com\/fr\/wp-json\/wp\/v2\/product_tag?post=28319"}],"curies":[{"name":"wp","href":"https:\/\/api.w.org\/{rel}","templated":true}]}}