{"id":28316,"date":"2025-02-20T23:29:56","date_gmt":"2025-02-20T22:29:56","guid":{"rendered":"http:\/\/olemosaic.com\/producto\/bol-de-coco-azul-mariposa-5\/"},"modified":"2025-07-25T19:25:05","modified_gmt":"2025-07-25T17:25:05","slug":"bol-en-noix-de-coco-bleu-papillon-5","status":"publish","type":"product","link":"https:\/\/olemosaic.com\/fr\/produit\/bol-en-noix-de-coco-bleu-papillon-5\/","title":{"rendered":"Bol en noix de coco bleu. Papillon. Style m\u00e9diterran\u00e9en."},"content":{"rendered":"<p>Ce bol en noix de coco bleu est une pi\u00e8ce unique qui fusionne fonctionnalit\u00e9 et art, id\u00e9al pour embellir n&rsquo;importe quelle maison. Son design ovale pr\u00e9sente une finition peinte \u00e0 la main dans des tons bleus et blancs, cr\u00e9\u00e9e pour rehausser les motifs d\u00e9licats qui couvrent sa surface. Au centre, un \u00e9l\u00e9gant motif de papillon, stylis\u00e9 et artistique, ajoute une touche distinctive qui transforme cet accessoire en une v\u00e9ritable \u0153uvre d&rsquo;art. Les petites formes arrondies sur les bords, d&rsquo;un bleu vibrant, \u00e9voquent la beaut\u00e9 naturelle et la fra\u00eecheur des ailes d&rsquo;un papillon en plein vol.<\/p>\n<p>Ce bol n&rsquo;est pas seulement visuellement attrayant, mais aussi pratique, parfait pour servir des ap\u00e9ritifs, des fruits ou simplement comme \u00e9l\u00e9ment d\u00e9coratif dans n&rsquo;importe quel espace, qu&rsquo;il soit moderne ou rustique. Sa connexion culturelle r\u00e9side dans la tradition de la c\u00e9ramique dans les r\u00e9gions d&rsquo;Espagne et du Portugal, o\u00f9 la cr\u00e9ativit\u00e9 et la ma\u00eetrise artisanale fusionnent, offrant des produits authentiques qui racontent des histoires. En tant que souvenir, ce bol en noix de coco bleu est un rappel repr\u00e9sentatif qui captivera l&rsquo;attention des touristes \u00e0 la recherche de quelque chose de vraiment sp\u00e9cial lors de leur voyage.<\/p>\n<p>Chez Ol\u00e9 Mosaic, nous sommes fiers d&rsquo;\u00eatre des distributeurs de souvenirs de qualit\u00e9, et ce bol est une excellente option pour les boutiques de cadeaux touristiques qui cherchent \u00e0 offrir des produits authentiques et d&rsquo;une pertinence culturelle. Avec nos bols en noix de coco, nous garantissons l&rsquo;artisanat, un design tr\u00e8s sp\u00e9cial et l&rsquo;authenticit\u00e9.<\/p>\n","protected":false},"excerpt":{"rendered":"<p>Bol en noix de coco bleu d\u00e9cor\u00e9 d&rsquo;un \u00e9l\u00e9gant motif de papillon, id\u00e9al pour apporter une touche distinctive \u00e0 n&rsquo;importe quelle maison. Ce bol pr\u00e9sente une finition au design artisanal, peinte \u00e0 la main, avec des tonalit\u00e9s bleues et blanches, qui rehaussent les formes d\u00e9licates de sa surface. Le motif central du papillon apporte un \u00e9l\u00e9ment artistique, tandis que sa forme ovale et son toucher doux en font un accessoire fonctionnel et d\u00e9coratif, parfait pour les espaces modernes ou rustiques.<\/p>\n","protected":false},"featured_media":13502,"template":"","meta":{"_acf_changed":false},"product_brand":[],"product_cat":[521],"product_tag":[530],"class_list":{"0":"post-28316","1":"product","2":"type-product","3":"status-publish","4":"has-post-thumbnail","6":"product_cat-bols","7":"product_tag-animaux","8":"pa_motivo-papillons","10":"first","11":"instock","12":"shipping-taxable","13":"product-type-simple"},"acf":[],"_links":{"self":[{"href":"https:\/\/olemosaic.com\/fr\/wp-json\/wp\/v2\/product\/28316","targetHints":{"allow":["GET"]}}],"collection":[{"href":"https:\/\/olemosaic.com\/fr\/wp-json\/wp\/v2\/product"}],"about":[{"href":"https:\/\/olemosaic.com\/fr\/wp-json\/wp\/v2\/types\/product"}],"wp:featuredmedia":[{"embeddable":true,"href":"https:\/\/olemosaic.com\/fr\/wp-json\/wp\/v2\/media\/13502"}],"wp:attachment":[{"href":"https:\/\/olemosaic.com\/fr\/wp-json\/wp\/v2\/media?parent=28316"}],"wp:term":[{"taxonomy":"product_brand","embeddable":true,"href":"https:\/\/olemosaic.com\/fr\/wp-json\/wp\/v2\/product_brand?post=28316"},{"taxonomy":"product_cat","embeddable":true,"href":"https:\/\/olemosaic.com\/fr\/wp-json\/wp\/v2\/product_cat?post=28316"},{"taxonomy":"product_tag","embeddable":true,"href":"https:\/\/olemosaic.com\/fr\/wp-json\/wp\/v2\/product_tag?post=28316"}],"curies":[{"name":"wp","href":"https:\/\/api.w.org\/{rel}","templated":true}]}}