{"id":28312,"date":"2025-02-20T22:29:56","date_gmt":"2025-02-20T22:29:56","guid":{"rendered":"http:\/\/olemosaic.com\/producto\/bol-de-coco-azul-rueda\/"},"modified":"2025-07-25T18:49:59","modified_gmt":"2025-07-25T16:49:59","slug":"bol-en-noix-de-coco-bleu-roue","status":"publish","type":"product","link":"https:\/\/olemosaic.com\/fr\/produit\/bol-en-noix-de-coco-bleu-roue\/","title":{"rendered":"Bol en noix de coco bleu. Roue."},"content":{"rendered":"<p>Ce bol en noix de coco bleu est une pi\u00e8ce singuli\u00e8re qui capture l&rsquo;essence de l&rsquo;art d\u00e9coratif m\u00e9diterran\u00e9en. Fabriqu\u00e9 \u00e0 partir de la coque d&rsquo;une noix de coco, son design g\u00e9om\u00e9trique rappelle les magnifiques mosa\u00efques traditionnelles espagnoles, \u00e9voquant la splendeur architecturale de la r\u00e9gion. Le bol pr\u00e9sente une finition brillante dans des tons bleus et blancs qui cr\u00e9e un contraste visuel attrayant, soulignant son \u00e9l\u00e9gance et son originalit\u00e9. La d\u00e9coration comprend des motifs complexes tournant autour d&rsquo;un motif central, \u00e9voquant l&rsquo;harmonie et l&rsquo;\u00e9quilibre propres \u00e0 l&rsquo;art de la mosa\u00efque.<\/p>\n<p>Ce bol n&rsquo;est pas seulement d\u00e9coratif, mais aussi fonctionnel, id\u00e9al pour servir des ap\u00e9ritifs ou pour orner n&rsquo;importe quel coin de votre maison. La peau naturelle de la noix de coco lui conf\u00e8re une touche rustique, rendant chaque pi\u00e8ce unique. Parfait comme souvenir d&rsquo;Espagne, ce bol en noix de coco bleu est un rappel du riche h\u00e9ritage culturel et artisanal de la r\u00e9gion m\u00e9diterran\u00e9enne.<\/p>\n<p>Chez Ol\u00e9 Mosaic, notre engagement est d&rsquo;offrir des produits authentiques, et ce bol repr\u00e9sente la tradition et la cr\u00e9ativit\u00e9 de l&rsquo;art espagnol. C&rsquo;est un excellent choix pour les boutiques de cadeaux touristiques qui souhaitent pr\u00e9senter des souvenirs de haute qualit\u00e9 conservant la magie de leur origine. En tant que grossiste de souvenirs, nous garantissons la disponibilit\u00e9 de produits qui se distinguent par leur authenticit\u00e9 et leur beaut\u00e9.<\/p>\n","protected":false},"excerpt":{"rendered":"<p>Bol en noix de coco bleu d\u00e9cor\u00e9 d&rsquo;un motif g\u00e9om\u00e9trique rappelant les mosa\u00efques traditionnelles de la M\u00e9diterran\u00e9e. \u00c9labor\u00e9 \u00e0 partir de la coque d&rsquo;une noix de coco, il pr\u00e9sente une finition brillante dans des tons bleus et blancs, cr\u00e9ant un contraste visuel attrayant. Ce bol \u00e9l\u00e9gant, inspir\u00e9 de l&rsquo;art d\u00e9coratif espagnol, est parfait aussi bien pour un usage quotidien que pour apporter une touche distinctive \u00e0 la d\u00e9coration de votre maison.<\/p>\n","protected":false},"featured_media":11728,"template":"","meta":{"_acf_changed":false},"product_brand":[],"product_cat":[521],"product_tag":[],"class_list":{"0":"post-28312","1":"product","2":"type-product","3":"status-publish","4":"has-post-thumbnail","6":"product_cat-bols","7":"pa_ciudad-rueda","8":"pa_pais-espana","10":"first","11":"instock","12":"shipping-taxable","13":"product-type-simple"},"acf":[],"_links":{"self":[{"href":"https:\/\/olemosaic.com\/fr\/wp-json\/wp\/v2\/product\/28312","targetHints":{"allow":["GET"]}}],"collection":[{"href":"https:\/\/olemosaic.com\/fr\/wp-json\/wp\/v2\/product"}],"about":[{"href":"https:\/\/olemosaic.com\/fr\/wp-json\/wp\/v2\/types\/product"}],"wp:featuredmedia":[{"embeddable":true,"href":"https:\/\/olemosaic.com\/fr\/wp-json\/wp\/v2\/media\/11728"}],"wp:attachment":[{"href":"https:\/\/olemosaic.com\/fr\/wp-json\/wp\/v2\/media?parent=28312"}],"wp:term":[{"taxonomy":"product_brand","embeddable":true,"href":"https:\/\/olemosaic.com\/fr\/wp-json\/wp\/v2\/product_brand?post=28312"},{"taxonomy":"product_cat","embeddable":true,"href":"https:\/\/olemosaic.com\/fr\/wp-json\/wp\/v2\/product_cat?post=28312"},{"taxonomy":"product_tag","embeddable":true,"href":"https:\/\/olemosaic.com\/fr\/wp-json\/wp\/v2\/product_tag?post=28312"}],"curies":[{"name":"wp","href":"https:\/\/api.w.org\/{rel}","templated":true}]}}