{"id":28276,"date":"2025-02-20T23:29:56","date_gmt":"2025-02-20T22:29:56","guid":{"rendered":"http:\/\/olemosaic.com\/producto\/bol-de-coco-azul-mano-5\/"},"modified":"2025-07-25T18:52:51","modified_gmt":"2025-07-25T16:52:51","slug":"bol-noix-de-coco-bleu-main-de-fatma-5","status":"publish","type":"product","link":"https:\/\/olemosaic.com\/fr\/produit\/bol-noix-de-coco-bleu-main-de-fatma-5\/","title":{"rendered":"Bol en noix de coco bleu. Main de Fatma. Hamsa."},"content":{"rendered":"<p>Ce bol en noix de coco bleu est une pi\u00e8ce d\u00e9corative et fonctionnelle, parfaite pour apporter une touche culturelle et artisanale \u00e0 n&rsquo;importe quel foyer. \u00c9labor\u00e9 avec m\u00e9ticulosit\u00e9, son ext\u00e9rieur affiche une couleur bleue profonde, \u00e9vocatrice des paysages m\u00e9diterran\u00e9ens, tandis que l&rsquo;int\u00e9rieur se distingue par un m\u00e9lange captivant de tons dor\u00e9s qui brillent avec \u00e9l\u00e9gance. Au centre, le symbole iconique de la main avec l&rsquo;\u0153il se r\u00e9v\u00e8le, repr\u00e9sentant la protection et la bonne fortune dans diverses cultures, ajoutant une signification profonde \u00e0 ce magnifique objet.<\/p>\n<p>Avec une finition artisanale et une forme douce et organique, ce bol n&rsquo;est pas seulement id\u00e9al pour ranger de petits objets comme des cl\u00e9s ou des bijoux, mais il devient \u00e9galement une pi\u00e8ce centrale impressionnante pour les tables ou les \u00e9tag\u00e8res, captant l&rsquo;attention de quiconque l&rsquo;observe. Son style unique en fait le souvenir parfait, refl\u00e9tant le riche h\u00e9ritage culturel des traditions artisanales de la r\u00e9gion.<\/p>\n<p>Chez Ol\u00e9 Mosaic, nous sommes fiers d&rsquo;offrir \u00e0 nos clients des souvenirs authentiques et repr\u00e9sentatifs qui c\u00e9l\u00e8brent la culture espagnole et portugaise. Ce bol en noix de coco bleu n&rsquo;est pas seulement un article attrayant pour votre boutique, mais aussi une option exceptionnelle pour les touristes \u00e0 la recherche de souvenirs fusionnant beaut\u00e9 et signification. En tant que grossistes en souvenirs, nous garantissons l&rsquo;originalit\u00e9 et la qualit\u00e9 de chaque pi\u00e8ce, offrant des produits qui soulignent la magie et le charme de la tradition artisanale.<\/p>\n","protected":false},"excerpt":{"rendered":"<p>Bol en noix de coco bleu au design artisanal, peint \u00e0 la main, id\u00e9al comme \u00e9l\u00e9ment d\u00e9coratif ou pour un usage pratique dans la maison. Ce magnifique bol pr\u00e9sente un m\u00e9lange complexe de tons bleus et dor\u00e9s \u00e9voquant la beaut\u00e9 d&rsquo;\u00e9l\u00e9ments traditionnels. \u00c0 l&rsquo;int\u00e9rieur, un motif du symbole de la main avec l&rsquo;\u0153il se distingue, apportant une touche culturelle unique. Parfait pour ranger de petits objets ou comme centre de table, sa finition artisanale le rend v\u00e9ritablement sp\u00e9cial.<\/p>\n","protected":false},"featured_media":13429,"template":"","meta":{"_acf_changed":false},"product_brand":[],"product_cat":[521],"product_tag":[],"class_list":{"0":"post-28276","1":"product","2":"type-product","3":"status-publish","4":"has-post-thumbnail","6":"product_cat-bols","7":"pa_motivo-mains","9":"first","10":"instock","11":"shipping-taxable","12":"product-type-simple"},"acf":[],"_links":{"self":[{"href":"https:\/\/olemosaic.com\/fr\/wp-json\/wp\/v2\/product\/28276","targetHints":{"allow":["GET"]}}],"collection":[{"href":"https:\/\/olemosaic.com\/fr\/wp-json\/wp\/v2\/product"}],"about":[{"href":"https:\/\/olemosaic.com\/fr\/wp-json\/wp\/v2\/types\/product"}],"wp:featuredmedia":[{"embeddable":true,"href":"https:\/\/olemosaic.com\/fr\/wp-json\/wp\/v2\/media\/13429"}],"wp:attachment":[{"href":"https:\/\/olemosaic.com\/fr\/wp-json\/wp\/v2\/media?parent=28276"}],"wp:term":[{"taxonomy":"product_brand","embeddable":true,"href":"https:\/\/olemosaic.com\/fr\/wp-json\/wp\/v2\/product_brand?post=28276"},{"taxonomy":"product_cat","embeddable":true,"href":"https:\/\/olemosaic.com\/fr\/wp-json\/wp\/v2\/product_cat?post=28276"},{"taxonomy":"product_tag","embeddable":true,"href":"https:\/\/olemosaic.com\/fr\/wp-json\/wp\/v2\/product_tag?post=28276"}],"curies":[{"name":"wp","href":"https:\/\/api.w.org\/{rel}","templated":true}]}}