{"id":28274,"date":"2025-02-20T23:29:55","date_gmt":"2025-02-20T22:29:55","guid":{"rendered":"http:\/\/olemosaic.com\/producto\/bol-de-coco-azul-delfin-barcelona-4\/"},"modified":"2025-07-25T18:51:12","modified_gmt":"2025-07-25T16:51:12","slug":"bol-noix-de-coco-bleu-dauphin-barcelone-4","status":"publish","type":"product","link":"https:\/\/olemosaic.com\/fr\/produit\/bol-noix-de-coco-bleu-dauphin-barcelone-4\/","title":{"rendered":"Bol en noix de coco bleu. Dauphin. Style m\u00e9diterran\u00e9en. Barcelone. Fond marin."},"content":{"rendered":"<p>Ce bol bleu en noix de coco est une pi\u00e8ce d\u00e9corative exceptionnelle qui \u00e9voque la beaut\u00e9 et la fra\u00eecheur de la mer M\u00e9diterran\u00e9e, id\u00e9al pour ceux qui souhaitent apporter un morceau de Barcelone dans leur foyer. Sa finition brillante et douce au toucher offre une exp\u00e9rience sensorielle unique, tandis que son design, orn\u00e9 de taches dans diff\u00e9rentes nuances de bleu, simule les eaux profondes de la c\u00f4te catalane. Au centre, un \u00e9l\u00e9gant dauphin stylis\u00e9 de couleur cuivre ressort sur le fond, symbolisant la vie marine qui caract\u00e9rise la r\u00e9gion. \u00c0 c\u00f4t\u00e9 de lui, une \u00e9tiquette avec le mot \u00ab\u00a0Barcelone\u00a0\u00bb renforce son lien culturel avec la ville.<\/p>\n<p>Ce bol n&rsquo;est pas seulement parfait pour servir des ap\u00e9ritifs, mais il fonctionne \u00e9galement comme une pi\u00e8ce d\u00e9corative frappante qui transformera n&rsquo;importe quel espace en un coin plein de charme m\u00e9diterran\u00e9en. Son authenticit\u00e9 en tant que souvenir de Barcelone en fait un cadeau id\u00e9al pour les touristes ou un souvenir m\u00e9morable pour ceux qui ont visit\u00e9 cette ville vibrante. Chez Ol\u00e9 Mosaic, en tant que grossistes en souvenirs, nous sommes fiers de proposer des produits qui c\u00e9l\u00e8brent la culture et la tradition espagnoles. Ce bol bleu en noix de coco est une excellente option pour les boutiques de cadeaux \u00e0 la recherche d&rsquo;articles uniques et repr\u00e9sentatifs, id\u00e9aux pour ceux qui souhaitent emporter une touche de Barcelone avec eux.<\/p>\n","protected":false},"excerpt":{"rendered":"<p>Bol en noix de coco bleu au design \u00e9l\u00e9gant \u00e9voquant la mer M\u00e9diterran\u00e9e, id\u00e9al pour se souvenir de la beaut\u00e9 de Barcelone. Ce produit pr\u00e9sente une finition brillante et douce au toucher, orn\u00e9e de taches de diff\u00e9rentes nuances de bleu simulant les eaux profondes. Au centre, un dauphin stylis\u00e9 de couleur cuivre ressort sur le fond, accompagn\u00e9 d&rsquo;une \u00e9tiquette indiquant \u00ab\u00a0Barcelone\u00a0\u00bb. Parfait comme pi\u00e8ce d\u00e9corative ou pour servir des ap\u00e9ritifs.<\/p>\n","protected":false},"featured_media":11869,"template":"","meta":{"_acf_changed":false},"product_brand":[],"product_cat":[521],"product_tag":[530],"class_list":{"0":"post-28274","1":"product","2":"type-product","3":"status-publish","4":"has-post-thumbnail","6":"product_cat-bols","7":"product_tag-animaux","8":"pa_ciudad-barcelona","9":"pa_motivo-dauphins","10":"pa_pais-espana","12":"first","13":"instock","14":"shipping-taxable","15":"product-type-simple"},"acf":[],"_links":{"self":[{"href":"https:\/\/olemosaic.com\/fr\/wp-json\/wp\/v2\/product\/28274","targetHints":{"allow":["GET"]}}],"collection":[{"href":"https:\/\/olemosaic.com\/fr\/wp-json\/wp\/v2\/product"}],"about":[{"href":"https:\/\/olemosaic.com\/fr\/wp-json\/wp\/v2\/types\/product"}],"wp:featuredmedia":[{"embeddable":true,"href":"https:\/\/olemosaic.com\/fr\/wp-json\/wp\/v2\/media\/11869"}],"wp:attachment":[{"href":"https:\/\/olemosaic.com\/fr\/wp-json\/wp\/v2\/media?parent=28274"}],"wp:term":[{"taxonomy":"product_brand","embeddable":true,"href":"https:\/\/olemosaic.com\/fr\/wp-json\/wp\/v2\/product_brand?post=28274"},{"taxonomy":"product_cat","embeddable":true,"href":"https:\/\/olemosaic.com\/fr\/wp-json\/wp\/v2\/product_cat?post=28274"},{"taxonomy":"product_tag","embeddable":true,"href":"https:\/\/olemosaic.com\/fr\/wp-json\/wp\/v2\/product_tag?post=28274"}],"curies":[{"name":"wp","href":"https:\/\/api.w.org\/{rel}","templated":true}]}}