{"id":28273,"date":"2025-02-20T23:29:55","date_gmt":"2025-02-20T22:29:55","guid":{"rendered":"http:\/\/olemosaic.com\/producto\/bol-de-coco-azul-caballito-de-mar-mallorca-5\/"},"modified":"2025-07-25T19:40:07","modified_gmt":"2025-07-25T17:40:07","slug":"bol-noix-de-coco-bleu-hippocampe-majorque-5","status":"publish","type":"product","link":"https:\/\/olemosaic.com\/fr\/produit\/bol-noix-de-coco-bleu-hippocampe-majorque-5\/","title":{"rendered":"Bol en noix de coco bleu. Hippocampe. Majorque. Bal\u00e9ares."},"content":{"rendered":"<p>Ce bol en noix de coco bleu est une merveille de c\u00e9ramique qui capture l&rsquo;essence de la mer de Majorque, parfait comme souvenir pour ceux qui souhaitent emporter un morceau de la beaut\u00e9 de l&rsquo;\u00eele. Ses formes douces et son design vibrant peint \u00e0 la main pr\u00e9sentent un d\u00e9licat hippocampe au centre, un symbole iconique des eaux m\u00e9diterran\u00e9ennes qui baignent la c\u00f4te majorquine. La palette de bleus du bol \u00e9voque les eaux cristallines de la M\u00e9diterran\u00e9e, transmettant une sensation de tranquillit\u00e9 et de fra\u00eecheur.<\/p>\n<p>La finition vitrifi\u00e9e brillante rehausse non seulement l&rsquo;attrait visuel du bol, mais lui conf\u00e8re \u00e9galement une durabilit\u00e9, en faisant une pi\u00e8ce \u00e0 la fois d\u00e9corative et fonctionnelle. Les d\u00e9tails de sa surface sont compl\u00e9t\u00e9s par un halo de points bleus, cr\u00e9ant un effet visuel captivant qui attirera l&rsquo;attention dans n&rsquo;importe quel coin de la maison. Ce bol est une excellente option pour les touristes \u00e0 la recherche de souvenirs authentiques et repr\u00e9sentatifs de Majorque, refl\u00e9tant le riche h\u00e9ritage culturel de l&rsquo;\u00eele.<\/p>\n<p>Chez Ol\u00e9 Mosaic, nous sommes experts dans la distribution de souvenirs en c\u00e9ramique en gros, offrant des produits authentiques qui c\u00e9l\u00e8brent le patrimoine espagnol. Ce bol en noix de coco bleu n&rsquo;est pas seulement un \u00e9l\u00e9gant objet d\u00e9coratif, mais aussi un souvenir significatif qui souligne la beaut\u00e9 de la r\u00e9gion et sa connexion avec la mer. Id\u00e9al pour les boutiques de souvenirs touristiques cherchant \u00e0 ajouter une pi\u00e8ce unique \u00e0 leur collection.<\/p>\n","protected":false},"excerpt":{"rendered":"<p>Bol en noix de coco bleu inspir\u00e9 par la beaut\u00e9 de la mer de Majorque, avec un design \u00e9l\u00e9gant pr\u00e9sentant un hippocampe au centre. Fabriqu\u00e9 en c\u00e9ramique, ce bol se distingue par sa finition au design artisanal, peint \u00e0 la main, avec une palette de bleus \u00e9voquant les eaux cristallines de l&rsquo;\u00eele. Ses formes douces et le vitrage brillant rehaussent le motif d\u00e9coratif, en faisant un souvenir attrayant ou une pi\u00e8ce d\u00e9corative parfaite pour n&rsquo;importe quel coin de la maison.<\/p>\n","protected":false},"featured_media":11885,"template":"","meta":{"_acf_changed":false},"product_brand":[],"product_cat":[521],"product_tag":[530],"class_list":{"0":"post-28273","1":"product","2":"type-product","3":"status-publish","4":"has-post-thumbnail","6":"product_cat-bols","7":"product_tag-animaux","8":"pa_ciudad-mallorca","9":"pa_motivo-hippocampes","10":"pa_pais-espana","12":"first","13":"instock","14":"shipping-taxable","15":"product-type-simple"},"acf":[],"_links":{"self":[{"href":"https:\/\/olemosaic.com\/fr\/wp-json\/wp\/v2\/product\/28273","targetHints":{"allow":["GET"]}}],"collection":[{"href":"https:\/\/olemosaic.com\/fr\/wp-json\/wp\/v2\/product"}],"about":[{"href":"https:\/\/olemosaic.com\/fr\/wp-json\/wp\/v2\/types\/product"}],"wp:featuredmedia":[{"embeddable":true,"href":"https:\/\/olemosaic.com\/fr\/wp-json\/wp\/v2\/media\/11885"}],"wp:attachment":[{"href":"https:\/\/olemosaic.com\/fr\/wp-json\/wp\/v2\/media?parent=28273"}],"wp:term":[{"taxonomy":"product_brand","embeddable":true,"href":"https:\/\/olemosaic.com\/fr\/wp-json\/wp\/v2\/product_brand?post=28273"},{"taxonomy":"product_cat","embeddable":true,"href":"https:\/\/olemosaic.com\/fr\/wp-json\/wp\/v2\/product_cat?post=28273"},{"taxonomy":"product_tag","embeddable":true,"href":"https:\/\/olemosaic.com\/fr\/wp-json\/wp\/v2\/product_tag?post=28273"}],"curies":[{"name":"wp","href":"https:\/\/api.w.org\/{rel}","templated":true}]}}