{"id":28272,"date":"2025-02-20T23:29:55","date_gmt":"2025-02-20T22:29:55","guid":{"rendered":"http:\/\/olemosaic.com\/producto\/bol-de-coco-azul-caballito-de-mar-4\/"},"modified":"2025-07-25T20:25:23","modified_gmt":"2025-07-25T18:25:23","slug":"bol-noix-de-coco-bleu-hippocampe-4","status":"publish","type":"product","link":"https:\/\/olemosaic.com\/fr\/produit\/bol-noix-de-coco-bleu-hippocampe-4\/","title":{"rendered":"Bol en noix de coco bleu. Hippocampe. Style m\u00e9diterran\u00e9en. Espagne."},"content":{"rendered":"<p>Ce bol en noix de coco bleu est une pi\u00e8ce artisanale qui capture l&rsquo;essence du monde marin vibrant, id\u00e9al pour ceux qui recherchent un souvenir authentique d&rsquo;Espagne. \u00c9labor\u00e9 \u00e0 partir d&rsquo;une s\u00e9lection rigoureuse de noix de coco, il se distingue par son design exquis peint \u00e0 la main, o\u00f9 pr\u00e9dominent les tons bleus et dor\u00e9s \u00e9voquant la profondeur et la beaut\u00e9 de l&rsquo;oc\u00e9an. La technique de mosa\u00efque utilis\u00e9e dans la d\u00e9coration apporte un caract\u00e8re unique, imitant les ondulations des vagues et la lumi\u00e8re se refl\u00e9tant sur l&rsquo;eau. Au centre, un \u00e9l\u00e9gant hippocampe, peint avec d\u00e9licatesse, ajoute une touche distinctive qui souligne la connexion avec la vie marine.<\/p>\n<p>Ce bol n&rsquo;est pas seulement un objet d\u00e9coratif, mais aussi un rappel des merveilles naturelles que l&rsquo;on trouve sur les c\u00f4tes espagnoles. Son authenticit\u00e9 et sa finition en font un cadeau parfait pour les touristes souhaitant ramener chez eux un morceau de la culture et de l&rsquo;art local. Chez Ol\u00e9 Mosaic, en tant que distributeurs de souvenirs de qualit\u00e9, nous proposons ce bol en noix de coco bleu dans le cadre de notre collection de produits embl\u00e9matiques qui refl\u00e8tent la richesse du folklore et de l&rsquo;artisanat de la r\u00e9gion. Id\u00e9al pour les boutiques de souvenirs touristiques, ce bol est une excellente proposition pour ceux qui recherchent authenticit\u00e9 et beaut\u00e9 dans leurs achats.<\/p>\n","protected":false},"excerpt":{"rendered":"<p>Bol en noix de coco bleu d\u00e9cor\u00e9 d&rsquo;un \u00e9l\u00e9gant hippocampe, repr\u00e9sentant la beaut\u00e9 vibrante des fonds marins. Ce produit, fabriqu\u00e9 en noix de coco, se distingue par son design artisanal d\u00e9taill\u00e9, peint \u00e0 la main, dans des tons bleus et dor\u00e9s, cr\u00e9ant un effet de mosa\u00efque qui \u00e9voque l&rsquo;oc\u00e9an. L&rsquo;image centrale de l&rsquo;hippocampe ajoute une touche distinctive et artistique, faisant de ce bol une pi\u00e8ce id\u00e9ale pour d\u00e9corer n&rsquo;importe quel espace ou pour offrir.<\/p>\n","protected":false},"featured_media":10072,"template":"","meta":{"_acf_changed":false},"product_brand":[],"product_cat":[521],"product_tag":[530],"class_list":{"0":"post-28272","1":"product","2":"type-product","3":"status-publish","4":"has-post-thumbnail","6":"product_cat-bols","7":"product_tag-animaux","8":"pa_motivo-hippocampes","10":"first","11":"instock","12":"shipping-taxable","13":"product-type-simple"},"acf":[],"_links":{"self":[{"href":"https:\/\/olemosaic.com\/fr\/wp-json\/wp\/v2\/product\/28272","targetHints":{"allow":["GET"]}}],"collection":[{"href":"https:\/\/olemosaic.com\/fr\/wp-json\/wp\/v2\/product"}],"about":[{"href":"https:\/\/olemosaic.com\/fr\/wp-json\/wp\/v2\/types\/product"}],"wp:featuredmedia":[{"embeddable":true,"href":"https:\/\/olemosaic.com\/fr\/wp-json\/wp\/v2\/media\/10072"}],"wp:attachment":[{"href":"https:\/\/olemosaic.com\/fr\/wp-json\/wp\/v2\/media?parent=28272"}],"wp:term":[{"taxonomy":"product_brand","embeddable":true,"href":"https:\/\/olemosaic.com\/fr\/wp-json\/wp\/v2\/product_brand?post=28272"},{"taxonomy":"product_cat","embeddable":true,"href":"https:\/\/olemosaic.com\/fr\/wp-json\/wp\/v2\/product_cat?post=28272"},{"taxonomy":"product_tag","embeddable":true,"href":"https:\/\/olemosaic.com\/fr\/wp-json\/wp\/v2\/product_tag?post=28272"}],"curies":[{"name":"wp","href":"https:\/\/api.w.org\/{rel}","templated":true}]}}