{"id":28265,"date":"2025-02-20T23:29:55","date_gmt":"2025-02-20T22:29:55","guid":{"rendered":"http:\/\/olemosaic.com\/producto\/bol-de-coco-azul-camino-de-santiago\/"},"modified":"2025-07-25T18:45:35","modified_gmt":"2025-07-25T16:45:35","slug":"bol-noix-de-coco-bleu-chemin-de-compostelle","status":"publish","type":"product","link":"https:\/\/olemosaic.com\/fr\/produit\/bol-noix-de-coco-bleu-chemin-de-compostelle\/","title":{"rendered":"Bol en noix de coco bleu. Chemin de Compostelle."},"content":{"rendered":"<p>Ce bol en noix de coco bleu est une pi\u00e8ce artisanale exceptionnelle qui c\u00e9l\u00e8bre l&rsquo;essence du Chemin de Compostelle. Avec un design magnifique dans des tons bleus vibrants, ce bol est m\u00e9ticuleusement \u00e9labor\u00e9 de mani\u00e8re artisanale, ce qui renforce son authenticit\u00e9 en tant que souvenir repr\u00e9sentatif. Son int\u00e9rieur pr\u00e9sente un motif distinctif en noir, orn\u00e9 d&rsquo;une bordure superpos\u00e9e de c\u0153urs qui rehausse son attrait visuel et son \u00e9l\u00e9gance. Au centre, se d\u00e9tache l&#8217;embl\u00e9matique coquille du Chemin de Compostelle dans une finition bleue brillante, accompagn\u00e9e de la phrase \u00ab\u00a0CAMINO DE SANTIAGO\u00a0\u00bb, symbolisant la riche tradition de cet ancien voyage spirituel.<\/p>\n<p>Ce bol n&rsquo;est pas seulement un \u00e9l\u00e9ment d\u00e9coratif, mais aussi un rappel tangible de l&rsquo;une des routes de p\u00e8lerinage les plus embl\u00e9matiques au monde, qui attire des milliers de touristes et de p\u00e8lerins chaque ann\u00e9e. La d\u00e9coration vibrante et symbolique en fait un excellent souvenir, id\u00e9al pour ceux qui cherchent \u00e0 emporter un morceau de l&rsquo;h\u00e9ritage culturel espagnol. Chez Ol\u00e9 Mosaic, nous sommes distributeurs de produits authentiques, et ce bol en noix de coco repr\u00e9sente parfaitement la connexion culturelle que les touristes souhaitent trouver dans leurs souvenirs. C&rsquo;est une proposition id\u00e9ale pour les boutiques de cadeaux touristiques qui appr\u00e9cient la qualit\u00e9 et l&rsquo;artisanat dans leurs souvenirs d&rsquo;Espagne.<\/p>\n","protected":false},"excerpt":{"rendered":"<p>Bol en noix de coco bleu d\u00e9cor\u00e9 de motifs du Chemin de Compostelle. Ce bol singulier pr\u00e9sente un design dans les tons bleus, rehauss\u00e9 de d\u00e9tails noirs et d&rsquo;une bordure orn\u00e9e de c\u0153urs. Au centre, se d\u00e9tache l&#8217;embl\u00e9matique coquille du Chemin de Compostelle, ainsi que la phrase \u00ab\u00a0CAMINO DE SANTIAGO\u00a0\u00bb, le tout \u00e9labor\u00e9 \u00e0 la main avec une technique qui met en valeur ses formes et ses couleurs vibrantes. Id\u00e9al comme souvenir ou \u00e9l\u00e9ment d\u00e9coratif.<\/p>\n","protected":false},"featured_media":10207,"template":"","meta":{"_acf_changed":false},"product_brand":[],"product_cat":[521],"product_tag":[],"class_list":{"0":"post-28265","1":"product","2":"type-product","3":"status-publish","4":"has-post-thumbnail","6":"product_cat-bols","7":"pa_motivo-chemin-saint-jacques","9":"first","10":"instock","11":"shipping-taxable","12":"product-type-simple"},"acf":[],"_links":{"self":[{"href":"https:\/\/olemosaic.com\/fr\/wp-json\/wp\/v2\/product\/28265","targetHints":{"allow":["GET"]}}],"collection":[{"href":"https:\/\/olemosaic.com\/fr\/wp-json\/wp\/v2\/product"}],"about":[{"href":"https:\/\/olemosaic.com\/fr\/wp-json\/wp\/v2\/types\/product"}],"wp:featuredmedia":[{"embeddable":true,"href":"https:\/\/olemosaic.com\/fr\/wp-json\/wp\/v2\/media\/10207"}],"wp:attachment":[{"href":"https:\/\/olemosaic.com\/fr\/wp-json\/wp\/v2\/media?parent=28265"}],"wp:term":[{"taxonomy":"product_brand","embeddable":true,"href":"https:\/\/olemosaic.com\/fr\/wp-json\/wp\/v2\/product_brand?post=28265"},{"taxonomy":"product_cat","embeddable":true,"href":"https:\/\/olemosaic.com\/fr\/wp-json\/wp\/v2\/product_cat?post=28265"},{"taxonomy":"product_tag","embeddable":true,"href":"https:\/\/olemosaic.com\/fr\/wp-json\/wp\/v2\/product_tag?post=28265"}],"curies":[{"name":"wp","href":"https:\/\/api.w.org\/{rel}","templated":true}]}}