{"id":28264,"date":"2025-02-20T23:29:55","date_gmt":"2025-02-20T22:29:55","guid":{"rendered":"http:\/\/olemosaic.com\/producto\/bol-de-coco-azul-mano-4\/"},"modified":"2025-07-25T20:06:29","modified_gmt":"2025-07-25T18:06:29","slug":"bol-noix-de-coco-bleu-main-4","status":"publish","type":"product","link":"https:\/\/olemosaic.com\/fr\/produit\/bol-noix-de-coco-bleu-main-4\/","title":{"rendered":"Bol en noix de coco bleu. Main. Hamsa."},"content":{"rendered":"<p>Ce bol en noix de coco bleu est une pi\u00e8ce d\u00e9corative exclusive qui allie la riche tradition artisanale de Gran Canaria \u00e0 un design vibrant et inspirant. \u00c9labor\u00e9 \u00e0 la main, ce bol se distingue par sa magnifique tonalit\u00e9 bleue, qui \u00e9voque les eaux cristallines de l&rsquo;oc\u00e9an entourant l&rsquo;\u00eele. \u00c0 l&rsquo;int\u00e9rieur, une charmante salamandre se d\u00e9ploie entour\u00e9e de c\u0153urs dans divers tons bleut\u00e9s, cr\u00e9ant un contraste visuel captivant qui c\u00e9l\u00e8bre la faune et la flore locales.<\/p>\n<p>L&rsquo;attention port\u00e9e aux d\u00e9tails est \u00e9vidente dans chaque recoin de ce bol ; la finition lustr\u00e9e souligne la beaut\u00e9 de la texture de la noix de coco, tandis que les couleurs du design ajoutent une touche de fra\u00eecheur et d&rsquo;exotisme. Ce bol n&rsquo;est pas seulement un objet d\u00e9coratif, mais aussi un hommage \u00e0 la culture canarienne, rendant hommage \u00e0 la riche biodiversit\u00e9 de l&rsquo;\u00eele, connue pour sa beaut\u00e9 naturelle et sa faune unique.<\/p>\n<p>En tant que souvenir repr\u00e9sentatif de Gran Canaria, ce bol en noix de coco est une excellente option pour les touristes cherchant \u00e0 emporter un souvenir authentique et significatif. Chez Ol\u00e9 Mosaic, nous nous engageons \u00e0 offrir des souvenirs de qualit\u00e9 en gros, et ce bol est un choix id\u00e9al pour les boutiques de cadeaux touristiques souhaitant offrir \u00e0 leurs clients un aper\u00e7u du patrimoine culturel des \u00eeles Canaries.<\/p>\n","protected":false},"excerpt":{"rendered":"<p>Bol en noix de coco bleu, d\u00e9cor\u00e9 avec un style artisanal, qui se distingue par sa symbologie et son design unique. \u00c0 l&rsquo;int\u00e9rieur, un motif de c\u0153urs dans les tons bleus et un motif central d&rsquo;une main avec un \u0153il \u00e9voquent des influences culturelles. Ce bol original est id\u00e9al comme \u00e9l\u00e9ment d\u00e9coratif ou fonctionnel dans la maison, apportant une touche vibrante et artistique \u00e0 n&rsquo;importe quel espace. Parfait comme souvenir d&rsquo;Espagne ou pour les amateurs d&rsquo;art artisanal.<\/p>\n","protected":false},"featured_media":13454,"template":"","meta":{"_acf_changed":false},"product_brand":[],"product_cat":[521],"product_tag":[],"class_list":{"0":"post-28264","1":"product","2":"type-product","3":"status-publish","4":"has-post-thumbnail","6":"product_cat-bols","7":"pa_motivo-mains","9":"first","10":"instock","11":"shipping-taxable","12":"product-type-simple"},"acf":[],"_links":{"self":[{"href":"https:\/\/olemosaic.com\/fr\/wp-json\/wp\/v2\/product\/28264","targetHints":{"allow":["GET"]}}],"collection":[{"href":"https:\/\/olemosaic.com\/fr\/wp-json\/wp\/v2\/product"}],"about":[{"href":"https:\/\/olemosaic.com\/fr\/wp-json\/wp\/v2\/types\/product"}],"wp:featuredmedia":[{"embeddable":true,"href":"https:\/\/olemosaic.com\/fr\/wp-json\/wp\/v2\/media\/13454"}],"wp:attachment":[{"href":"https:\/\/olemosaic.com\/fr\/wp-json\/wp\/v2\/media?parent=28264"}],"wp:term":[{"taxonomy":"product_brand","embeddable":true,"href":"https:\/\/olemosaic.com\/fr\/wp-json\/wp\/v2\/product_brand?post=28264"},{"taxonomy":"product_cat","embeddable":true,"href":"https:\/\/olemosaic.com\/fr\/wp-json\/wp\/v2\/product_cat?post=28264"},{"taxonomy":"product_tag","embeddable":true,"href":"https:\/\/olemosaic.com\/fr\/wp-json\/wp\/v2\/product_tag?post=28264"}],"curies":[{"name":"wp","href":"https:\/\/api.w.org\/{rel}","templated":true}]}}