{"id":28263,"date":"2025-02-20T23:29:55","date_gmt":"2025-02-20T22:29:55","guid":{"rendered":"http:\/\/olemosaic.com\/producto\/bol-de-coco-azul-isla-mallorca-3\/"},"modified":"2025-07-25T19:06:23","modified_gmt":"2025-07-25T17:06:23","slug":"bol-noix-de-coco-bleu-ile-majorque-3","status":"publish","type":"product","link":"https:\/\/olemosaic.com\/fr\/produit\/bol-noix-de-coco-bleu-ile-majorque-3\/","title":{"rendered":"Bol en noix de coco bleu. \u00cele. Majorque. Espagne."},"content":{"rendered":"<p>Ce bol en noix de coco bleu est un chef-d&rsquo;\u0153uvre qui refl\u00e8te la beaut\u00e9 authentique de l&rsquo;\u00eele de Majorque. Son design, r\u00e9alis\u00e9 en mat\u00e9riau de noix de coco, met en avant une couleur bleue vibrante qui \u00e9voque les eaux cristallines de la M\u00e9diterran\u00e9e, en faisant un excellent \u00e9l\u00e9ment d\u00e9coratif et fonctionnel pour la maison. \u00c0 l&rsquo;int\u00e9rieur, se trouve une repr\u00e9sentation stylis\u00e9e de l&rsquo;\u00eele, mise en valeur par une peinture \u00e0 la main incluant le nom \u00ab\u00a0MAJORQUE\u00a0\u00bb, entour\u00e9 de charmants c\u0153urs qui d\u00e9limitent le bord du bol, ajoutant une touche de chaleur et d&rsquo;amour \u00e0 cette pi\u00e8ce unique.<\/p>\n<p>Le bol ne se distingue pas seulement par son attrait visuel, mais aussi par sa connexion culturelle avec Majorque, une destination touristique c\u00e9l\u00e8bre pour ses paysages impressionnants, ses plages de r\u00eave et son riche h\u00e9ritage m\u00e9diterran\u00e9en. Ce souvenir est id\u00e9al pour les visiteurs qui souhaitent emporter un morceau de l&rsquo;\u00eele chez eux, servant de rappel constant de leurs souvenirs de voyage.<\/p>\n<p>Chez Ol\u00e9 Mosaic, nous nous sp\u00e9cialisons dans la distribution de souvenirs en gros, offrant des produits authentiques qui repr\u00e9sentent l&rsquo;essence des r\u00e9gions espagnoles. Ce bol en noix de coco bleu est une excellente option pour les boutiques de cadeaux touristiques souhaitant se d\u00e9marquer avec des articles artisanaux et culturellement significatifs. En tant que grossiste de souvenirs de Majorque, nous garantissons que chaque pi\u00e8ce est un symbole d&rsquo;authenticit\u00e9 et d&rsquo;esprit insulaire.<\/p>\n","protected":false},"excerpt":{"rendered":"<p>Bol en noix de coco bleu d\u00e9cor\u00e9 d&rsquo;une repr\u00e9sentation stylis\u00e9e de l&rsquo;\u00eele de Majorque \u00e0 l&rsquo;int\u00e9rieur. Ce bol attrayant, fait de noix de coco, se distingue par sa couleur bleue vibrante et son design artisanal, peint \u00e0 la main, incluant des motifs de c\u0153urs autour du bord. Parfait comme \u00e9l\u00e9ment d\u00e9coratif ou pour ranger de petits objets, ce produit capture l&rsquo;essence de Majorque et sa beaut\u00e9 naturelle.<\/p>\n","protected":false},"featured_media":10195,"template":"","meta":{"_acf_changed":false},"product_brand":[],"product_cat":[521],"product_tag":[],"class_list":{"0":"post-28263","1":"product","2":"type-product","3":"status-publish","4":"has-post-thumbnail","6":"product_cat-bols","7":"pa_ciudad-mallorca","8":"pa_motivo-iles","9":"pa_pais-espana","11":"first","12":"instock","13":"shipping-taxable","14":"product-type-simple"},"acf":[],"_links":{"self":[{"href":"https:\/\/olemosaic.com\/fr\/wp-json\/wp\/v2\/product\/28263","targetHints":{"allow":["GET"]}}],"collection":[{"href":"https:\/\/olemosaic.com\/fr\/wp-json\/wp\/v2\/product"}],"about":[{"href":"https:\/\/olemosaic.com\/fr\/wp-json\/wp\/v2\/types\/product"}],"wp:featuredmedia":[{"embeddable":true,"href":"https:\/\/olemosaic.com\/fr\/wp-json\/wp\/v2\/media\/10195"}],"wp:attachment":[{"href":"https:\/\/olemosaic.com\/fr\/wp-json\/wp\/v2\/media?parent=28263"}],"wp:term":[{"taxonomy":"product_brand","embeddable":true,"href":"https:\/\/olemosaic.com\/fr\/wp-json\/wp\/v2\/product_brand?post=28263"},{"taxonomy":"product_cat","embeddable":true,"href":"https:\/\/olemosaic.com\/fr\/wp-json\/wp\/v2\/product_cat?post=28263"},{"taxonomy":"product_tag","embeddable":true,"href":"https:\/\/olemosaic.com\/fr\/wp-json\/wp\/v2\/product_tag?post=28263"}],"curies":[{"name":"wp","href":"https:\/\/api.w.org\/{rel}","templated":true}]}}