{"id":28262,"date":"2025-02-20T23:29:55","date_gmt":"2025-02-20T22:29:55","guid":{"rendered":"http:\/\/olemosaic.com\/producto\/bol-de-coco-azul-ibiscus-5\/"},"modified":"2025-07-25T20:38:35","modified_gmt":"2025-07-25T18:38:35","slug":"bol-noix-de-coco-bleu-hibiscus-5","status":"publish","type":"product","link":"https:\/\/olemosaic.com\/fr\/produit\/bol-noix-de-coco-bleu-hibiscus-5\/","title":{"rendered":"Bol en noix de coco bleu. Hibiscus."},"content":{"rendered":"<p>Ce bol en noix de coco bleu est un chef-d&rsquo;\u0153uvre artisanal qui \u00e9voque la fra\u00eecheur de la nature tropicale. Avec son design unique, pr\u00e9sentant un \u00e9l\u00e9gant motif d&rsquo;hibiscus au centre, il est id\u00e9al pour servir des ap\u00e9ritifs ou comme \u00e9l\u00e9ment d\u00e9coratif dans n&rsquo;importe quel environnement. Fabriqu\u00e9 en noix de coco, son int\u00e9rieur resplendit de teintes dor\u00e9es et bleues, cr\u00e9ant un contraste visuel captivant. La technique de peinture innovante utilis\u00e9e ne souligne pas seulement la beaut\u00e9 naturelle du mat\u00e9riau, mais offre \u00e9galement une texture visuellement attrayante qui attire le regard. Ce bol repr\u00e9sente non seulement le riche h\u00e9ritage culturel des \u00eeles, mais constitue \u00e9galement un souvenir authentique qui connecte l&rsquo;acheteur \u00e0 l&rsquo;essence des destinations tropicales. De plus, sa polyvalence en fait une excellente option pour les touristes \u00e0 la recherche de souvenirs repr\u00e9sentatifs de leur exp\u00e9rience. Chez Ol\u00e9 Mosaic, nous nous consacrons \u00e0 la distribution en gros de ces charmants souvenirs, garantissant \u00e0 nos clients l&rsquo;acc\u00e8s \u00e0 des articles authentiques et de qualit\u00e9 qui mettent en valeur la culture locale. Ce bol en noix de coco bleu est, sans aucun doute, une pi\u00e8ce incontournable pour les boutiques de cadeaux touristiques cherchant \u00e0 proposer des produits uniques et authentiques.<\/p>\n","protected":false},"excerpt":{"rendered":"<p>Bol en noix de coco bleu inspir\u00e9 par la nature, avec un design unique pr\u00e9sentant des motifs d&rsquo;hibiscus au centre. Fabriqu\u00e9 en noix de coco, son int\u00e9rieur resplendit de tons dor\u00e9s et bleus, gr\u00e2ce \u00e0 une technique de peinture qui cr\u00e9e une texture visuelle attrayante. Ce bol est parfait pour servir des ap\u00e9ritifs ou comme \u00e9l\u00e9ment d\u00e9coratif, \u00e9voquant le charme tropical des \u00eeles et id\u00e9al pour ajouter une touche de fra\u00eecheur \u00e0 n&rsquo;importe quel environnement.<\/p>\n","protected":false},"featured_media":13425,"template":"","meta":{"_acf_changed":false},"product_brand":[],"product_cat":[521],"product_tag":[],"class_list":{"0":"post-28262","1":"product","2":"type-product","3":"status-publish","4":"has-post-thumbnail","6":"product_cat-bols","7":"pa_motivo-hibiscus","9":"first","10":"instock","11":"shipping-taxable","12":"product-type-simple"},"acf":[],"_links":{"self":[{"href":"https:\/\/olemosaic.com\/fr\/wp-json\/wp\/v2\/product\/28262","targetHints":{"allow":["GET"]}}],"collection":[{"href":"https:\/\/olemosaic.com\/fr\/wp-json\/wp\/v2\/product"}],"about":[{"href":"https:\/\/olemosaic.com\/fr\/wp-json\/wp\/v2\/types\/product"}],"wp:featuredmedia":[{"embeddable":true,"href":"https:\/\/olemosaic.com\/fr\/wp-json\/wp\/v2\/media\/13425"}],"wp:attachment":[{"href":"https:\/\/olemosaic.com\/fr\/wp-json\/wp\/v2\/media?parent=28262"}],"wp:term":[{"taxonomy":"product_brand","embeddable":true,"href":"https:\/\/olemosaic.com\/fr\/wp-json\/wp\/v2\/product_brand?post=28262"},{"taxonomy":"product_cat","embeddable":true,"href":"https:\/\/olemosaic.com\/fr\/wp-json\/wp\/v2\/product_cat?post=28262"},{"taxonomy":"product_tag","embeddable":true,"href":"https:\/\/olemosaic.com\/fr\/wp-json\/wp\/v2\/product_tag?post=28262"}],"curies":[{"name":"wp","href":"https:\/\/api.w.org\/{rel}","templated":true}]}}