{"id":28252,"date":"2025-02-20T23:29:54","date_gmt":"2025-02-20T22:29:54","guid":{"rendered":"http:\/\/olemosaic.com\/producto\/bol-de-coco-azul-salamandra-tenerife-4\/"},"modified":"2025-07-25T18:34:49","modified_gmt":"2025-07-25T16:34:49","slug":"bol-de-coco-bleu-salamandre-tenerife-4","status":"publish","type":"product","link":"https:\/\/olemosaic.com\/fr\/produit\/bol-de-coco-bleu-salamandre-tenerife-4\/","title":{"rendered":"Bol de coco bleu. Salamandre. Tenerife. Fond marin."},"content":{"rendered":"<p>Ce bol en noix de coco bleu est une repr\u00e9sentation exquise de l&rsquo;essence de Tenerife, con\u00e7u pour captiver tant par son esth\u00e9tique que par sa valeur culturelle. Fabriqu\u00e9 \u00e0 partir de coques de noix de coco recycl\u00e9es, ce magnifique bol pr\u00e9sente un design frappant peint \u00e0 la main dans des tons bleus et verts, simulant une mosa\u00efque attrayante qui \u00e9voque l&rsquo;oc\u00e9an et la v\u00e9g\u00e9tation luxuriante de l&rsquo;\u00eele. Au centre, une \u00e9l\u00e9gante salamandre, symbole embl\u00e9matique de la faune canarienne, ajoute une touche distinctive et attrayante, capturant l&rsquo;attention et la curiosit\u00e9 de ceux qui le voient.<\/p>\n<p>Le nom \u00ab\u00a0TENERIFE\u00a0\u00bb est pr\u00e9sent\u00e9 dans une \u00e9l\u00e9gante finition de couleur cuivre, qui contraste doucement avec les fonds vibrants du bol. Ce souvenir n&rsquo;est pas seulement un charmant \u00e9l\u00e9ment d\u00e9coratif, mais il est \u00e9galement id\u00e9al comme r\u00e9cipient pour de petits objets ou comme centre de table, offrant polyvalence et fonctionnalit\u00e9. En choisissant ce bol, les touristes n&rsquo;acqui\u00e8rent pas seulement un bel objet, mais aussi un souvenir authentique du riche patrimoine culturel de Tenerife.<\/p>\n<p>Chez Ol\u00e9 Mosaic, nous nous engageons \u00e0 distribuer des articles qui c\u00e9l\u00e8brent l&rsquo;authenticit\u00e9 et la tradition. Ce bol en noix de coco bleu est une excellente option pour les boutiques de cadeaux touristiques qui recherchent des souvenirs mettant en valeur la singularit\u00e9 des \u00eeles Canaries, cr\u00e9ant des liens \u00e9motionnels et m\u00e9morables avec les visiteurs qui souhaitent ramener un morceau de Tenerife chez eux.<\/p>\n","protected":false},"excerpt":{"rendered":"<p>Bol en noix de coco bleu d\u00e9cor\u00e9 d&rsquo;une \u00e9l\u00e9gante salamandre, repr\u00e9sentant l&rsquo;essence de Tenerife. Ce bol attrayant, \u00e9labor\u00e9 \u00e0 partir de coque de noix de coco, pr\u00e9sente un design artisanal, peint \u00e0 la main, dans des tons bleus et verts simulant une mosa\u00efque, compl\u00e9t\u00e9 par le nom \u00ab\u00a0TENERIFE\u00a0\u00bb en couleur cuivre. La salamandre, symbole de la faune canarienne, se d\u00e9tache au centre, apportant une touche distinctive \u00e0 ce souvenir. Id\u00e9al pour un usage d\u00e9coratif ou comme r\u00e9cipient.<\/p>\n","protected":false},"featured_media":11921,"template":"","meta":{"_acf_changed":false},"product_brand":[],"product_cat":[521],"product_tag":[530],"class_list":{"0":"post-28252","1":"product","2":"type-product","3":"status-publish","4":"has-post-thumbnail","6":"product_cat-bols","7":"product_tag-animaux","8":"pa_ciudad-tenerife","9":"pa_motivo-salamandres","10":"pa_pais-espana","12":"first","13":"instock","14":"shipping-taxable","15":"product-type-simple"},"acf":[],"_links":{"self":[{"href":"https:\/\/olemosaic.com\/fr\/wp-json\/wp\/v2\/product\/28252","targetHints":{"allow":["GET"]}}],"collection":[{"href":"https:\/\/olemosaic.com\/fr\/wp-json\/wp\/v2\/product"}],"about":[{"href":"https:\/\/olemosaic.com\/fr\/wp-json\/wp\/v2\/types\/product"}],"wp:featuredmedia":[{"embeddable":true,"href":"https:\/\/olemosaic.com\/fr\/wp-json\/wp\/v2\/media\/11921"}],"wp:attachment":[{"href":"https:\/\/olemosaic.com\/fr\/wp-json\/wp\/v2\/media?parent=28252"}],"wp:term":[{"taxonomy":"product_brand","embeddable":true,"href":"https:\/\/olemosaic.com\/fr\/wp-json\/wp\/v2\/product_brand?post=28252"},{"taxonomy":"product_cat","embeddable":true,"href":"https:\/\/olemosaic.com\/fr\/wp-json\/wp\/v2\/product_cat?post=28252"},{"taxonomy":"product_tag","embeddable":true,"href":"https:\/\/olemosaic.com\/fr\/wp-json\/wp\/v2\/product_tag?post=28252"}],"curies":[{"name":"wp","href":"https:\/\/api.w.org\/{rel}","templated":true}]}}